{"id":4883,"date":"2023-01-24T16:10:48","date_gmt":"2023-01-24T19:10:48","guid":{"rendered":"https:\/\/www.unisantos.br\/pos\/?page_id=4883"},"modified":"2025-12-15T16:14:14","modified_gmt":"2025-12-15T19:14:14","slug":"direito-digital","status":"publish","type":"page","link":"https:\/\/www.unisantos.br\/pos\/lato-sensu\/direito-digital\/","title":{"rendered":"Direito Digital"},"content":{"rendered":"<p><strong>PROFESSOR RESPONS\u00c1VEL<\/strong><br \/>\nProf. Dr. Daniel Freire e Almeida<\/p>\n<p><strong>CARGA HOR\u00c1RIA<\/strong><br \/>\n360 horas<\/p>\n<p><strong>IN\u00cdCIO<\/strong><br \/>\nMar\u00e7o\/2025<\/p>\n<p><strong>DIAS\/HOR\u00c1RIO<\/strong><br \/>\nSegundas, ter\u00e7as e quartas-feiras, das 18h45 \u00e1s 22h45<\/p>\n<p><strong>MODALIDADE<br \/>\n<\/strong>EAD Live, organizada em encontros digitais ao vivo com suporte de Ambiente Virtual de Aprendizagem<\/p>\n<p><strong>P\u00daBLICO-ALVO<br \/>\n<\/strong>Profissionais com forma\u00e7\u00e3o em Direito.<\/p>\n<p><strong>OBJETIVO<\/strong><br \/>\nDesenvolver compet\u00eancias e habilidades que maximizem o conhecimento e possibilitem formar profissionais para pr\u00e1ticas avan\u00e7adas do regime jur\u00eddico nacional e internacional do Direito Digital.<\/p>\n<p><strong>INVESTIMENTO<\/strong><br \/>\n16 parcelas de R$ 500<\/p>\n<p><strong>CONTE\u00daDO<\/strong><br \/>\n\u2022 O Direito na Internet e o Ambiente Digital Global<br \/>\n\u2022 O Marco Civil da Internet e o Panorama da Legisla\u00e7\u00e3o brasileira em Direito Digital<br \/>\n\u2022 A Lei Geral de Prote\u00e7\u00e3o de Dados Pessoais (LGPD) e o Panorama Internacional de Prote\u00e7\u00e3o de Dados<br \/>\n\u2022 Cybercrimes e Per\u00edcia Forense<br \/>\n\u2022 Semin\u00e1rios Nacionais e Internacionais<br \/>\n\u2022 T\u00f3picos Especiais do Direito Digital: e-commerce, startups digitais, apps, fintechs, blockchain, intelig\u00eancia artifical, metaverso, criptomoedas e direitos do consumidor online, aspectos internacionais<br \/>\n\u2022 Seguran\u00e7a Digital e Cybersecurity<br \/>\n\u2022 Processo Eletr\u00f4nico, Resolu\u00e7\u00e3o de Disputas Digitais, Direito Jurisprudencial na Internet e um Tribunal Internacional para a Internet<\/p>\n<p><strong>DIFERENCIAIS<\/strong><br \/>\n\u2022 Curso intensivo e compreensivo, abordando diferentes tem\u00e1ticas de Direito Digital, em perspectiva atualizada, moderna, nacional, internacional e pr\u00e1tica.<br \/>\n\u2022 Corpo docente especializado com avan\u00e7ados conhecimentos acad\u00eamicos e profissionais em Direito Digital, com carreira internacional e nacional.<br \/>\n\u2022 Atividades extracurriculares abertas aos estudantes, com perspectiva de visitas t\u00e9cnicas a \u00f3rg\u00e3os e institui\u00e7\u00f5es nacionais e internacionais.<br \/>\n\u2022 Participa\u00e7\u00e3o nos grupos de pesquisa da UNISANTOS de Direito Digital e Direito Internacional.<br \/>\n\u2022 Utiliza\u00e7\u00e3o de metodologias ativas e interativas com an\u00e1lises de casos reais de Direito Digital.<\/p>\n<p><strong>OBSERVA\u00c7\u00d5ES<\/strong><br \/>\nA Universidade se reserva o direito de alterar o cronograma e o corpo docente.<br \/>\nDocumenta\u00e7\u00e3o necess\u00e1ria: c\u00f3pias do RG, CPF, certid\u00e3o de nascimento ou casamento e Diploma da Gradua\u00e7\u00e3o ou Certificado de Cola\u00e7\u00e3o de Grau.<br \/>\nA inscri\u00e7\u00e3o presencial s\u00f3 poder\u00e1 ser efetuada pelo interessado no curso, ou por pessoa munida de procura\u00e7\u00e3o autenticada em cart\u00f3rio.<br \/>\nA efetiva\u00e7\u00e3o da matr\u00edcula est\u00e1 condicionada ao pagamento do boleto da 1\u00aa. parcela e entrega da documenta\u00e7\u00e3o exigida.<\/p>\n<p><strong>OUTRAS INFORMA\u00c7\u00d5ES<\/strong><br \/>\nE-mail: atendimentovirtual@unisantos.br<\/p>\n","protected":false},"excerpt":{"rendered":"<p>PROFESSOR RESPONS\u00c1VEL Prof. Dr. Daniel Freire e Almeida CARGA HOR\u00c1RIA 360 horas IN\u00cdCIO Mar\u00e7o\/2025 DIAS\/HOR\u00c1RIO Segundas, ter\u00e7as e quartas-feiras, das [&hellip;]<\/p>\n","protected":false},"author":1,"featured_media":0,"parent":210,"menu_order":0,"comment_status":"closed","ping_status":"closed","template":"","meta":{"footnotes":""},"_links":{"self":[{"href":"https:\/\/www.unisantos.br\/pos\/wp-json\/wp\/v2\/pages\/4883"}],"collection":[{"href":"https:\/\/www.unisantos.br\/pos\/wp-json\/wp\/v2\/pages"}],"about":[{"href":"https:\/\/www.unisantos.br\/pos\/wp-json\/wp\/v2\/types\/page"}],"author":[{"embeddable":true,"href":"https:\/\/www.unisantos.br\/pos\/wp-json\/wp\/v2\/users\/1"}],"replies":[{"embeddable":true,"href":"https:\/\/www.unisantos.br\/pos\/wp-json\/wp\/v2\/comments?post=4883"}],"version-history":[{"count":31,"href":"https:\/\/www.unisantos.br\/pos\/wp-json\/wp\/v2\/pages\/4883\/revisions"}],"predecessor-version":[{"id":7107,"href":"https:\/\/www.unisantos.br\/pos\/wp-json\/wp\/v2\/pages\/4883\/revisions\/7107"}],"up":[{"embeddable":true,"href":"https:\/\/www.unisantos.br\/pos\/wp-json\/wp\/v2\/pages\/210"}],"wp:attachment":[{"href":"https:\/\/www.unisantos.br\/pos\/wp-json\/wp\/v2\/media?parent=4883"}],"curies":[{"name":"wp","href":"https:\/\/api.w.org\/{rel}","templated":true}]}}