{"id":488,"date":"2018-10-11T17:11:47","date_gmt":"2018-10-11T20:11:47","guid":{"rendered":"https:\/\/www.unisantos.br\/pos\/?page_id=488"},"modified":"2023-08-14T13:48:42","modified_gmt":"2023-08-14T16:48:42","slug":"tecnica-e-sabor-segredos-na-preparacao-do-verdadeiro-risoto","status":"publish","type":"page","link":"https:\/\/www.unisantos.br\/pos\/qualificacao\/tecnica-e-sabor-segredos-na-preparacao-do-verdadeiro-risoto\/","title":{"rendered":"T\u00e9cnica e Sabor: Segredos na Prepara\u00e7\u00e3o do Verdadeiro Risoto"},"content":{"rendered":"<p><strong>PROFESSOR RESPONS\u00c1VEL<\/strong><br \/>\nChef Daniel Stucchi<\/p>\n<p><strong>CARGA HOR\u00c1RIA<\/strong><br \/>\n5\u00a0h\/a<\/p>\n<p><strong>LOCAL<\/strong><br \/>\nCampus Dom Id\u00edlio Jos\u00e9 Soares<\/p>\n<p><strong>OBJETIVO<br \/>\n<\/strong>Apresentar aos interessados a origem, a evolu\u00e7\u00e3o e as t\u00e9cnicas de preparo do verdadeiro Risoto. Orientar os interessados quanto ao preparo do Risoto em diferentes varia\u00e7\u00f5es.<\/p>\n<p><strong>P\u00daBLICO-ALVO<\/strong><br \/>\nP\u00fablico em geral, que queiram enriquecer seus conhecimentos culin\u00e1rios com t\u00e9cnica e sabor.<\/p>\n<p><strong>CONTE\u00daDO<\/strong><br \/>\nTeoria e Pr\u00e1tica do Risoto B\u00e1sico e suas varia\u00e7\u00f5es e Degusta\u00e7\u00e3o.<\/p>\n<p><strong>OBSERVA\u00c7\u00d5ES<\/strong><br \/>\nA Universidade se reserva o direito de alterar o cronograma e o corpo docente.<br \/>\nDocumenta\u00e7\u00e3o necess\u00e1ria para quem n\u00e3o \u00e9 aluno da Cat\u00f3lica de Santos: c\u00f3pias do RG, CPF, certid\u00e3o de nascimento ou casamento.<br \/>\nA inscri\u00e7\u00e3o presencial s\u00f3 poder\u00e1 ser efetuada pelo interessado no curso, ou por pessoa munida de procura\u00e7\u00e3o autenticada em cart\u00f3rio.<br \/>\nA efetiva\u00e7\u00e3o da matr\u00edcula est\u00e1 condicionada ao pagamento do boleto da 1\u00aa. parcela e entrega da documenta\u00e7\u00e3o exigida.<\/p>\n<p><strong>OUTRAS INFORMA\u00c7\u00d5ES<\/strong><br \/>\nDepartamento de Atendimento Integrado<br \/>\nTelefones: (13) 3205-5555<br \/>\nE-mail: dat@unisantos.br<\/p>\n","protected":false},"excerpt":{"rendered":"<p>PROFESSOR RESPONS\u00c1VEL Chef Daniel Stucchi CARGA HOR\u00c1RIA 5\u00a0h\/a LOCAL Campus Dom Id\u00edlio Jos\u00e9 Soares OBJETIVO Apresentar aos interessados a origem, [&hellip;]<\/p>\n","protected":false},"author":1,"featured_media":674,"parent":399,"menu_order":0,"comment_status":"closed","ping_status":"closed","template":"","meta":{"footnotes":""},"_links":{"self":[{"href":"https:\/\/www.unisantos.br\/pos\/wp-json\/wp\/v2\/pages\/488"}],"collection":[{"href":"https:\/\/www.unisantos.br\/pos\/wp-json\/wp\/v2\/pages"}],"about":[{"href":"https:\/\/www.unisantos.br\/pos\/wp-json\/wp\/v2\/types\/page"}],"author":[{"embeddable":true,"href":"https:\/\/www.unisantos.br\/pos\/wp-json\/wp\/v2\/users\/1"}],"replies":[{"embeddable":true,"href":"https:\/\/www.unisantos.br\/pos\/wp-json\/wp\/v2\/comments?post=488"}],"version-history":[{"count":3,"href":"https:\/\/www.unisantos.br\/pos\/wp-json\/wp\/v2\/pages\/488\/revisions"}],"predecessor-version":[{"id":5490,"href":"https:\/\/www.unisantos.br\/pos\/wp-json\/wp\/v2\/pages\/488\/revisions\/5490"}],"up":[{"embeddable":true,"href":"https:\/\/www.unisantos.br\/pos\/wp-json\/wp\/v2\/pages\/399"}],"wp:featuredmedia":[{"embeddable":true,"href":"https:\/\/www.unisantos.br\/pos\/wp-json\/wp\/v2\/media\/674"}],"wp:attachment":[{"href":"https:\/\/www.unisantos.br\/pos\/wp-json\/wp\/v2\/media?parent=488"}],"curies":[{"name":"wp","href":"https:\/\/api.w.org\/{rel}","templated":true}]}}