{"id":4865,"date":"2023-01-24T14:41:42","date_gmt":"2023-01-24T17:41:42","guid":{"rendered":"https:\/\/www.unisantos.br\/pos\/?page_id=4865"},"modified":"2025-03-07T16:51:47","modified_gmt":"2025-03-07T19:51:47","slug":"cultura-digital-educacao-midiatica-e-educomunicacao","status":"publish","type":"page","link":"https:\/\/www.unisantos.br\/pos\/lato-sensu\/cultura-digital-educacao-midiatica-e-educomunicacao\/","title":{"rendered":"Cultura Digital, Educa\u00e7\u00e3o Midi\u00e1tica e Educomunica\u00e7\u00e3o"},"content":{"rendered":"<p><strong>PROFESSORA RESPONS\u00c1VEL<br \/>\n<\/strong>Prof\u00aa. Me. Lilian Matheus Marques<\/p>\n<p><strong>CARGA HOR\u00c1RIA<br \/>\n<\/strong>370 horas<strong>\u00a0<\/strong><\/p>\n<p><strong>IN\u00cdCIO<\/strong><br \/>\nMar\u00e7o\/2025<\/p>\n<p><strong>MODALIDADE<br \/>\n<\/strong>EAD plena.<br \/>\nCurso totalmente a dist\u00e2ncia, com 100% dos conte\u00fados, das atividades, dos roteiros e das avalia\u00e7\u00f5es dispon\u00edveis em Ambiente Virtual de Aprendizagem.<\/p>\n<p><strong>P\u00daBLICO-ALVO<br \/>\n<\/strong>Professores de Educa\u00e7\u00e3o Infantil; Ensino Fundamental I e II; Ensino M\u00e9dio; e Educa\u00e7\u00e3o de Jovens e Adultos da Educa\u00e7\u00e3o B\u00e1sica, em exerc\u00edcio na rede p\u00fablica de ensino.<\/p>\n<p><strong>OBJETIVO<br \/>\n<\/strong>Qualificar profissionais para uso cr\u00edtico do audiovisual no ecossistema das m\u00eddias digitais e novas tecnologias, proporcionando alfabetiza\u00e7\u00e3o midi\u00e1tica, de maneira que possam instruir seus alunos para o conhecimento de t\u00e9cnicas de produ\u00e7\u00e3o jornal\u00edstica e, especificamente, da linguagem audiovisual, visando \u00e0 compreens\u00e3o e interpreta\u00e7\u00e3o cr\u00edtica das fun\u00e7\u00f5es da m\u00eddia.<\/p>\n<p><strong>INVESTIMENTO<\/strong><br \/>\n16 parcelas de R$ 199<\/p>\n<p><strong>CONTE\u00daDO<br \/>\n<\/strong>\u2022\u00a0Cibercultura<br \/>\n\u2022 Comunica\u00e7\u00e3o Digital e o Campo Jornal\u00edstico-Midi\u00e1tico<br \/>\n\u2022 Opini\u00e3o P\u00fablica<br \/>\n\u2022 A BNCC e a Cultura Digital<br \/>\n\u2022 Tecnologias da Informa\u00e7\u00e3o da Educa\u00e7\u00e3o<br \/>\n\u2022 An\u00e1lise Cr\u00edtica da M\u00eddia<br \/>\n\u2022 Educomunica\u00e7\u00e3o<br \/>\n\u2022 G\u00eanero acad\u00eamico: artigo cient\u00edfico<br \/>\n\u2022 \u00c9tica e Legisla\u00e7\u00e3o na Comunica\u00e7\u00e3o<br \/>\n\u2022 Produ\u00e7\u00e3o de Conte\u00fados Midi\u00e1ticos para a Educa\u00e7\u00e3o<br \/>\n\u2022 Fact-checking e Fake News<br \/>\n\u2022 M\u00eddias Sociais e os Influenciadores Digitais<br \/>\n\u2022 Trabalho de curso: artigo cient\u00edfico<strong>\u00a0<\/strong><\/p>\n<p><strong>DIFERENCIAIS<\/strong><br \/>\n\u2022 Corpo docente altamente especializado.<br \/>\n\u2022 Material did\u00e1tico elaborado por profissionais do mercado, mestres e doutores, com larga experi\u00eancia.<br \/>\n\u2022 \u00danico curso da regi\u00e3o focado na BNCC da Educa\u00e7\u00e3o B\u00e1sica e que aborda a Educomunica\u00e7\u00e3o.<br \/>\n\u2022 Polo de apoio presencial com estrutura \u00fanica na regi\u00e3o.<br \/>\n\u2022 Biblioteca f\u00edsica e digital com amplo espa\u00e7o para estudos.<\/p>\n<p><strong>OBSERVA\u00c7\u00d5ES<\/strong><br \/>\nA Universidade se reserva o direito de alterar o cronograma e o corpo docente.<br \/>\nDocumenta\u00e7\u00e3o necess\u00e1ria: c\u00f3pias do RG, CPF, certid\u00e3o de nascimento ou casamento e Diploma da Gradua\u00e7\u00e3o ou Certificado de Cola\u00e7\u00e3o de Grau.<br \/>\nA inscri\u00e7\u00e3o presencial s\u00f3 poder\u00e1 ser efetuada pelo interessado no curso, ou por pessoa munida de procura\u00e7\u00e3o autenticada em cart\u00f3rio.<br \/>\nA efetiva\u00e7\u00e3o da matr\u00edcula est\u00e1 condicionada ao pagamento do boleto da 1\u00aa. parcela e entrega da documenta\u00e7\u00e3o exigida.<\/p>\n<p><strong>OUTRAS INFORMA\u00c7\u00d5ES<\/strong><br \/>\nE-mail: atendimentovirtual@unisantos.br<\/p>\n","protected":false},"excerpt":{"rendered":"<p>PROFESSORA RESPONS\u00c1VEL Prof\u00aa. Me. Lilian Matheus Marques CARGA HOR\u00c1RIA 370 horas\u00a0 IN\u00cdCIO Mar\u00e7o\/2025 MODALIDADE EAD plena. Curso totalmente a dist\u00e2ncia, [&hellip;]<\/p>\n","protected":false},"author":1,"featured_media":0,"parent":210,"menu_order":0,"comment_status":"closed","ping_status":"closed","template":"","meta":{"footnotes":""},"_links":{"self":[{"href":"https:\/\/www.unisantos.br\/pos\/wp-json\/wp\/v2\/pages\/4865"}],"collection":[{"href":"https:\/\/www.unisantos.br\/pos\/wp-json\/wp\/v2\/pages"}],"about":[{"href":"https:\/\/www.unisantos.br\/pos\/wp-json\/wp\/v2\/types\/page"}],"author":[{"embeddable":true,"href":"https:\/\/www.unisantos.br\/pos\/wp-json\/wp\/v2\/users\/1"}],"replies":[{"embeddable":true,"href":"https:\/\/www.unisantos.br\/pos\/wp-json\/wp\/v2\/comments?post=4865"}],"version-history":[{"count":19,"href":"https:\/\/www.unisantos.br\/pos\/wp-json\/wp\/v2\/pages\/4865\/revisions"}],"predecessor-version":[{"id":6741,"href":"https:\/\/www.unisantos.br\/pos\/wp-json\/wp\/v2\/pages\/4865\/revisions\/6741"}],"up":[{"embeddable":true,"href":"https:\/\/www.unisantos.br\/pos\/wp-json\/wp\/v2\/pages\/210"}],"wp:attachment":[{"href":"https:\/\/www.unisantos.br\/pos\/wp-json\/wp\/v2\/media?parent=4865"}],"curies":[{"name":"wp","href":"https:\/\/api.w.org\/{rel}","templated":true}]}}