{"id":484,"date":"2018-10-11T17:11:00","date_gmt":"2018-10-11T20:11:00","guid":{"rendered":"https:\/\/www.unisantos.br\/pos\/?page_id=484"},"modified":"2023-08-14T14:11:45","modified_gmt":"2023-08-14T17:11:45","slug":"psicanalise-e-psicoterapia-psicanalitica","status":"publish","type":"page","link":"https:\/\/www.unisantos.br\/pos\/qualificacao\/psicanalise-e-psicoterapia-psicanalitica\/","title":{"rendered":"Psican\u00e1lise e Psicoterapia Psicanal\u00edtica"},"content":{"rendered":"<p><strong>PROFESSOR RESPONS\u00c1VEL<\/strong><br \/>\nProf. Dr. Helio Alves<\/p>\n<p><strong>CARGA HOR\u00c1RIA<\/strong><br \/>\n72 h\/a<\/p>\n<p><strong>LOCAL<\/strong><br \/>\nCampus Dom Id\u00edlio Jos\u00e9 Soares<\/p>\n<p><strong>OBJETIVOS<\/strong><br \/>\nApresentar os fundamentos te\u00f3rico e pr\u00e1tico da psican\u00e1lise e sua aplica\u00e7\u00e3o cl\u00ednica e social.<br \/>\nAnalisar de forma cr\u00edtica e reflexiva os textos te\u00f3ricos e t\u00e9cnicos da psican\u00e1lise escritos por Sigmund Freud, Melanie Klein e Jacques Lacan.<br \/>\nDesenvolver esp\u00edrito cr\u00edtico aplicado os conceitos cl\u00e1ssicos e contempor\u00e2neos da de cada corrente anal\u00edtica aprendendo com a diversidade de ferramentas de leitura.<br \/>\nAnalisar e interpretar a teoria psicanal\u00edtica \u00e0 luz de sua aplica\u00e7\u00e3o pr\u00e1tica na contemporaneidade<\/p>\n<p><strong>P\u00daBLICO-ALVO<\/strong><br \/>\nPsic\u00f3logos, m\u00e9dicos e estudantes cursando o \u00faltimo ano dos cursos de Psicologia e Medicina.<\/p>\n<p><strong>CONTE\u00daDO<\/strong><br \/>\nApresenta\u00e7\u00e3o do curso e v\u00eddeo <em>O Jovem Dr. Freud<\/em><br \/>\nPsicoterapia e Psican\u00e1lise: semelhan\u00e7as e diferen\u00e7as<br \/>\nTrauma e desamparo \u2013 Puls\u00f5es \u2013 Histeria<br \/>\nNeurose, Psicose e depress\u00e3o<br \/>\nA interpreta\u00e7\u00e3o dos sonhos<br \/>\nTransfer\u00eancia, contratransfer\u00eancia \u2013 Rea\u00e7\u00e3o Terap\u00eautica Negativa &#8211; Interpreta\u00e7\u00e3o<br \/>\nAs forma\u00e7\u00f5es do inconsciente 1<br \/>\nIntrodu\u00e7\u00e3o \u00e0s contribui\u00e7\u00f5es da teoria psicanal\u00edtica de Melanie Klein 1<br \/>\nAs forma\u00e7\u00f5es do inconsciente 2<br \/>\nIntrodu\u00e7\u00e3o \u00e0s contribui\u00e7\u00f5es da teoria psicanal\u00edtica de Melanie Klein 2<br \/>\nA ang\u00fastia 1<br \/>\nA t\u00e9cnica para atendimento de crian\u00e7as 1<br \/>\nA ang\u00fastia 2<br \/>\nA t\u00e9cnica psicanal\u00edtica para atendimento de crian\u00e7as 2<br \/>\nO sinthoma 1<br \/>\nConceitos fundamentais da teoria Kleiniana sobre o psiquismo infantil 1<br \/>\nO sinthoma 2<br \/>\nConceitos fundamentais da teoria Kleiniana sobre o psiquismo infantil 2<br \/>\nOs quatro conceitos fundamentais da psican\u00e1lise 1<br \/>\nA teoria das posi\u00e7\u00f5es: posi\u00e7\u00e3o esquizo-paranoide 1<br \/>\nOs quatro conceitos fundamentais da psican\u00e1lise 2<br \/>\nA teoria das posi\u00e7\u00f5es: posi\u00e7\u00e3o esquizo-paranoide 2<br \/>\nO est\u00e1dio do espelho como formador da fun\u00e7\u00e3o como nos \u00e9 revelada na experi\u00eancia. 1<br \/>\nA teoria das posi\u00e7\u00f5es: posi\u00e7\u00e3o depressiva 1<br \/>\nO est\u00e1dio do espelho como formador da fun\u00e7\u00e3o como nos \u00e9 revelada na experi\u00eancia. 2<br \/>\nA teoria das posi\u00e7\u00f5es: posi\u00e7\u00e3o depressiva 2<br \/>\nA \u00e9tica na psican\u00e1lise 1<br \/>\nA teoria da inveja e suas implica\u00e7\u00f5es na teoria psicanal\u00edtica 1<\/p>\n<p><strong>OBSERVA\u00c7\u00d5ES<\/strong><br \/>\nA Universidade se reserva o direito de alterar o cronograma e o corpo docente.<br \/>\nDocumenta\u00e7\u00e3o necess\u00e1ria para quem n\u00e3o \u00e9 aluno da Cat\u00f3lica de Santos: c\u00f3pias do RG, CPF, certid\u00e3o de nascimento ou casamento.<br \/>\nA inscri\u00e7\u00e3o presencial s\u00f3 poder\u00e1 ser efetuada pelo interessado no curso, ou por pessoa munida de procura\u00e7\u00e3o autenticada em cart\u00f3rio.<br \/>\nA efetiva\u00e7\u00e3o da matr\u00edcula est\u00e1 condicionada ao pagamento do boleto da 1\u00aa. parcela e entrega da documenta\u00e7\u00e3o exigida.<\/p>\n<p><strong>OUTRAS INFORMA\u00c7\u00d5ES<\/strong><br \/>\n<strong>Departamento de Atendimento Integrado<\/strong><br \/>\nTelefones: (13) 3205-5555<br \/>\nE-mail: dat@unisantos.br<\/p>\n","protected":false},"excerpt":{"rendered":"<p>PROFESSOR RESPONS\u00c1VEL Prof. Dr. Helio Alves CARGA HOR\u00c1RIA 72 h\/a LOCAL Campus Dom Id\u00edlio Jos\u00e9 Soares OBJETIVOS Apresentar os fundamentos [&hellip;]<\/p>\n","protected":false},"author":1,"featured_media":170,"parent":399,"menu_order":0,"comment_status":"closed","ping_status":"closed","template":"","meta":{"footnotes":""},"_links":{"self":[{"href":"https:\/\/www.unisantos.br\/pos\/wp-json\/wp\/v2\/pages\/484"}],"collection":[{"href":"https:\/\/www.unisantos.br\/pos\/wp-json\/wp\/v2\/pages"}],"about":[{"href":"https:\/\/www.unisantos.br\/pos\/wp-json\/wp\/v2\/types\/page"}],"author":[{"embeddable":true,"href":"https:\/\/www.unisantos.br\/pos\/wp-json\/wp\/v2\/users\/1"}],"replies":[{"embeddable":true,"href":"https:\/\/www.unisantos.br\/pos\/wp-json\/wp\/v2\/comments?post=484"}],"version-history":[{"count":12,"href":"https:\/\/www.unisantos.br\/pos\/wp-json\/wp\/v2\/pages\/484\/revisions"}],"predecessor-version":[{"id":5531,"href":"https:\/\/www.unisantos.br\/pos\/wp-json\/wp\/v2\/pages\/484\/revisions\/5531"}],"up":[{"embeddable":true,"href":"https:\/\/www.unisantos.br\/pos\/wp-json\/wp\/v2\/pages\/399"}],"wp:featuredmedia":[{"embeddable":true,"href":"https:\/\/www.unisantos.br\/pos\/wp-json\/wp\/v2\/media\/170"}],"wp:attachment":[{"href":"https:\/\/www.unisantos.br\/pos\/wp-json\/wp\/v2\/media?parent=484"}],"curies":[{"name":"wp","href":"https:\/\/api.w.org\/{rel}","templated":true}]}}