{"id":482,"date":"2018-10-11T17:10:31","date_gmt":"2018-10-11T20:10:31","guid":{"rendered":"https:\/\/www.unisantos.br\/pos\/?page_id=482"},"modified":"2023-08-14T14:05:41","modified_gmt":"2023-08-14T17:05:41","slug":"processos-fisico-quimicos-aplicados-ao-tratamento-de-aguas-e-efluentes","status":"publish","type":"page","link":"https:\/\/www.unisantos.br\/pos\/qualificacao\/processos-fisico-quimicos-aplicados-ao-tratamento-de-aguas-e-efluentes\/","title":{"rendered":"Processos F\u00edsico-Qu\u00edmicos Aplicados ao Tratamento de \u00c1guas e Efluentes"},"content":{"rendered":"<p><strong>PROFESSOR RESPONS\u00c1VEL<\/strong><br \/>\nProf. Dr. F\u00e1bio Campos<\/p>\n<p><strong>CARGA HOR\u00c1RIA<\/strong><br \/>\n10\u00a0h\/a<\/p>\n<p><strong>LOCAL<\/strong><br \/>\nCampus Dom Id\u00edlio Jos\u00e9 Soares<\/p>\n<p><strong>OBJETIVO<br \/>\n<\/strong>Apresentar conceitos te\u00f3ricos e aplica\u00e7\u00f5es pr\u00e1ticas dos principais processos f\u00edsico-qu\u00edmicos utilizados no tratamento de \u00e1gua de abastecimento e efluentes industriais.<\/p>\n<p><strong>P\u00daBLICO-ALVO<\/strong><br \/>\nEngenheiros, qu\u00edmicos, bi\u00f3logos e demais profissionais envolvidos nas quest\u00f5es ambientais.<\/p>\n<p><strong>CONTE\u00daDO<br \/>\n<\/strong>Conceitos b\u00e1sicos de Processos de Tratamento F\u00edsico-Qu\u00edmicos;<br \/>\nAplicabilidade;<br \/>\nEsta\u00e7\u00f5es de Tratamento de \u00c1gua (ETA);<br \/>\nLegisla\u00e7\u00e3o;<br \/>\nVari\u00e1veis de Controle;<br \/>\nProcessos de Coagula\u00e7\u00e3o e Flocula\u00e7\u00e3o;<br \/>\nFiltra\u00e7\u00e3o e Sedimenta\u00e7\u00e3o;<br \/>\nDesinfec\u00e7\u00e3o e Fluoreta\u00e7\u00e3o;<br \/>\nProcessos de Adsor\u00e7\u00e3o;<br \/>\nProcessos de Arraste com Ar;<br \/>\nProcessos de Oxida\u00e7\u00e3o \u2013 Processos Oxidativos Avan\u00e7ados (POA);<br \/>\nProcessos de Membrana;<br \/>\nEnsaios de Tratabilidade.<\/p>\n<p><strong>OBSERVA\u00c7\u00d5ES<\/strong><br \/>\nA Universidade se reserva o direito de alterar o cronograma e o corpo docente.<br \/>\nDocumenta\u00e7\u00e3o necess\u00e1ria para quem n\u00e3o \u00e9 aluno da Cat\u00f3lica de Santos:\u00a0c\u00f3pias do RG, CPF, certid\u00e3o de nascimento ou casamento.<br \/>\nA inscri\u00e7\u00e3o presencial s\u00f3 poder\u00e1 ser efetuada pelo interessado no curso, ou por pessoa munida de procura\u00e7\u00e3o autenticada em cart\u00f3rio.<br \/>\nA efetiva\u00e7\u00e3o da matr\u00edcula est\u00e1 condicionada ao pagamento do boleto da 1\u00aa. parcela e entrega da documenta\u00e7\u00e3o exigida.<\/p>\n<p><strong>OUTRAS INFORMA\u00c7\u00d5ES<\/strong><br \/>\nDepartamento de Atendimento Integrado<br \/>\nTelefones: (13) 3205-5555<br \/>\nE-mail: dat@unisantos.br<\/p>\n","protected":false},"excerpt":{"rendered":"<p>PROFESSOR RESPONS\u00c1VEL Prof. Dr. F\u00e1bio Campos CARGA HOR\u00c1RIA 10\u00a0h\/a LOCAL Campus Dom Id\u00edlio Jos\u00e9 Soares OBJETIVO Apresentar conceitos te\u00f3ricos e [&hellip;]<\/p>\n","protected":false},"author":1,"featured_media":675,"parent":399,"menu_order":0,"comment_status":"closed","ping_status":"closed","template":"","meta":{"footnotes":""},"_links":{"self":[{"href":"https:\/\/www.unisantos.br\/pos\/wp-json\/wp\/v2\/pages\/482"}],"collection":[{"href":"https:\/\/www.unisantos.br\/pos\/wp-json\/wp\/v2\/pages"}],"about":[{"href":"https:\/\/www.unisantos.br\/pos\/wp-json\/wp\/v2\/types\/page"}],"author":[{"embeddable":true,"href":"https:\/\/www.unisantos.br\/pos\/wp-json\/wp\/v2\/users\/1"}],"replies":[{"embeddable":true,"href":"https:\/\/www.unisantos.br\/pos\/wp-json\/wp\/v2\/comments?post=482"}],"version-history":[{"count":2,"href":"https:\/\/www.unisantos.br\/pos\/wp-json\/wp\/v2\/pages\/482\/revisions"}],"predecessor-version":[{"id":5508,"href":"https:\/\/www.unisantos.br\/pos\/wp-json\/wp\/v2\/pages\/482\/revisions\/5508"}],"up":[{"embeddable":true,"href":"https:\/\/www.unisantos.br\/pos\/wp-json\/wp\/v2\/pages\/399"}],"wp:featuredmedia":[{"embeddable":true,"href":"https:\/\/www.unisantos.br\/pos\/wp-json\/wp\/v2\/media\/675"}],"wp:attachment":[{"href":"https:\/\/www.unisantos.br\/pos\/wp-json\/wp\/v2\/media?parent=482"}],"curies":[{"name":"wp","href":"https:\/\/api.w.org\/{rel}","templated":true}]}}