{"id":478,"date":"2018-10-11T17:08:56","date_gmt":"2018-10-11T20:08:56","guid":{"rendered":"https:\/\/www.unisantos.br\/pos\/?page_id=478"},"modified":"2022-02-12T10:56:14","modified_gmt":"2022-02-12T13:56:14","slug":"nanquim-principios-basicos","status":"publish","type":"page","link":"https:\/\/www.unisantos.br\/pos\/qualificacao\/nanquim-principios-basicos\/","title":{"rendered":"Nanquim \u2013 Princ\u00edpios B\u00e1sicos"},"content":{"rendered":"<p><strong>PROFESSOR RESPONS\u00c1VEL<br \/>\n<\/strong>Prof. Me. Osvaldo da Silva Costa<strong>\u00a0<\/strong><\/p>\n<p><strong>CARGA HOR\u00c1RIA<br \/>\n<\/strong>12\u00a0 h\/a<strong>\u00a0<\/strong><strong>\u00a0<\/strong><\/p>\n<p><strong>OBJETIVO<br \/>\n<\/strong>Desenvolver a pr\u00e1tica e o uso da tinta nanquim na pena, pincel, aguada e caneta descart\u00e1vel para a realiza\u00e7\u00e3o de um projeto art\u00edstico com refer\u00eancias de artistas.<strong>\u00a0<\/strong><\/p>\n<p><strong>P\u00daBLICO-ALVO<br \/>\n<\/strong>P\u00fablico em geral interessado em artes visuais. Maiores de 16 anos.<\/p>\n<p><strong>CONTE\u00daDO<br \/>\n<\/strong>Fundamenta\u00e7\u00e3o hist\u00f3rica \u2013 exemplos de artistas do passado e da atualidade que utilizam a t\u00e9cnica de da tinta nanquim; t\u00e9cnica do uso da pena, constru\u00e7\u00e3o de tonalidades, representa\u00e7\u00e3o linear.<br \/>\nExerc\u00edcios pr\u00e1ticos: hachuras e constru\u00e7\u00e3o de tons e valores, t\u00e9cnicas com caneta \u2013 pontilhismo.<br \/>\nExerc\u00edcios pr\u00e1ticos: t\u00e9cnicas do uso do pincel; com lavados \u2013 nanquim.<br \/>\nFinalizar tema escolhido: cada aluno escolher\u00e1 um tema para a execu\u00e7\u00e3o de um trabalho art\u00edstico.<\/p>\n<p><strong>OBSERVA\u00c7\u00d5ES<br \/>\n<\/strong>A Universidade se reserva o direito de alterar o cronograma e o corpo docente.<br \/>\nDocumenta\u00e7\u00e3o necess\u00e1ria para quem n\u00e3o \u00e9 aluno da Cat\u00f3lica de Santos: c\u00f3pias do RG, CPF, certid\u00e3o de nascimento ou casamento.<br \/>\nA inscri\u00e7\u00e3o presencial s\u00f3 poder\u00e1 ser efetuada pelo interessado no curso, ou por pessoa munida de procura\u00e7\u00e3o autenticada em cart\u00f3rio.<br \/>\nA efetiva\u00e7\u00e3o da matr\u00edcula est\u00e1 condicionada ao pagamento do boleto da 1\u00aa. parcela e entrega da documenta\u00e7\u00e3o exigida.<\/p>\n<p><strong style=\"line-height: 1.5em;\">Setor de Atendimento<br \/>\n<\/strong><strong>Campus Dom Id\u00edlio Jos\u00e9 Soares<br \/>\n<\/strong><strong>Endere\u00e7o<\/strong>: Av. Conselheiro N\u00e9bias, 300 \u2013 Vila Mathias, Santos<br \/>\n<strong style=\"line-height: 1.5em;\">Telefone<\/strong><span style=\"line-height: 1.5em;\">: 3205-5555 &#8211; ramal 1388<br \/>\n<strong>Hor\u00e1rios<\/strong>: Segunda a sexta, das 9h \u00e0s 21h, e s\u00e1bado, das 9h \u00e0s 16h.<\/span><\/p>\n","protected":false},"excerpt":{"rendered":"<p>PROFESSOR RESPONS\u00c1VEL Prof. Me. Osvaldo da Silva Costa\u00a0 CARGA HOR\u00c1RIA 12\u00a0 h\/a\u00a0\u00a0 OBJETIVO Desenvolver a pr\u00e1tica e o uso da [&hellip;]<\/p>\n","protected":false},"author":1,"featured_media":997,"parent":399,"menu_order":0,"comment_status":"closed","ping_status":"closed","template":"","meta":{"footnotes":""},"_links":{"self":[{"href":"https:\/\/www.unisantos.br\/pos\/wp-json\/wp\/v2\/pages\/478"}],"collection":[{"href":"https:\/\/www.unisantos.br\/pos\/wp-json\/wp\/v2\/pages"}],"about":[{"href":"https:\/\/www.unisantos.br\/pos\/wp-json\/wp\/v2\/types\/page"}],"author":[{"embeddable":true,"href":"https:\/\/www.unisantos.br\/pos\/wp-json\/wp\/v2\/users\/1"}],"replies":[{"embeddable":true,"href":"https:\/\/www.unisantos.br\/pos\/wp-json\/wp\/v2\/comments?post=478"}],"version-history":[{"count":8,"href":"https:\/\/www.unisantos.br\/pos\/wp-json\/wp\/v2\/pages\/478\/revisions"}],"predecessor-version":[{"id":4321,"href":"https:\/\/www.unisantos.br\/pos\/wp-json\/wp\/v2\/pages\/478\/revisions\/4321"}],"up":[{"embeddable":true,"href":"https:\/\/www.unisantos.br\/pos\/wp-json\/wp\/v2\/pages\/399"}],"wp:featuredmedia":[{"embeddable":true,"href":"https:\/\/www.unisantos.br\/pos\/wp-json\/wp\/v2\/media\/997"}],"wp:attachment":[{"href":"https:\/\/www.unisantos.br\/pos\/wp-json\/wp\/v2\/media?parent=478"}],"curies":[{"name":"wp","href":"https:\/\/api.w.org\/{rel}","templated":true}]}}