{"id":474,"date":"2018-10-11T16:55:57","date_gmt":"2018-10-11T19:55:57","guid":{"rendered":"https:\/\/www.unisantos.br\/pos\/?page_id=474"},"modified":"2023-08-14T14:15:24","modified_gmt":"2023-08-14T17:15:24","slug":"microsoft-excel-dicas-profissionais","status":"publish","type":"page","link":"https:\/\/www.unisantos.br\/pos\/qualificacao\/microsoft-excel-dicas-profissionais\/","title":{"rendered":"Microsoft Excel \u2013 Dicas Profissionais"},"content":{"rendered":"<p><strong>PROFESSOR RESPONS\u00c1VEL<br \/>\n<\/strong>Prof. Me. Jo\u00e3o Alfredo Carvalho Rodrigues Gon\u00e7alves<\/p>\n<p><strong>CARGA HOR\u00c1RIA<br \/>\n<\/strong>24 h\/a<\/p>\n<p><strong>LOCAL<br \/>\n<\/strong>Campus Dom Id\u00edlio Jos\u00e9 Soares<strong><br \/>\n<\/strong><\/p>\n<p><strong>OBJETIVO<br \/>\n<\/strong>Capacitar os colaboradores da Cat\u00f3lica de Santos a utilizar o Microsoft Excel\u00ae em suas atividades cotidianas, incluindo os recursos intermedi\u00e1rio, financeiro, formul\u00e1rio, dados e demais fun\u00e7\u00f5es relacionadas.<\/p>\n<p><strong>P\u00daBLICO-ALVO<br \/>\n<\/strong>Colaboradores da Universidade Cat\u00f3lica de Santos.<\/p>\n<p><strong>CONTE\u00daDO<br \/>\n<\/strong>Apresenta\u00e7\u00e3o do Microsoft Excel \u00ae<br \/>\nAcesso, requisitos e defini\u00e7\u00f5es<br \/>\nAbrir, salvar e incluir arquivos e pastas<br \/>\nInser\u00e7\u00e3o de dados e Formata\u00e7\u00e3o de C\u00e9lulas<br \/>\nInser\u00e7\u00e3o das f\u00f3rmulas b\u00e1sicas: Soma, M\u00e9dia, Contar N\u00fameros, M\u00e1ximo e M\u00ednimo; Formata\u00e7\u00e3o de Planilhas e da \u00e1rea de impress\u00e3o<br \/>\nApresenta\u00e7\u00e3o de algumas f\u00f3rmulas por classe:<br \/>\nData e Hora;<br \/>\nEstat\u00edstica;<br \/>\nFinanceira;<br \/>\nInforma\u00e7\u00f5es;<br \/>\nL\u00f3gica;<br \/>\nPesquisa e Refer\u00eancia, e Texto<br \/>\nGr\u00e1ficos, Imagens e Hiperlinks<br \/>\nTabela Din\u00e2mica e Relat\u00f3rios de Tabelas Din\u00e2micas<br \/>\nDados e Formul\u00e1rios<br \/>\nCria\u00e7\u00e3o de Macros e Bot\u00f5es com Macros<\/p>\n<p><strong>OBSERVA\u00c7\u00d5ES<br \/>\n<\/strong>As inscri\u00e7\u00f5es est\u00e3o abertas de 19\/09 at\u00e9 24\/09.<br \/>\nN\u00famero m\u00e1ximo de 30 inscritos.<br \/>\nA Universidade se reserva o direito de alterar o cronograma e o corpo docente.<br \/>\nDocumenta\u00e7\u00e3o necess\u00e1ria: c\u00f3pias do RG, CPF, certid\u00e3o de nascimento ou casamento.<br \/>\nA inscri\u00e7\u00e3o presencial s\u00f3 poder\u00e1 ser efetuada pelo interessado no curso, ou por pessoa munida de procura\u00e7\u00e3o autenticada em cart\u00f3rio.<br \/>\nA efetiva\u00e7\u00e3o da matr\u00edcula est\u00e1 condicionada ao pagamento do boleto da 1\u00aa. parcela e entrega da documenta\u00e7\u00e3o exigida.<\/p>\n<p><strong>OUTRAS INFORMA\u00c7\u00d5ES<br \/>\n<\/strong>DAT (Departamento de Atendimento Integrado)<br \/>\nTelefones: (13) 3205-5555 ramal: 1354<br \/>\nE-mail: dat@unisantos.br<\/p>\n","protected":false},"excerpt":{"rendered":"<p>PROFESSOR RESPONS\u00c1VEL Prof. Me. Jo\u00e3o Alfredo Carvalho Rodrigues Gon\u00e7alves CARGA HOR\u00c1RIA 24 h\/a LOCAL Campus Dom Id\u00edlio Jos\u00e9 Soares OBJETIVO [&hellip;]<\/p>\n","protected":false},"author":1,"featured_media":678,"parent":399,"menu_order":0,"comment_status":"closed","ping_status":"closed","template":"","meta":{"footnotes":""},"_links":{"self":[{"href":"https:\/\/www.unisantos.br\/pos\/wp-json\/wp\/v2\/pages\/474"}],"collection":[{"href":"https:\/\/www.unisantos.br\/pos\/wp-json\/wp\/v2\/pages"}],"about":[{"href":"https:\/\/www.unisantos.br\/pos\/wp-json\/wp\/v2\/types\/page"}],"author":[{"embeddable":true,"href":"https:\/\/www.unisantos.br\/pos\/wp-json\/wp\/v2\/users\/1"}],"replies":[{"embeddable":true,"href":"https:\/\/www.unisantos.br\/pos\/wp-json\/wp\/v2\/comments?post=474"}],"version-history":[{"count":4,"href":"https:\/\/www.unisantos.br\/pos\/wp-json\/wp\/v2\/pages\/474\/revisions"}],"predecessor-version":[{"id":5543,"href":"https:\/\/www.unisantos.br\/pos\/wp-json\/wp\/v2\/pages\/474\/revisions\/5543"}],"up":[{"embeddable":true,"href":"https:\/\/www.unisantos.br\/pos\/wp-json\/wp\/v2\/pages\/399"}],"wp:featuredmedia":[{"embeddable":true,"href":"https:\/\/www.unisantos.br\/pos\/wp-json\/wp\/v2\/media\/678"}],"wp:attachment":[{"href":"https:\/\/www.unisantos.br\/pos\/wp-json\/wp\/v2\/media?parent=474"}],"curies":[{"name":"wp","href":"https:\/\/api.w.org\/{rel}","templated":true}]}}