{"id":4731,"date":"2023-01-20T15:25:30","date_gmt":"2023-01-20T18:25:30","guid":{"rendered":"https:\/\/www.unisantos.br\/pos\/?page_id=4731"},"modified":"2025-03-07T17:11:41","modified_gmt":"2025-03-07T20:11:41","slug":"saude","status":"publish","type":"page","link":"https:\/\/www.unisantos.br\/pos\/lato-sensu\/saude\/","title":{"rendered":"Sa\u00fade"},"content":{"rendered":"<p><strong>CURSOS AGUARDANDO ABERTURA DE MATR\u00cdCULAS\u00a0<\/strong><\/p>\n<p><strong>MODALIDADE PRESENCIAL<\/strong><br \/>\n<a href=\"https:\/\/www.unisantos.br\/pos\/lato-sensu\/psicopedagogia-institucional-e-clinica\/\">Psicopedagogia Institucional e Cl\u00ednica<\/a><\/p>\n<p><strong>MODALIDADE H\u00cdBRIDA<br \/>\n<\/strong><a href=\"https:\/\/www.unisantos.br\/pos\/lato-sensu\/neurociencias-e-educacao\/\">Neuroci\u00eancias e Educa\u00e7\u00e3o<\/a><strong><br \/>\n<\/strong><a href=\"https:\/\/www.unisantos.br\/pos\/lato-sensu\/prescricao-farmaceutica-e-farmacia-clinica\/\">Prescri\u00e7\u00e3o Farmac\u00eautica e Farm\u00e1cia Cl\u00ednica<\/a><strong><br \/>\n<\/strong><\/p>\n<p><strong>\u00a0<\/strong><\/p>\n","protected":false},"excerpt":{"rendered":"<p>CURSOS AGUARDANDO ABERTURA DE MATR\u00cdCULAS\u00a0 MODALIDADE PRESENCIAL Psicopedagogia Institucional e Cl\u00ednica MODALIDADE H\u00cdBRIDA Neuroci\u00eancias e Educa\u00e7\u00e3o Prescri\u00e7\u00e3o Farmac\u00eautica e Farm\u00e1cia [&hellip;]<\/p>\n","protected":false},"author":1,"featured_media":0,"parent":210,"menu_order":0,"comment_status":"closed","ping_status":"closed","template":"lato-sensu.php","meta":{"footnotes":""},"_links":{"self":[{"href":"https:\/\/www.unisantos.br\/pos\/wp-json\/wp\/v2\/pages\/4731"}],"collection":[{"href":"https:\/\/www.unisantos.br\/pos\/wp-json\/wp\/v2\/pages"}],"about":[{"href":"https:\/\/www.unisantos.br\/pos\/wp-json\/wp\/v2\/types\/page"}],"author":[{"embeddable":true,"href":"https:\/\/www.unisantos.br\/pos\/wp-json\/wp\/v2\/users\/1"}],"replies":[{"embeddable":true,"href":"https:\/\/www.unisantos.br\/pos\/wp-json\/wp\/v2\/comments?post=4731"}],"version-history":[{"count":22,"href":"https:\/\/www.unisantos.br\/pos\/wp-json\/wp\/v2\/pages\/4731\/revisions"}],"predecessor-version":[{"id":6762,"href":"https:\/\/www.unisantos.br\/pos\/wp-json\/wp\/v2\/pages\/4731\/revisions\/6762"}],"up":[{"embeddable":true,"href":"https:\/\/www.unisantos.br\/pos\/wp-json\/wp\/v2\/pages\/210"}],"wp:attachment":[{"href":"https:\/\/www.unisantos.br\/pos\/wp-json\/wp\/v2\/media?parent=4731"}],"curies":[{"name":"wp","href":"https:\/\/api.w.org\/{rel}","templated":true}]}}