{"id":4729,"date":"2023-01-20T15:24:17","date_gmt":"2023-01-20T18:24:17","guid":{"rendered":"https:\/\/www.unisantos.br\/pos\/?page_id=4729"},"modified":"2025-03-07T16:56:22","modified_gmt":"2025-03-07T19:56:22","slug":"negocios","status":"publish","type":"page","link":"https:\/\/www.unisantos.br\/pos\/lato-sensu\/negocios\/","title":{"rendered":"Neg\u00f3cios"},"content":{"rendered":"<p><strong>CURSOS AGUARDANDO ABERTURA DE MATR\u00cdCULAS\u00a0<\/strong><\/p>\n<p><strong>MODALIDADE EAD LIVE<br \/>\n<\/strong><a href=\"https:\/\/www.unisantos.br\/pos\/lato-sensu\/mba-em-banking-e-mercado-financeiro\/\">MBA em Banking e Mercado Financeiro<\/a><br \/>\n<a href=\"https:\/\/www.unisantos.br\/pos\/lato-sensu\/mba-em-comercio-exterior-e-negocios-internacionais\/\">MBA em Com\u00e9rcio Exterior e Neg\u00f3cios Internacionais<\/a><br \/>\n<a href=\"https:\/\/www.unisantos.br\/pos\/lato-sensu\/mba-em-controladoria-e-compliance\/\">MBA em Controladoria e Compliance<\/a><br \/>\n<a href=\"https:\/\/www.unisantos.br\/pos\/lato-sensu\/mba-em-gestao-estrategica-de-recursos-humanos-2\/\">MBA em Gest\u00e3o Estrat\u00e9gica de Recursos Humanos<\/a><br \/>\n<a href=\"https:\/\/www.unisantos.br\/pos\/lato-sensu\/mba-em-gestao-portuaria-infraestrutura-logistica-e-negocios\/\">MBA em Gest\u00e3o Portu\u00e1ria &#8211; Infraestrutura, Log\u00edstica e Neg\u00f3cios<\/a><\/p>\n<p><strong>MODALIDADE H\u00cdBRIDA<br \/>\n<\/strong><a href=\"https:\/\/www.unisantos.br\/pos\/lato-sensu\/mba-em-gestao-da-inovacao\/\">MBA em Gest\u00e3o da Inova\u00e7\u00e3o<\/a><br \/>\n<a href=\"https:\/\/www.unisantos.br\/pos\/lato-sensu\/mba-em-gestao-estrategica-de-negocios\/\">MBA em Gest\u00e3o Estrat\u00e9gica de Neg\u00f3cios<\/a><\/p>\n","protected":false},"excerpt":{"rendered":"<p>CURSOS AGUARDANDO ABERTURA DE MATR\u00cdCULAS\u00a0 MODALIDADE EAD LIVE MBA em Banking e Mercado Financeiro MBA em Com\u00e9rcio Exterior e Neg\u00f3cios [&hellip;]<\/p>\n","protected":false},"author":1,"featured_media":0,"parent":210,"menu_order":0,"comment_status":"closed","ping_status":"closed","template":"lato-sensu.php","meta":{"footnotes":""},"_links":{"self":[{"href":"https:\/\/www.unisantos.br\/pos\/wp-json\/wp\/v2\/pages\/4729"}],"collection":[{"href":"https:\/\/www.unisantos.br\/pos\/wp-json\/wp\/v2\/pages"}],"about":[{"href":"https:\/\/www.unisantos.br\/pos\/wp-json\/wp\/v2\/types\/page"}],"author":[{"embeddable":true,"href":"https:\/\/www.unisantos.br\/pos\/wp-json\/wp\/v2\/users\/1"}],"replies":[{"embeddable":true,"href":"https:\/\/www.unisantos.br\/pos\/wp-json\/wp\/v2\/comments?post=4729"}],"version-history":[{"count":32,"href":"https:\/\/www.unisantos.br\/pos\/wp-json\/wp\/v2\/pages\/4729\/revisions"}],"predecessor-version":[{"id":6754,"href":"https:\/\/www.unisantos.br\/pos\/wp-json\/wp\/v2\/pages\/4729\/revisions\/6754"}],"up":[{"embeddable":true,"href":"https:\/\/www.unisantos.br\/pos\/wp-json\/wp\/v2\/pages\/210"}],"wp:attachment":[{"href":"https:\/\/www.unisantos.br\/pos\/wp-json\/wp\/v2\/media?parent=4729"}],"curies":[{"name":"wp","href":"https:\/\/api.w.org\/{rel}","templated":true}]}}