{"id":4727,"date":"2023-01-20T15:22:52","date_gmt":"2023-01-20T18:22:52","guid":{"rendered":"https:\/\/www.unisantos.br\/pos\/?page_id=4727"},"modified":"2025-03-07T16:54:46","modified_gmt":"2025-03-07T19:54:46","slug":"exatas-arquitetura-e-engenharia","status":"publish","type":"page","link":"https:\/\/www.unisantos.br\/pos\/lato-sensu\/exatas-arquitetura-e-engenharia\/","title":{"rendered":"Exatas, Arquitetura e Engenharia"},"content":{"rendered":"<p><strong>CURSOS AGUARDANDO ABERTURA DE MATR\u00cdCULAS\u00a0<\/strong><\/p>\n<p><strong>MODALIDADE EAD LIVE<br \/>\n<\/strong><span style=\"color: #000000;\"><a href=\"https:\/\/www.unisantos.br\/pos\/lato-sensu\/projeto-estrutural-para-arquitetos\/\">Projeto Estrutural para Arquitetos<\/a><br \/>\n<\/span><span style=\"color: #000000;\"><a href=\"https:\/\/www.unisantos.br\/pos\/lato-sensu\/restauro-do-patrimonio-arquitetonico-e-urbanistico\/\">Restauro do Patrim\u00f4nio Arquitet\u00f4nico e Urban\u00edstico<\/a><\/span><span style=\"color: #000000;\"><br \/>\n<\/span> <a href=\"https:\/\/www.unisantos.br\/pos\/lato-sensu\/engenharia-de-seguranca-do-trabalho\/\">Engenharia de Seguran\u00e7a do Trabalho<\/a><strong><br \/>\n<\/strong><\/p>\n<p><strong>MODALIDADE H\u00cdBRIDA<\/strong><br \/>\n<a href=\"https:\/\/www.unisantos.br\/pos\/lato-sensu\/mba-em-gestao-de-projetos-de-engenharia\/\">MBA em Gest\u00e3o de Projetos de Engenharia<\/a><\/p>\n","protected":false},"excerpt":{"rendered":"<p>CURSOS AGUARDANDO ABERTURA DE MATR\u00cdCULAS\u00a0 MODALIDADE EAD LIVE Projeto Estrutural para Arquitetos Restauro do Patrim\u00f4nio Arquitet\u00f4nico e Urban\u00edstico Engenharia de [&hellip;]<\/p>\n","protected":false},"author":1,"featured_media":0,"parent":210,"menu_order":0,"comment_status":"closed","ping_status":"closed","template":"lato-sensu.php","meta":{"footnotes":""},"_links":{"self":[{"href":"https:\/\/www.unisantos.br\/pos\/wp-json\/wp\/v2\/pages\/4727"}],"collection":[{"href":"https:\/\/www.unisantos.br\/pos\/wp-json\/wp\/v2\/pages"}],"about":[{"href":"https:\/\/www.unisantos.br\/pos\/wp-json\/wp\/v2\/types\/page"}],"author":[{"embeddable":true,"href":"https:\/\/www.unisantos.br\/pos\/wp-json\/wp\/v2\/users\/1"}],"replies":[{"embeddable":true,"href":"https:\/\/www.unisantos.br\/pos\/wp-json\/wp\/v2\/comments?post=4727"}],"version-history":[{"count":20,"href":"https:\/\/www.unisantos.br\/pos\/wp-json\/wp\/v2\/pages\/4727\/revisions"}],"predecessor-version":[{"id":6749,"href":"https:\/\/www.unisantos.br\/pos\/wp-json\/wp\/v2\/pages\/4727\/revisions\/6749"}],"up":[{"embeddable":true,"href":"https:\/\/www.unisantos.br\/pos\/wp-json\/wp\/v2\/pages\/210"}],"wp:attachment":[{"href":"https:\/\/www.unisantos.br\/pos\/wp-json\/wp\/v2\/media?parent=4727"}],"curies":[{"name":"wp","href":"https:\/\/api.w.org\/{rel}","templated":true}]}}