{"id":4724,"date":"2023-01-20T15:21:26","date_gmt":"2023-01-20T18:21:26","guid":{"rendered":"https:\/\/www.unisantos.br\/pos\/?page_id=4724"},"modified":"2025-03-07T16:51:14","modified_gmt":"2025-03-07T19:51:14","slug":"educacao-e-comunicacao","status":"publish","type":"page","link":"https:\/\/www.unisantos.br\/pos\/lato-sensu\/educacao-e-comunicacao\/","title":{"rendered":"Educa\u00e7\u00e3o e Comunica\u00e7\u00e3o"},"content":{"rendered":"<p><strong>CURSOS AGUARDANDO ABERTURA DE MATR\u00cdCULAS\u00a0<\/strong><\/p>\n<p><strong>MODALIDADE EAD PLENA<\/strong><br \/>\n<a href=\"https:\/\/www.unisantos.br\/pos\/lato-sensu\/comunicacao-empresarial-e-gestao-da-informacao\/\">Comunica\u00e7\u00e3o Empresarial e Gest\u00e3o Estrat\u00e9gica da Informa\u00e7\u00e3o<\/a><br \/>\n<a href=\"https:\/\/www.unisantos.br\/pos\/lato-sensu\/cultura-digital-educacao-midiatica-e-educomunicacao\/\">Cultura Digital, Educa\u00e7\u00e3o Midi\u00e1tica e Educomunica\u00e7\u00e3o<\/a><br \/>\n<a href=\"https:\/\/www.unisantos.br\/pos\/lato-sensu\/gestao-da-comunicacao-em-redes-sociais\/\" rel=\"noopener\">Gest\u00e3o da Comunica\u00e7\u00e3o em Redes Sociais<\/a><br \/>\n<a href=\"https:\/\/www.unisantos.br\/pos\/lato-sensu\/mba-em-marketing-digital\/\">MBA em Marketing Digital<\/a><\/p>\n<p><strong>MODALIDADE EAD LIVE<\/strong><br \/>\n<a href=\"https:\/\/www.unisantos.br\/pos\/lato-sensu\/educacao-especial-e-inclusiva\/\">Educa\u00e7\u00e3o Especial e Inclusiva<\/a><br \/>\n<a href=\"https:\/\/www.unisantos.br\/pos\/lato-sensu\/multilinguagens-cultura-e-sociedade-conexoes-interdisciplinares-e-intersemioticas-na-sala-de-aula\/\">Multilinguagens, Cultura e Sociedade<\/a><\/p>\n<p><strong>MODALIDADE H\u00cdBRIDA<br \/>\n<\/strong><a href=\"https:\/\/www.unisantos.br\/pos\/lato-sensu\/biologia-marinha-e-gerenciamento-costeiro-integrado\/\">Biologia Marinha e Gerenciamento Costeiro Integrado<\/a><strong><br \/>\n<\/strong><a href=\"https:\/\/www.unisantos.br\/pos\/lato-sensu\/ensino-de-idiomas-lingua-inglesa-2\/\">Ensino de Idiomas: L\u00edngua Inglesa<\/a><br \/>\n<a href=\"https:\/\/www.unisantos.br\/pos\/lato-sensu\/metodologias-ativas-e-gamificacao-na-educacao\/\">Metodologias Ativas e Gamifica\u00e7\u00e3o na Educa\u00e7\u00e3o<\/a><\/p>\n","protected":false},"excerpt":{"rendered":"<p>CURSOS AGUARDANDO ABERTURA DE MATR\u00cdCULAS\u00a0 MODALIDADE EAD PLENA Comunica\u00e7\u00e3o Empresarial e Gest\u00e3o Estrat\u00e9gica da Informa\u00e7\u00e3o Cultura Digital, Educa\u00e7\u00e3o Midi\u00e1tica e [&hellip;]<\/p>\n","protected":false},"author":1,"featured_media":0,"parent":210,"menu_order":0,"comment_status":"closed","ping_status":"closed","template":"lato-sensu.php","meta":{"footnotes":""},"_links":{"self":[{"href":"https:\/\/www.unisantos.br\/pos\/wp-json\/wp\/v2\/pages\/4724"}],"collection":[{"href":"https:\/\/www.unisantos.br\/pos\/wp-json\/wp\/v2\/pages"}],"about":[{"href":"https:\/\/www.unisantos.br\/pos\/wp-json\/wp\/v2\/types\/page"}],"author":[{"embeddable":true,"href":"https:\/\/www.unisantos.br\/pos\/wp-json\/wp\/v2\/users\/1"}],"replies":[{"embeddable":true,"href":"https:\/\/www.unisantos.br\/pos\/wp-json\/wp\/v2\/comments?post=4724"}],"version-history":[{"count":37,"href":"https:\/\/www.unisantos.br\/pos\/wp-json\/wp\/v2\/pages\/4724\/revisions"}],"predecessor-version":[{"id":6739,"href":"https:\/\/www.unisantos.br\/pos\/wp-json\/wp\/v2\/pages\/4724\/revisions\/6739"}],"up":[{"embeddable":true,"href":"https:\/\/www.unisantos.br\/pos\/wp-json\/wp\/v2\/pages\/210"}],"wp:attachment":[{"href":"https:\/\/www.unisantos.br\/pos\/wp-json\/wp\/v2\/media?parent=4724"}],"curies":[{"name":"wp","href":"https:\/\/api.w.org\/{rel}","templated":true}]}}