{"id":472,"date":"2018-10-11T16:55:29","date_gmt":"2018-10-11T19:55:29","guid":{"rendered":"https:\/\/www.unisantos.br\/pos\/?page_id=472"},"modified":"2023-08-14T14:15:06","modified_gmt":"2023-08-14T17:15:06","slug":"introducao-ao-microsoft-excel-para-professores","status":"publish","type":"page","link":"https:\/\/www.unisantos.br\/pos\/qualificacao\/introducao-ao-microsoft-excel-para-professores\/","title":{"rendered":"Introdu\u00e7\u00e3o ao Microsoft Excel para Professores"},"content":{"rendered":"<p><b>PROFESSOR RESPONS\u00c1VEL<br \/>\n<\/b>Prof. Me. Jo\u00e3o Alfredo Carvalho Rodrigues Gon\u00e7alves<\/p>\n<p><b>CARGA HOR\u00c1RIA<br \/>\n<\/b>10 h\/a<\/p>\n<p><b>LOCAL<br \/>\n<\/b>Campus Dom Id\u00edlio Jos\u00e9 Soares<\/p>\n<p><b>OBJETIVO<br \/>\n<\/b>Capacitar os professores na utiliza\u00e7\u00e3o dos recursos b\u00e1sicos do Microsoft Excel, contemplando: elabora\u00e7\u00e3o de planilhas, gr\u00e1ficos, an\u00e1lises financeiras e estat\u00edsticas, como por exemplo a mensura\u00e7\u00e3o do perfil de seu alunado (notas e participa\u00e7\u00e3o).<\/p>\n<p><b>P\u00daBLICO-ALVO<br \/>\n<\/b>Docentes da Universidade Cat\u00f3lica de Santos<\/p>\n<p><b>CONTE\u00daDO<br \/>\n<\/b><strong>Introdu\u00e7\u00e3o ao Microsoft Office<\/strong><br \/>\nBreve demonstra\u00e7\u00e3o sobre as funcionalidades do Word e do Powerpoint;<br \/>\nIntrodu\u00e7\u00e3o ao Excel, e Orienta\u00e7\u00f5es em microinform\u00e1tica, como: Criar Pastas, Salvar, Copiar, Colar e Recortar Arquivos.<br \/>\n<strong>Microsoft Excel<br \/>\n<\/strong>Inser\u00e7\u00e3o de dados e Formata\u00e7\u00e3o de C\u00e9lulas;<br \/>\nInser\u00e7\u00e3o das f\u00f3rmulas b\u00e1sicas: Soma, M\u00e9dia, Contar N\u00fameros, M\u00e1ximo e M\u00ednimo, e Formata\u00e7\u00e3o de Planilhas.<br \/>\n<strong>Microsoft Excel (continua\u00e7\u00e3o da aula anterior)<br \/>\n<\/strong>Inser\u00e7\u00e3o de dados e Formata\u00e7\u00e3o de C\u00e9lulas;<br \/>\nInser\u00e7\u00e3o das f\u00f3rmulas b\u00e1sicas: Soma, M\u00e9dia, Contar N\u00fameros, M\u00e1ximo e M\u00ednimo, e Formata\u00e7\u00e3o de Planilhas<br \/>\n<strong>Microsoft Excel<br \/>\n<\/strong>Apresenta\u00e7\u00e3o de algumas f\u00f3rmulas por classe:<br \/>\nData e Hora: Hoje, Dia, M\u00eas, Ano, Dia.Da.Semana;<br \/>\nEstat\u00edstica: Cont. N\u00fam. Cont. Se;<br \/>\nL\u00f3gica: E, Ou, Se, Seerro;<br \/>\nTexto: Concat, Direita, Esquerda, Localizar, e<br \/>\nInser\u00e7\u00e3o de Gr\u00e1ficos.<br \/>\nFormata\u00e7\u00e3o da \u00e1rea de impress\u00e3o, convers\u00e3o em PDF, e<br \/>\nRotinas de backup e armazenamento na \u201cnuvem\u201d (googleDrive, OneDrive, Dropbox).<\/p>\n<p><strong>OUTRAS INFORMA\u00c7\u00d5ES<br \/>\n<\/strong><strong>Departamento de Atendimento Integrado<br \/>\n<\/strong>Telefone: (13) 3205-5555<br \/>\nE-mail: dat@unisantos.br<\/p>\n<p>&nbsp;<\/p>\n","protected":false},"excerpt":{"rendered":"<p>PROFESSOR RESPONS\u00c1VEL Prof. Me. Jo\u00e3o Alfredo Carvalho Rodrigues Gon\u00e7alves CARGA HOR\u00c1RIA 10 h\/a LOCAL Campus Dom Id\u00edlio Jos\u00e9 Soares OBJETIVO [&hellip;]<\/p>\n","protected":false},"author":1,"featured_media":678,"parent":399,"menu_order":0,"comment_status":"closed","ping_status":"closed","template":"","meta":{"footnotes":""},"_links":{"self":[{"href":"https:\/\/www.unisantos.br\/pos\/wp-json\/wp\/v2\/pages\/472"}],"collection":[{"href":"https:\/\/www.unisantos.br\/pos\/wp-json\/wp\/v2\/pages"}],"about":[{"href":"https:\/\/www.unisantos.br\/pos\/wp-json\/wp\/v2\/types\/page"}],"author":[{"embeddable":true,"href":"https:\/\/www.unisantos.br\/pos\/wp-json\/wp\/v2\/users\/1"}],"replies":[{"embeddable":true,"href":"https:\/\/www.unisantos.br\/pos\/wp-json\/wp\/v2\/comments?post=472"}],"version-history":[{"count":5,"href":"https:\/\/www.unisantos.br\/pos\/wp-json\/wp\/v2\/pages\/472\/revisions"}],"predecessor-version":[{"id":5541,"href":"https:\/\/www.unisantos.br\/pos\/wp-json\/wp\/v2\/pages\/472\/revisions\/5541"}],"up":[{"embeddable":true,"href":"https:\/\/www.unisantos.br\/pos\/wp-json\/wp\/v2\/pages\/399"}],"wp:featuredmedia":[{"embeddable":true,"href":"https:\/\/www.unisantos.br\/pos\/wp-json\/wp\/v2\/media\/678"}],"wp:attachment":[{"href":"https:\/\/www.unisantos.br\/pos\/wp-json\/wp\/v2\/media?parent=472"}],"curies":[{"name":"wp","href":"https:\/\/api.w.org\/{rel}","templated":true}]}}