{"id":466,"date":"2018-10-11T16:54:01","date_gmt":"2018-10-11T19:54:01","guid":{"rendered":"https:\/\/www.unisantos.br\/pos\/?page_id=466"},"modified":"2026-01-13T16:44:35","modified_gmt":"2026-01-13T19:44:35","slug":"formacao-em-teologia-para-leigos","status":"publish","type":"page","link":"https:\/\/www.unisantos.br\/pos\/qualificacao\/formacao-em-teologia-para-leigos\/","title":{"rendered":"Forma\u00e7\u00e3o em Teologia Para Leigos"},"content":{"rendered":"<p><span style=\"color: #ff0000;\"><strong>FA\u00c7A SUA MATR\u00cdCULA NA SECRETARIA DA UNISANTOS<\/strong><\/span><br \/>\nHor\u00e1rio: Janeiro, das 9h \u00e0s 19h30; a partir de fevereiro, das 9h \u00e0s 21h<br \/>\nEndere\u00e7o: Campus Dom Id\u00edlio Jos\u00e9 Soares &#8211; Av. Conselheiro N\u00e9bias, 300 &#8211; Vila Mathias, Santos<\/p>\n<p><strong>PROFESSOR RESPONS\u00c1VEL<\/strong><br \/>\nProf. Me. Francisco Em\u00edlio Surian<\/p>\n<p><strong>CARGA HOR\u00c1RIA<\/strong><br \/>\n544 h\/a<\/p>\n<p><strong>DURA\u00c7\u00c3O<\/strong><br \/>\n8 semestres<\/p>\n<p><strong>DIA<\/strong><br \/>\nQuarta-feira<\/p>\n<p><strong>IN\u00cdCIO<\/strong><br \/>\n09\/02\/2026<\/p>\n<p><strong>HOR\u00c1RIO<\/strong><br \/>\nDas 18h45 \u00e0s 22h15<\/p>\n<p><strong>LOCAL<\/strong><br \/>\nCampus Dom Id\u00edlio Jos\u00e9 Soares<\/p>\n<p><strong>INVESTIMENTO<\/strong><br \/>\nValor mensal de R$ 102,00 (isentos janeiro e julho)<\/p>\n<p><strong>OBJETIVO GERAL<\/strong><br \/>\nFormar leigos e leigas capazes de anunciar o Evangelho com fidelidade \u00e0 tradi\u00e7\u00e3o da Igreja e sensibilidade \u00e0s realidades contempor\u00e2neas, assumindo uma postura dialogal, sinodal e mission\u00e1ria no contexto urbano da Baixada Santista.<\/p>\n<p><strong>OBJETIVOS ESPEC\u00cdFICOS<\/strong><br \/>\n1.\u2060 \u2060Compreender as transforma\u00e7\u00f5es culturais da sociedade atual.<br \/>\n2.\u2060 \u2060Atualizar a pr\u00e1tica pastoral e a miss\u00e3o evangelizadora \u00e0 luz do Conc\u00edlio Vaticano II e da Igreja sinodal.<br \/>\n3.\u2060 \u2060Desenvolver escuta pastoral diante das quest\u00f5es contempor\u00e2neas no contexto da sociedade pluricultural presente na Baixada Santista.<br \/>\n4.\u2060 \u2060Oferecer ao leigo elementos e crit\u00e9rios de aprofundamento para a viv\u00eancia madura da f\u00e9 na vida pessoal e comunit\u00e1ria, e capacit\u00e1-lo para o di\u00e1logo e o servi\u00e7o na sociedade contempor\u00e2nea.<\/p>\n<p><strong>P\u00daBLICO-ALVO<\/strong><br \/>\nCandidatos ao Diaconato Permanente, lideran\u00e7as leigas, catequistas, agentes de pastorais, servi\u00e7os e movimentos que atuam nas par\u00f3quias da Diocese de Santos (Baixada Santista).<\/p>\n<p><strong>CONTE\u00daDO<\/strong><br \/>\nO Curso de Forma\u00e7\u00e3o em Teologia para Leigos est\u00e1 estruturado para contemplar as grandes \u00e1reas do campo da Teologia: B\u00edblia, Cristologia, Eclesiologia, Hist\u00f3ria da Igreja, Catequese, Sacramentos, Doutrina Social da Igreja, Direito Can\u00f4nico e Pastoral, dentre outras.<br \/>\nFazem parte, ainda, das atividades curriculares:<br \/>\n-Palestras no Caf\u00e9 Teol\u00f3gico-Pastoral;<br \/>\n-Semana da Cidadania (organizada pela Pastoral da Cidadania da Diocese de Santos); e<br \/>\n-Semana Teol\u00f3gica dos Leigos (organizada pelo Conselho Diocesano de Leigos).<\/p>\n<p><strong>OBSERVA\u00c7\u00d5ES<\/strong><br \/>\n<strong>Matr\u00edculas: A partir de 12 de janeiro de 2026<\/strong><br \/>\nRequisitos:<br \/>\n-Carta de apresenta\u00e7\u00e3o do P\u00e1roco;<br \/>\n-CPF;<br \/>\n-RG;<br \/>\n-Comprovante de Conclus\u00e3o do 2\u00ba Grau.<br \/>\nA Universidade se reserva o direito de alterar o cronograma e o corpo docente.<br \/>\nA inscri\u00e7\u00e3o deve ser presencial, s\u00f3 poder\u00e1 ser efetuada pelo interessado no curso, ou por pessoa munida de procura\u00e7\u00e3o autenticada em cart\u00f3rio.<br \/>\nA efetiva\u00e7\u00e3o da matr\u00edcula est\u00e1 condicionada ao pagamento do boleto da 1\u00aa. parcela e entrega da documenta\u00e7\u00e3o exigida.<\/p>\n<p><strong>OUTRAS INFORMA\u00c7\u00d5ES<\/strong><br \/>\nDepartamento de Atendimento Integrado<br \/>\nTelefones: (13) 3205-5555<br \/>\nE-mail: dat@unisantos.br<\/p>\n","protected":false},"excerpt":{"rendered":"<p>FA\u00c7A SUA MATR\u00cdCULA NA SECRETARIA DA UNISANTOS Hor\u00e1rio: Janeiro, das 9h \u00e0s 19h30; a partir de fevereiro, das 9h \u00e0s [&hellip;]<\/p>\n","protected":false},"author":1,"featured_media":0,"parent":399,"menu_order":0,"comment_status":"closed","ping_status":"closed","template":"","meta":{"footnotes":""},"_links":{"self":[{"href":"https:\/\/www.unisantos.br\/pos\/wp-json\/wp\/v2\/pages\/466"}],"collection":[{"href":"https:\/\/www.unisantos.br\/pos\/wp-json\/wp\/v2\/pages"}],"about":[{"href":"https:\/\/www.unisantos.br\/pos\/wp-json\/wp\/v2\/types\/page"}],"author":[{"embeddable":true,"href":"https:\/\/www.unisantos.br\/pos\/wp-json\/wp\/v2\/users\/1"}],"replies":[{"embeddable":true,"href":"https:\/\/www.unisantos.br\/pos\/wp-json\/wp\/v2\/comments?post=466"}],"version-history":[{"count":17,"href":"https:\/\/www.unisantos.br\/pos\/wp-json\/wp\/v2\/pages\/466\/revisions"}],"predecessor-version":[{"id":7136,"href":"https:\/\/www.unisantos.br\/pos\/wp-json\/wp\/v2\/pages\/466\/revisions\/7136"}],"up":[{"embeddable":true,"href":"https:\/\/www.unisantos.br\/pos\/wp-json\/wp\/v2\/pages\/399"}],"wp:attachment":[{"href":"https:\/\/www.unisantos.br\/pos\/wp-json\/wp\/v2\/media?parent=466"}],"curies":[{"name":"wp","href":"https:\/\/api.w.org\/{rel}","templated":true}]}}