{"id":464,"date":"2018-10-11T16:53:37","date_gmt":"2018-10-11T19:53:37","guid":{"rendered":"https:\/\/www.unisantos.br\/pos\/?page_id=464"},"modified":"2023-08-14T13:50:28","modified_gmt":"2023-08-14T16:50:28","slug":"formacao-de-auditores-internos-iso-140012015","status":"publish","type":"page","link":"https:\/\/www.unisantos.br\/pos\/qualificacao\/formacao-de-auditores-internos-iso-140012015\/","title":{"rendered":"Forma\u00e7\u00e3o de Auditores Internos ISO 14001:2015"},"content":{"rendered":"<p><strong>PROFESSORA RESPONS\u00c1VEL<\/strong><br \/>\nProf\u00aa. Dr\u00aa. Michele Leiko Uemura<\/p>\n<p><strong>CARGA HOR\u00c1RIA<\/strong><br \/>\n24\u00a0h\/a<\/p>\n<p><strong>LOCAL<\/strong><br \/>\nCampus Dom Id\u00edlio Jos\u00e9 Soares<\/p>\n<p><b>OBJETIVO<br \/>\n<\/b>Desenvolver habilidades para a realiza\u00e7\u00e3o de auditorias ambientais, baseado nos crit\u00e9rios das Normas NBR ISO 14.001:2015 e NBR ISO 19.011:2012<\/p>\n<p><b>P\u00daBLICO-ALVO<br \/>\n<\/b>Gestores e profissionais que atuam no Sistema de Gest\u00e3o Ambiental, profissionais de consultoria, especialistas em gest\u00e3o e demais interessados que buscam aperfei\u00e7oamento profissional.<b>\u00a0<\/b><\/p>\n<p><b>CONTE\u00daDO<br \/>\n<\/b>Requisitos audit\u00e1veis da Norma ISO 14001:2015;<br \/>\nEvid\u00eancias objetivas em processos de auditoria;<br \/>\nNo\u00e7\u00f5es sobre a legisla\u00e7\u00e3o ambiental em processo de auditoria;<br \/>\nDescri\u00e7\u00e3o dos requisitos da ISO 14001:2015;<br \/>\nT\u00e9cnicas de Auditoria Introdu\u00e7\u00e3o a NBR ISO 19011:2012;<br \/>\nTerminologia das Auditorias;<br \/>\nClassifica\u00e7\u00e3o das Auditorias Ambientais;<br \/>\nGest\u00e3o de Programas de Auditorias;<br \/>\nPlanejamento das Auditorias;<br \/>\nExecu\u00e7\u00e3o e relato das auditorias;<br \/>\nDeclara\u00e7\u00e3o de N\u00e3o conformidades e implementa\u00e7\u00e3o de a\u00e7\u00f5es corretivas;<br \/>\nQualifica\u00e7\u00e3o dos Auditores;<br \/>\nT\u00e9cnicas de Condu\u00e7\u00e3o de Auditorias;<br \/>\nAspectos comportamentais;<br \/>\nSimula\u00e7\u00e3o de Auditoria Ambiental.<strong>\u00a0<\/strong><\/p>\n<p><strong>OBSERVA\u00c7\u00d5ES<br \/>\n<\/strong>A Universidade se reserva o direito de alterar o cronograma e o corpo docente.<br \/>\nDocumenta\u00e7\u00e3o necess\u00e1ria: c\u00f3pias do RG, CPF, certid\u00e3o de nascimento ou casamento.<br \/>\nA inscri\u00e7\u00e3o presencial s\u00f3 poder\u00e1 ser efetuada pelo interessado no curso, ou por pessoa munida de procura\u00e7\u00e3o autenticada em cart\u00f3rio.<br \/>\nA efetiva\u00e7\u00e3o da matr\u00edcula est\u00e1 condicionada ao pagamento do boleto da 1\u00aa. parcela e entrega da documenta\u00e7\u00e3o exigida.<\/p>\n<p><b>OUTRAS INFORMA\u00c7\u00d5ES<br \/>\n<\/b>Departamento de Atendimento Integrado<br \/>\nTelefones: (13) 3205-5555<br \/>\nE-mail: dat@unisantos.br<\/p>\n","protected":false},"excerpt":{"rendered":"<p>PROFESSORA RESPONS\u00c1VEL Prof\u00aa. Dr\u00aa. Michele Leiko Uemura CARGA HOR\u00c1RIA 24\u00a0h\/a LOCAL Campus Dom Id\u00edlio Jos\u00e9 Soares OBJETIVO Desenvolver habilidades para [&hellip;]<\/p>\n","protected":false},"author":1,"featured_media":675,"parent":399,"menu_order":0,"comment_status":"closed","ping_status":"closed","template":"","meta":{"footnotes":""},"_links":{"self":[{"href":"https:\/\/www.unisantos.br\/pos\/wp-json\/wp\/v2\/pages\/464"}],"collection":[{"href":"https:\/\/www.unisantos.br\/pos\/wp-json\/wp\/v2\/pages"}],"about":[{"href":"https:\/\/www.unisantos.br\/pos\/wp-json\/wp\/v2\/types\/page"}],"author":[{"embeddable":true,"href":"https:\/\/www.unisantos.br\/pos\/wp-json\/wp\/v2\/users\/1"}],"replies":[{"embeddable":true,"href":"https:\/\/www.unisantos.br\/pos\/wp-json\/wp\/v2\/comments?post=464"}],"version-history":[{"count":3,"href":"https:\/\/www.unisantos.br\/pos\/wp-json\/wp\/v2\/pages\/464\/revisions"}],"predecessor-version":[{"id":5497,"href":"https:\/\/www.unisantos.br\/pos\/wp-json\/wp\/v2\/pages\/464\/revisions\/5497"}],"up":[{"embeddable":true,"href":"https:\/\/www.unisantos.br\/pos\/wp-json\/wp\/v2\/pages\/399"}],"wp:featuredmedia":[{"embeddable":true,"href":"https:\/\/www.unisantos.br\/pos\/wp-json\/wp\/v2\/media\/675"}],"wp:attachment":[{"href":"https:\/\/www.unisantos.br\/pos\/wp-json\/wp\/v2\/media?parent=464"}],"curies":[{"name":"wp","href":"https:\/\/api.w.org\/{rel}","templated":true}]}}