{"id":462,"date":"2018-10-11T16:53:05","date_gmt":"2018-10-11T19:53:05","guid":{"rendered":"https:\/\/www.unisantos.br\/pos\/?page_id=462"},"modified":"2023-08-14T13:48:22","modified_gmt":"2023-08-14T16:48:22","slug":"food-design-agregando-valor-ao-prato","status":"publish","type":"page","link":"https:\/\/www.unisantos.br\/pos\/qualificacao\/food-design-agregando-valor-ao-prato\/","title":{"rendered":"Food Design: Agregando Valor ao Prato"},"content":{"rendered":"<p><strong>PROFESSOR RESPONS\u00c1VEL<\/strong><br \/>\nChef Bruno Justo<\/p>\n<p><strong>CARGA HOR\u00c1RIA<\/strong><br \/>\n5 h\/a<\/p>\n<p><strong>LOCAL<\/strong><br \/>\nCampus Dom Id\u00edlio Jos\u00e9 Soares<\/p>\n<p><strong>OBJETIVO<\/strong><br \/>\nApresentar diferentes formas de apresenta\u00e7\u00e3o de pratos, utilizando t\u00e9cnicas e conceitos de Food Design.<\/p>\n<p><strong>P\u00daBLICO-ALVO<\/strong><br \/>\nEstudantes e profissionais de Gastronomia.<\/p>\n<p><strong>CONTE\u00daDO<br \/>\n<\/strong>Teoria e Pr\u00e1tica de prepara\u00e7\u00f5es de pratos, fotos e degusta\u00e7\u00e3o.<\/p>\n<p><strong>OBSERVA\u00c7\u00d5ES<\/strong><br \/>\nA Universidade se reserva o direito de alterar o cronograma e o corpo docente.<br \/>\nDocumenta\u00e7\u00e3o necess\u00e1ria para quem n\u00e3o \u00e9 aluno da Cat\u00f3lica de Santos: c\u00f3pias do RG, CPF, certid\u00e3o de nascimento ou casamento.<br \/>\nA inscri\u00e7\u00e3o presencial s\u00f3 poder\u00e1 ser efetuada pelo interessado no curso, ou por pessoa munida de procura\u00e7\u00e3o autenticada em cart\u00f3rio.<br \/>\nA efetiva\u00e7\u00e3o da matr\u00edcula est\u00e1 condicionada ao pagamento do boleto da 1\u00aa. parcela e entrega da documenta\u00e7\u00e3o exigida.<\/p>\n<p><strong>OUTRAS INFORMA\u00c7\u00d5ES<\/strong><br \/>\nDepartamento de Atendimento Integrado<br \/>\nTelefones: (13) 3205-5555<br \/>\nE-mail: dat@unisantos.br<\/p>\n","protected":false},"excerpt":{"rendered":"<p>PROFESSOR RESPONS\u00c1VEL Chef Bruno Justo CARGA HOR\u00c1RIA 5 h\/a LOCAL Campus Dom Id\u00edlio Jos\u00e9 Soares OBJETIVO Apresentar diferentes formas de [&hellip;]<\/p>\n","protected":false},"author":1,"featured_media":674,"parent":399,"menu_order":0,"comment_status":"closed","ping_status":"closed","template":"","meta":{"footnotes":""},"_links":{"self":[{"href":"https:\/\/www.unisantos.br\/pos\/wp-json\/wp\/v2\/pages\/462"}],"collection":[{"href":"https:\/\/www.unisantos.br\/pos\/wp-json\/wp\/v2\/pages"}],"about":[{"href":"https:\/\/www.unisantos.br\/pos\/wp-json\/wp\/v2\/types\/page"}],"author":[{"embeddable":true,"href":"https:\/\/www.unisantos.br\/pos\/wp-json\/wp\/v2\/users\/1"}],"replies":[{"embeddable":true,"href":"https:\/\/www.unisantos.br\/pos\/wp-json\/wp\/v2\/comments?post=462"}],"version-history":[{"count":5,"href":"https:\/\/www.unisantos.br\/pos\/wp-json\/wp\/v2\/pages\/462\/revisions"}],"predecessor-version":[{"id":5488,"href":"https:\/\/www.unisantos.br\/pos\/wp-json\/wp\/v2\/pages\/462\/revisions\/5488"}],"up":[{"embeddable":true,"href":"https:\/\/www.unisantos.br\/pos\/wp-json\/wp\/v2\/pages\/399"}],"wp:featuredmedia":[{"embeddable":true,"href":"https:\/\/www.unisantos.br\/pos\/wp-json\/wp\/v2\/media\/674"}],"wp:attachment":[{"href":"https:\/\/www.unisantos.br\/pos\/wp-json\/wp\/v2\/media?parent=462"}],"curies":[{"name":"wp","href":"https:\/\/api.w.org\/{rel}","templated":true}]}}