{"id":460,"date":"2018-10-11T16:50:13","date_gmt":"2018-10-11T19:50:13","guid":{"rendered":"https:\/\/www.unisantos.br\/pos\/?page_id=460"},"modified":"2023-08-14T13:42:57","modified_gmt":"2023-08-14T16:42:57","slug":"expressao-corporal","status":"publish","type":"page","link":"https:\/\/www.unisantos.br\/pos\/qualificacao\/expressao-corporal\/","title":{"rendered":"Express\u00e3o Corporal"},"content":{"rendered":"<p><strong>PROFESSORA RESPONS\u00c1VEL<\/strong><br \/>\nProf\u00aa. Fernanda Souza do Nascimento<\/p>\n<p><strong>CARGA HOR\u00c1RIA<\/strong><br \/>\n8\u00a0h\/a<\/p>\n<p><strong>LOCAL<br \/>\n<\/strong>Campus Dom Id\u00edlio Jos\u00e9 Soares<\/p>\n<p><strong>OBJETIVO<br \/>\n<\/strong>O curso objetiva desenvolver a capacidade de express\u00e3o por meio do corpo em movimento, ampliando a linguagem corporal do aluno utilizando-se de diversas t\u00e9cnicas corporais, tais como a Dan\u00e7a Contempor\u00e2nea, Dan\u00e7as Brasileiras e Dan\u00e7a Oriental \u00c1rabe. O foco da oficina \u00e9 direcionado, prioritariamente, a adultos que nunca tiveram contato com a arte da Dan\u00e7a que atuem nas \u00e1reas de Artes, Educa\u00e7\u00e3o, M\u00fasica, Educa\u00e7\u00e3o F\u00edsica ou Teatro.<\/p>\n<p><strong>P\u00daBLICO-ALVO<\/strong><br \/>\nEstudantes e comunidade acad\u00eamica da Cat\u00f3lica de Santos.<\/p>\n<p><strong>CONTE\u00daDO<\/strong><br \/>\nExerc\u00edcios diversos para aquecimento corporal;<br \/>\nExerc\u00edcios de respira\u00e7\u00e3o como potencializadores do movimento;<br \/>\nExerc\u00edcios de alongamento para melhorar a flexibilidade muscular;<br \/>\nAbordagem dos Princ\u00edpios de Movimento de Bartenieff visando \u00e0 conscientiza\u00e7\u00e3o das possibilidades de movimentos corporais por meio da respira\u00e7\u00e3o;<br \/>\nExecu\u00e7\u00e3o dos Seis Exerc\u00edcios B\u00e1sicos dos Princ\u00edpios de Movimento de Bartenieff;<br \/>\nFatores de Movimentos da teoria Laban de Movimento, visando exercitar a criatividade;<br \/>\nTrabalho de movimenta\u00e7\u00e3o espec\u00edfica de bra\u00e7os e m\u00e3os na t\u00e9cnica de Dan\u00e7a Oriental;<br \/>\nExplora\u00e7\u00e3o da capacidade expressiva das extremidades corporais (m\u00e3os, p\u00e9s, cabe\u00e7a);<br \/>\nTrabalho de conscientiza\u00e7\u00e3o da capacidade expressiva do troco (plexo solar, bacia, abd\u00f4men);<br \/>\nT\u00e9cnica de Martha Graham: contra\u00e7\u00e3o\/release\/spiral;<br \/>\nExperimenta\u00e7\u00e3o das principais matrizes de movimentos pertencentes \u00e0s manifesta\u00e7\u00f5es populares corporais brasileiras;<br \/>\nRela\u00e7\u00e3o entre m\u00fasica e movimento nas Dan\u00e7as Brasileiras;<br \/>\nDesenvolvimento da tonicidade muscular caracter\u00edsticas das dan\u00e7as Brasileiras;<br \/>\n\u00canfase na rela\u00e7\u00e3o dos p\u00e9s\/ra\u00edzes com corpo\/mastro votivo, que estabelece a comunica\u00e7\u00e3o simb\u00f3lica entre a terra e o c\u00e9u, intermediada pelo movimento gerador da bacia.<\/p>\n<p><strong>OBSERVA\u00c7\u00d5ES<\/strong><br \/>\nA Universidade se reserva o direito de alterar o cronograma e o corpo docente.<br \/>\nDocumenta\u00e7\u00e3o necess\u00e1ria para quem n\u00e3o \u00e9 aluno da Cat\u00f3lica de Santos: c\u00f3pias do RG, CPF, certid\u00e3o de nascimento ou casamento.<br \/>\nA inscri\u00e7\u00e3o presencial s\u00f3 poder\u00e1 ser efetuada pelo interessado no curso, ou por pessoa munida de procura\u00e7\u00e3o autenticada em cart\u00f3rio.<br \/>\nA efetiva\u00e7\u00e3o da matr\u00edcula est\u00e1 condicionada ao pagamento do boleto da 1\u00aa. parcela e entrega da documenta\u00e7\u00e3o exigida.<\/p>\n<p><strong>OUTRAS INFORMA\u00c7\u00d5ES<\/strong><br \/>\nDepartamento de Atendimento Integrado<br \/>\nTelefones: (13) 3205-5555<br \/>\nE-mail: dat@unisantos.br<\/p>\n","protected":false},"excerpt":{"rendered":"<p>PROFESSORA RESPONS\u00c1VEL Prof\u00aa. Fernanda Souza do Nascimento CARGA HOR\u00c1RIA 8\u00a0h\/a LOCAL Campus Dom Id\u00edlio Jos\u00e9 Soares OBJETIVO O curso objetiva [&hellip;]<\/p>\n","protected":false},"author":1,"featured_media":672,"parent":399,"menu_order":0,"comment_status":"closed","ping_status":"closed","template":"","meta":{"footnotes":""},"_links":{"self":[{"href":"https:\/\/www.unisantos.br\/pos\/wp-json\/wp\/v2\/pages\/460"}],"collection":[{"href":"https:\/\/www.unisantos.br\/pos\/wp-json\/wp\/v2\/pages"}],"about":[{"href":"https:\/\/www.unisantos.br\/pos\/wp-json\/wp\/v2\/types\/page"}],"author":[{"embeddable":true,"href":"https:\/\/www.unisantos.br\/pos\/wp-json\/wp\/v2\/users\/1"}],"replies":[{"embeddable":true,"href":"https:\/\/www.unisantos.br\/pos\/wp-json\/wp\/v2\/comments?post=460"}],"version-history":[{"count":8,"href":"https:\/\/www.unisantos.br\/pos\/wp-json\/wp\/v2\/pages\/460\/revisions"}],"predecessor-version":[{"id":5471,"href":"https:\/\/www.unisantos.br\/pos\/wp-json\/wp\/v2\/pages\/460\/revisions\/5471"}],"up":[{"embeddable":true,"href":"https:\/\/www.unisantos.br\/pos\/wp-json\/wp\/v2\/pages\/399"}],"wp:featuredmedia":[{"embeddable":true,"href":"https:\/\/www.unisantos.br\/pos\/wp-json\/wp\/v2\/media\/672"}],"wp:attachment":[{"href":"https:\/\/www.unisantos.br\/pos\/wp-json\/wp\/v2\/media?parent=460"}],"curies":[{"name":"wp","href":"https:\/\/api.w.org\/{rel}","templated":true}]}}