{"id":458,"date":"2018-10-11T16:49:52","date_gmt":"2018-10-11T19:49:52","guid":{"rendered":"https:\/\/www.unisantos.br\/pos\/?page_id=458"},"modified":"2023-08-14T13:46:32","modified_gmt":"2023-08-14T16:46:32","slug":"execucao-de-obras-na-engenharia-civil","status":"publish","type":"page","link":"https:\/\/www.unisantos.br\/pos\/qualificacao\/execucao-de-obras-na-engenharia-civil\/","title":{"rendered":"Execu\u00e7\u00e3o de Obras na Engenharia Civil"},"content":{"rendered":"<p><strong>PROFESSOR RESPONS\u00c1VEL<br \/>\n<\/strong>Prof. Me. Ronaldo de Souza Barcala<\/p>\n<p><strong>CARGA HOR\u00c1RIA<br \/>\n<\/strong>16\u00a0 h\/a<strong>\u00a0<\/strong><\/p>\n<p><strong>LOCAL<br \/>\n<\/strong>Campus Dom Id\u00edlio Jos\u00e9 Soares<\/p>\n<p><strong>OBJETIVO<br \/>\n<\/strong>Proporcionar uma vis\u00e3o ampla dos processos que envolvem a execu\u00e7\u00e3o de obras e sugerir m\u00e9todos de controle para que o participante possa compreender a fun\u00e7\u00e3o do engenheiro na execu\u00e7\u00e3o de uma obra; entender o posicionamento do engenheiro quanto ao controle de documentos; estabelecer conceito de controle de produtividade espec\u00edfica de obra; evidenciar m\u00e9todos para controle de qualidade.<strong>\u00a0<\/strong><\/p>\n<p><strong>P\u00daBLICO-ALVO<br \/>\n<\/strong>Engenheiros civis rec\u00e9m-formados e estudantes do \u00faltimo ano de Engenharia Civil.<\/p>\n<p><strong>CONTE\u00daDO<br \/>\n<\/strong>1 \u2013 A fun\u00e7\u00e3o do engenheiro civil<br \/>\n&#8211; Classifica\u00e7\u00e3o das obras quanto ao porte e tipo<br \/>\n&#8211; Responsabilidades dos engenheiros<br \/>\n&#8211; Expectativas do contratante e da sociedade<br \/>\n&#8211; Prepara\u00e7\u00e3o recebida na gradua\u00e7\u00e3o<br \/>\n2 \u2013 Documentos legais e projetos<br \/>\n&#8211; Documenta\u00e7\u00e3o estabelecida por lei<br \/>\n&#8211; Projetos executivos<br \/>\n&#8211; Altera\u00e7\u00f5es de projetos<br \/>\n&#8211; Controles de projetos e documentos<br \/>\n3 \u2013 Controle de qualidade<br \/>\n&#8211; Aplica\u00e7\u00e3o de conceitos te\u00f3ricos \u00e0 execu\u00e7\u00e3o<br \/>\n&#8211; Constru\u00e7\u00e3o como conjunto de processos<br \/>\n&#8211; Rastreabilidade dos processos<br \/>\n&#8211; Registro di\u00e1rio de ocorr\u00eancias<br \/>\n4 \u2013 Controle de produtividade espec\u00edfica<br \/>\n&#8211; Conceito de produtividade espec\u00edfica de obra<br \/>\n&#8211; Cronograma de execu\u00e7\u00e3o<br \/>\n&#8211; Log\u00edstica dentro da execu\u00e7\u00e3o<br \/>\n&#8211; Acompanhamento de custos<\/p>\n<p><strong>OBSERVA\u00c7\u00d5ES<br \/>\n<\/strong>A Universidade se reserva o direito de alterar o cronograma e o corpo docente.<br \/>\nDocumenta\u00e7\u00e3o necess\u00e1ria para quem n\u00e3o \u00e9 aluno da Cat\u00f3lica de Santos: c\u00f3pias do RG, CPF, certid\u00e3o de nascimento ou casamento.<br \/>\nA inscri\u00e7\u00e3o presencial s\u00f3 poder\u00e1 ser efetuada pelo interessado no curso, ou por pessoa munida de procura\u00e7\u00e3o autenticada em cart\u00f3rio.<br \/>\nA efetiva\u00e7\u00e3o da matr\u00edcula est\u00e1 condicionada ao pagamento do boleto da 1\u00aa. parcela e entrega da documenta\u00e7\u00e3o exigida.<\/p>\n<p><strong>OUTRAS INFORMA\u00c7\u00d5ES<br \/>\n<\/strong>Departamento de Atendimento Integrado<br \/>\nTelefones: (13) 3205-5555<br \/>\nE-mail: dat@unisantos.br<\/p>\n","protected":false},"excerpt":{"rendered":"<p>PROFESSOR RESPONS\u00c1VEL Prof. Me. Ronaldo de Souza Barcala CARGA HOR\u00c1RIA 16\u00a0 h\/a\u00a0 LOCAL Campus Dom Id\u00edlio Jos\u00e9 Soares OBJETIVO Proporcionar [&hellip;]<\/p>\n","protected":false},"author":1,"featured_media":673,"parent":399,"menu_order":0,"comment_status":"closed","ping_status":"closed","template":"","meta":{"footnotes":""},"_links":{"self":[{"href":"https:\/\/www.unisantos.br\/pos\/wp-json\/wp\/v2\/pages\/458"}],"collection":[{"href":"https:\/\/www.unisantos.br\/pos\/wp-json\/wp\/v2\/pages"}],"about":[{"href":"https:\/\/www.unisantos.br\/pos\/wp-json\/wp\/v2\/types\/page"}],"author":[{"embeddable":true,"href":"https:\/\/www.unisantos.br\/pos\/wp-json\/wp\/v2\/users\/1"}],"replies":[{"embeddable":true,"href":"https:\/\/www.unisantos.br\/pos\/wp-json\/wp\/v2\/comments?post=458"}],"version-history":[{"count":3,"href":"https:\/\/www.unisantos.br\/pos\/wp-json\/wp\/v2\/pages\/458\/revisions"}],"predecessor-version":[{"id":5480,"href":"https:\/\/www.unisantos.br\/pos\/wp-json\/wp\/v2\/pages\/458\/revisions\/5480"}],"up":[{"embeddable":true,"href":"https:\/\/www.unisantos.br\/pos\/wp-json\/wp\/v2\/pages\/399"}],"wp:featuredmedia":[{"embeddable":true,"href":"https:\/\/www.unisantos.br\/pos\/wp-json\/wp\/v2\/media\/673"}],"wp:attachment":[{"href":"https:\/\/www.unisantos.br\/pos\/wp-json\/wp\/v2\/media?parent=458"}],"curies":[{"name":"wp","href":"https:\/\/api.w.org\/{rel}","templated":true}]}}