{"id":450,"date":"2018-10-11T16:48:12","date_gmt":"2018-10-11T19:48:12","guid":{"rendered":"https:\/\/www.unisantos.br\/pos\/?page_id=450"},"modified":"2023-08-14T14:10:58","modified_gmt":"2023-08-14T17:10:58","slug":"edicao-de-imagem-utilizando-o-adobe-premiere","status":"publish","type":"page","link":"https:\/\/www.unisantos.br\/pos\/qualificacao\/edicao-de-imagem-utilizando-o-adobe-premiere\/","title":{"rendered":"Edi\u00e7\u00e3o de Imagem Utilizando o Adobe Premiere"},"content":{"rendered":"<p><strong>PROFESSOR RESPONS\u00c1VEL<\/strong><br \/>\nProf. Me. Marcos de Almeida Rubia<\/p>\n<p><strong>CARGA HOR\u00c1RIA<\/strong><br \/>\n15 h\/a<\/p>\n<p><strong>LOCAL<\/strong><br \/>\nCampus Dom Id\u00edlio Jos\u00e9 Soares<\/p>\n<p><strong>OBJETIVO<\/strong><br \/>\nCapacitar os alunos, como editores de v\u00eddeo, por meio do desenvolvimento de pr\u00e1ticas audiovisuais, utilizando as ferramentas do software Adobe Premiere<\/p>\n<p><strong>P\u00daBLICO-ALVO<\/strong><br \/>\nAluno ou graduados em comunica\u00e7\u00e3o e interessados em produ\u00e7\u00e3o audiovisual no geral<\/p>\n<p><strong>CONTE\u00daDO<br \/>\n<\/strong>Enquadramento e movimento<br \/>\nCria\u00e7\u00e3o de Projeto no software<br \/>\nImporta\u00e7\u00e3o de v\u00eddeos e \u00e1udios<br \/>\nCortes<br \/>\nFus\u00e3o<br \/>\nFade in \/ fade out<br \/>\nEfeito preto e branco<br \/>\nVelocidade de reprodu\u00e7\u00e3o<br \/>\nChroma Key<br \/>\nImporta\u00e7\u00e3o de Fotos<br \/>\nSlide Show<br \/>\nTratamento de \u00c1udio<br \/>\nConfigura\u00e7\u00e3o de Cores<br \/>\nEqualiza\u00e7\u00e3o de \u00c1udio<br \/>\nRevis\u00e3o<br \/>\nProdu\u00e7\u00e3o de uma pe\u00e7a audiovisual<\/p>\n<p><strong>OBSERVA\u00c7\u00d5ES<\/strong><br \/>\nA Universidade se reserva o direito de alterar o cronograma e o corpo docente.<br \/>\nDocumenta\u00e7\u00e3o necess\u00e1ria para quem n\u00e3o \u00e9 aluno da Cat\u00f3lica de Santos: c\u00f3pias do RG, CPF, certid\u00e3o de nascimento ou casamento.<br \/>\nA inscri\u00e7\u00e3o presencial s\u00f3 poder\u00e1 ser efetuada pelo interessado no curso, ou por pessoa munida de procura\u00e7\u00e3o autenticada em cart\u00f3rio.<br \/>\nA efetiva\u00e7\u00e3o da matr\u00edcula est\u00e1 condicionada ao pagamento do boleto da 1\u00aa. parcela e entrega da documenta\u00e7\u00e3o exigida.<\/p>\n<p><strong>OUTRAS INFORMA\u00c7\u00d5ES<\/strong><br \/>\nDepartamento de Atendimento Integrado<br \/>\nTelefones: (13) 3205-5555<br \/>\nE-mail: dat@unisantos.br<\/p>\n","protected":false},"excerpt":{"rendered":"<p>PROFESSOR RESPONS\u00c1VEL Prof. Me. Marcos de Almeida Rubia CARGA HOR\u00c1RIA 15 h\/a LOCAL Campus Dom Id\u00edlio Jos\u00e9 Soares OBJETIVO Capacitar [&hellip;]<\/p>\n","protected":false},"author":1,"featured_media":676,"parent":399,"menu_order":0,"comment_status":"closed","ping_status":"closed","template":"","meta":{"footnotes":""},"_links":{"self":[{"href":"https:\/\/www.unisantos.br\/pos\/wp-json\/wp\/v2\/pages\/450"}],"collection":[{"href":"https:\/\/www.unisantos.br\/pos\/wp-json\/wp\/v2\/pages"}],"about":[{"href":"https:\/\/www.unisantos.br\/pos\/wp-json\/wp\/v2\/types\/page"}],"author":[{"embeddable":true,"href":"https:\/\/www.unisantos.br\/pos\/wp-json\/wp\/v2\/users\/1"}],"replies":[{"embeddable":true,"href":"https:\/\/www.unisantos.br\/pos\/wp-json\/wp\/v2\/comments?post=450"}],"version-history":[{"count":10,"href":"https:\/\/www.unisantos.br\/pos\/wp-json\/wp\/v2\/pages\/450\/revisions"}],"predecessor-version":[{"id":5528,"href":"https:\/\/www.unisantos.br\/pos\/wp-json\/wp\/v2\/pages\/450\/revisions\/5528"}],"up":[{"embeddable":true,"href":"https:\/\/www.unisantos.br\/pos\/wp-json\/wp\/v2\/pages\/399"}],"wp:featuredmedia":[{"embeddable":true,"href":"https:\/\/www.unisantos.br\/pos\/wp-json\/wp\/v2\/media\/676"}],"wp:attachment":[{"href":"https:\/\/www.unisantos.br\/pos\/wp-json\/wp\/v2\/media?parent=450"}],"curies":[{"name":"wp","href":"https:\/\/api.w.org\/{rel}","templated":true}]}}