{"id":444,"date":"2018-10-11T16:43:25","date_gmt":"2018-10-11T19:43:25","guid":{"rendered":"https:\/\/www.unisantos.br\/pos\/?page_id=444"},"modified":"2025-11-06T13:29:49","modified_gmt":"2025-11-06T16:29:49","slug":"capacitacao-de-mediadores-e-conciliadores-judiciais","status":"publish","type":"page","link":"https:\/\/www.unisantos.br\/pos\/qualificacao\/capacitacao-de-mediadores-e-conciliadores-judiciais\/","title":{"rendered":"Capacita\u00e7\u00e3o de Mediadores e Conciliadores Judiciais"},"content":{"rendered":"<p>Curso credenciado pelo N\u00facleo Permanente de M\u00e9todos Consensuais de Solu\u00e7\u00e3o de Conflitos do Tribunal de Justi\u00e7a do Estado de S\u00e3o Paulo (Processo 2012\/139889). Resolu\u00e7\u00e3o n\u00ba. 125\/2010 do Conselho Nacional de Justi\u00e7a e Emenda n\u00ba 01\/2013 e 02\/2016 e a Resolu\u00e7\u00e3o n.06 de novembro de 2016 (alterada pela Resolu\u00e7\u00e3o da Enfam n.03 de junho de 2017)<\/p>\n<p><strong>PROFESSORA RESPONS\u00c1VEL<br \/>\n<\/strong>Prof\u00aa. Dr\u00aa. Adriana Machado da Silva<\/p>\n<p><strong>OBJETIVOS<\/strong><br \/>\nConhecer a normatiza\u00e7\u00e3o referente ao tema do Curso;<br \/>\nCompreender a pol\u00edtica p\u00fablica de tratamento adequado dos conflitos;<br \/>\nRefletir sobre o conceito de \u201cCONFLITO\u201d em seus v\u00e1rios aspectos;<br \/>\nConhecer o panorama nacional e internacional dos meios adequados de Solu\u00e7\u00f5es de Conflitos e principais t\u00e9cnicas;<br \/>\nDesenvolver habilidades Mediadoras e Conciliadoras.<\/p>\n<p><strong>P\u00daBLICO-ALVO<\/strong><br \/>\nAdvogados, membros da Magistratura e do Minist\u00e9rio P\u00fablico, promotores, gestores de Recursos Humanos, administradores, psic\u00f3logos, assistentes sociais, contadores, estudantes e demais interessados<\/p>\n<p><strong>Requisitos para exercer a atividade de conciliador ou mediador:<br \/>\n<\/strong><strong>Mediador judicial:<\/strong> Poder\u00e1 atuar como mediador judicial a pessoa capaz, graduada h\u00e1 pelo menos dois anos em curso de ensino superior de institui\u00e7\u00e3o reconhecida pelo Minist\u00e9rio da Educa\u00e7\u00e3o e que tenha obtido capacita\u00e7\u00e3o em escola ou institui\u00e7\u00e3o de forma\u00e7\u00e3o de mediadores, reconhecida pela Escola Nacional de Forma\u00e7\u00e3o e Aperfei\u00e7oamento de Magistrados &#8211; ENFAM ou pelos tribunais, observados os requisitos m\u00ednimos estabelecidos pelo Conselho Nacional de Justi\u00e7a em conjunto com o Minist\u00e9rio da Justi\u00e7a. (art. 11 da Lei 13.140\/2015)<br \/>\n<strong>Mediador extrajudicial:<\/strong> Poder\u00e1 funcionar como mediador extrajudicial qualquer pessoa capaz que tenha a confian\u00e7a das partes e seja capacitada para fazer media\u00e7\u00e3o, independentemente de integrar qualquer tipo de conselho, entidade de classe ou associa\u00e7\u00e3o, ou nele inscrever-se. (art. 9 da Lei 13. 140\/2015)<\/p>\n<p><strong>CONTE\u00daDO<br \/>\n<\/strong>Panorama hist\u00f3rico dos M\u00e9todos Consensuais de Solu\u00e7\u00e3o de Conflitos<br \/>\nCultura de Paz e M\u00e9todos solu\u00e7\u00e3o conflito<br \/>\nTeoria da Comunica\u00e7\u00e3o<br \/>\nModerna Teoria do Conflito<br \/>\nPol\u00edtica Nacional de Tratamento Adequado de Conflitos<br \/>\nNegocia\u00e7\u00e3o e T\u00e9cnicas B\u00e1sicas de Negocia\u00e7\u00e3o e Concilia\u00e7\u00e3o Judicial e Extrajudicial<br \/>\nConcilia\u00e7\u00e3o: Conceito e Filosofia. Concilia\u00e7\u00e3o Judicial e Extrajudicial<br \/>\nT\u00e9cnicas de concilia\u00e7\u00e3o. Etapas e caso simulado<br \/>\nMedia\u00e7\u00e3o: Defini\u00e7\u00e3o. Conceito. Judicial e extrajudicial<br \/>\nMedia\u00e7\u00e3o: Defini\u00e7\u00e3o. Conceito. Judicial e extrajudicial<br \/>\nT\u00e9cnicas ou ferramentas de media\u00e7\u00e3o. Casos simulados<br \/>\nEtapas da Media\u00e7\u00e3o e Concilia\u00e7\u00e3o<br \/>\nFormaliza\u00e7\u00e3o do Acordo<br \/>\nReda\u00e7\u00e3o de Acordo e Casos Simulados<br \/>\nInterdisciplinaridade da media\u00e7\u00e3o e concilia\u00e7\u00e3o:\u00a0 direito penal<br \/>\nInterdisciplinaridade da media\u00e7\u00e3o e concilia\u00e7\u00e3o: sociologia, psicologia e antropologia<br \/>\n\u00c1reas de utiliza\u00e7\u00e3o da media\u00e7\u00e3o e concilia\u00e7\u00e3o: Media\u00e7\u00e3o Fiscal e Previdenci\u00e1ria<br \/>\nAplica\u00e7\u00e3o e t\u00e9cnicas de CNV para aprimoramento das rela\u00e7\u00f5es interpessoais, no exerc\u00edcio do papel do mediador e conciliador<br \/>\nA \u00e9tica de conciliadores e mediadores. Deontologia e suas aplica\u00e7\u00f5es no poder judici\u00e1rio<br \/>\nA Parentalidade e as quest\u00f5es que envolvem a Solu\u00e7\u00e3o pac\u00edfica de Conflitos<br \/>\nApresenta\u00e7\u00e3o de Est\u00e1gio e Plant\u00e3o de D\u00favidas<\/p>\n<p><strong>CARGA HOR\u00c1RIA<br \/>\n<\/strong>60 h\/a Te\u00f3rica<br \/>\n60 h Est\u00e1gio<\/p>\n<p><strong>OBSERVA\u00c7\u00d5ES<\/strong><br \/>\nA Universidade se reserva o direito de alterar o cronograma e o corpo docente.<br \/>\nDocumenta\u00e7\u00e3o necess\u00e1ria para quem n\u00e3o \u00e9 aluno da Cat\u00f3lica de Santos:\u00a0c\u00f3pias do RG, CPF, certid\u00e3o de nascimento ou casamento.<br \/>\nA inscri\u00e7\u00e3o presencial s\u00f3 poder\u00e1 ser efetuada pelo interessado no curso, ou por pessoa munida de procura\u00e7\u00e3o autenticada em cart\u00f3rio.<br \/>\nA efetiva\u00e7\u00e3o da matr\u00edcula est\u00e1 condicionada ao pagamento do boleto da 1\u00aa. parcela e entrega da documenta\u00e7\u00e3o exigida.<\/p>\n<p><strong>OBSERVA\u00c7\u00d5ES FINAIS<br \/>\n<\/strong><strong>O curso \u00e9 presencial. Exige 100% de presen\u00e7a (Resolu\u00e7\u00e3o n. 06 de 2016 da Enfam)<br \/>\n<\/strong>O est\u00e1gio curricular \u00e9 obrigat\u00f3rio e faz parte do Projeto Pedag\u00f3gico do Curso. O est\u00e1gio obrigat\u00f3rio \u00e9 regulamentado pelo Nupemec do Tribunal de Justi\u00e7a de S\u00e3o Paulo, de acordo com Regulamenta\u00e7\u00e3o do CNJ e Resolu\u00e7\u00e3o n. 06 da Enfam alterado pela Resolu\u00e7\u00e3o n. 03 de 2017.<br \/>\nO curso prev\u00ea a realiza\u00e7\u00e3o de no m\u00ednimo 60 horas de est\u00e1gio supervisionado.<br \/>\nO certificado referente ao curso de <strong><em>Capacita\u00e7\u00e3o de Mediadores e Conciliadores Judiciais<\/em><\/strong>\u00a0somente ser\u00e1 expedido depois da valida\u00e7\u00e3o da documenta\u00e7\u00e3o referente ao est\u00e1gio obrigat\u00f3rio.<\/p>\n<p><strong>OUTRAS INFORMA\u00c7\u00d5ES<\/strong><br \/>\nSecretaria de Direito<br \/>\nTelefones: (13) 3205-5555<br \/>\nE-mail: secidilio@unisantos.br<\/p>\n","protected":false},"excerpt":{"rendered":"<p>Curso credenciado pelo N\u00facleo Permanente de M\u00e9todos Consensuais de Solu\u00e7\u00e3o de Conflitos do Tribunal de Justi\u00e7a do Estado de S\u00e3o [&hellip;]<\/p>\n","protected":false},"author":1,"featured_media":684,"parent":399,"menu_order":0,"comment_status":"closed","ping_status":"closed","template":"","meta":{"footnotes":""},"_links":{"self":[{"href":"https:\/\/www.unisantos.br\/pos\/wp-json\/wp\/v2\/pages\/444"}],"collection":[{"href":"https:\/\/www.unisantos.br\/pos\/wp-json\/wp\/v2\/pages"}],"about":[{"href":"https:\/\/www.unisantos.br\/pos\/wp-json\/wp\/v2\/types\/page"}],"author":[{"embeddable":true,"href":"https:\/\/www.unisantos.br\/pos\/wp-json\/wp\/v2\/users\/1"}],"replies":[{"embeddable":true,"href":"https:\/\/www.unisantos.br\/pos\/wp-json\/wp\/v2\/comments?post=444"}],"version-history":[{"count":35,"href":"https:\/\/www.unisantos.br\/pos\/wp-json\/wp\/v2\/pages\/444\/revisions"}],"predecessor-version":[{"id":7085,"href":"https:\/\/www.unisantos.br\/pos\/wp-json\/wp\/v2\/pages\/444\/revisions\/7085"}],"up":[{"embeddable":true,"href":"https:\/\/www.unisantos.br\/pos\/wp-json\/wp\/v2\/pages\/399"}],"wp:featuredmedia":[{"embeddable":true,"href":"https:\/\/www.unisantos.br\/pos\/wp-json\/wp\/v2\/media\/684"}],"wp:attachment":[{"href":"https:\/\/www.unisantos.br\/pos\/wp-json\/wp\/v2\/media?parent=444"}],"curies":[{"name":"wp","href":"https:\/\/api.w.org\/{rel}","templated":true}]}}