{"id":442,"date":"2018-10-11T16:42:34","date_gmt":"2018-10-11T19:42:34","guid":{"rendered":"https:\/\/www.unisantos.br\/pos\/?page_id=442"},"modified":"2021-09-28T18:21:04","modified_gmt":"2021-09-28T21:21:04","slug":"aprendendo-a-usar-alimentos-nao-convencionais","status":"publish","type":"page","link":"https:\/\/www.unisantos.br\/pos\/qualificacao\/aprendendo-a-usar-alimentos-nao-convencionais\/","title":{"rendered":"Aprendendo a Usar Alimentos N\u00e3o Convencionais"},"content":{"rendered":"<p><strong>CARGA HOR\u00c1RIA<\/strong><br \/>\n5\u00a0h\/a<\/p>\n<p><strong>P\u00daBLICO-ALVO<\/strong><br \/>\nP\u00fablico em geral<\/p>\n<p><strong>OBJETIVO<br \/>\n<\/strong>Apresentar as possibilidades de uma alimenta\u00e7\u00e3o alternativa e consciente, utilizando alimentos sustent\u00e1veis da fauna e flora brasileira.<\/p>\n<p><strong>CONTE\u00daDO<\/strong><br \/>\nTeoria e Pr\u00e1tica do preparo com PANCs e PENACOs<br \/>\nDegusta\u00e7\u00e3o<\/p>\n<p><strong>OBSERVA\u00c7\u00d5ES<\/strong><br \/>\nA Universidade se reserva o direito de alterar o cronograma e o corpo docente.<br \/>\nDocumenta\u00e7\u00e3o necess\u00e1ria para quem n\u00e3o \u00e9 aluno da Cat\u00f3lica de Santos: c\u00f3pias do RG, CPF, certid\u00e3o de nascimento ou casamento.<br \/>\nA inscri\u00e7\u00e3o presencial s\u00f3 poder\u00e1 ser efetuada pelo interessado no curso, ou por pessoa munida de procura\u00e7\u00e3o autenticada em cart\u00f3rio.<br \/>\nA efetiva\u00e7\u00e3o da matr\u00edcula est\u00e1 condicionada ao pagamento do boleto da 1\u00aa. parcela e entrega da documenta\u00e7\u00e3o exigida.<\/p>\n<p><strong>OUTRAS INFORMA\u00c7\u00d5ES<\/strong><br \/>\nDepartamento de Atendimento Integrado<br \/>\nTelefones: (13) 3205-5555<br \/>\nE-mail: dat@unisantos.br<\/p>\n","protected":false},"excerpt":{"rendered":"<p>CARGA HOR\u00c1RIA 5\u00a0h\/a P\u00daBLICO-ALVO P\u00fablico em geral OBJETIVO Apresentar as possibilidades de uma alimenta\u00e7\u00e3o alternativa e consciente, utilizando alimentos sustent\u00e1veis [&hellip;]<\/p>\n","protected":false},"author":1,"featured_media":674,"parent":399,"menu_order":0,"comment_status":"closed","ping_status":"closed","template":"","meta":{"footnotes":""},"_links":{"self":[{"href":"https:\/\/www.unisantos.br\/pos\/wp-json\/wp\/v2\/pages\/442"}],"collection":[{"href":"https:\/\/www.unisantos.br\/pos\/wp-json\/wp\/v2\/pages"}],"about":[{"href":"https:\/\/www.unisantos.br\/pos\/wp-json\/wp\/v2\/types\/page"}],"author":[{"embeddable":true,"href":"https:\/\/www.unisantos.br\/pos\/wp-json\/wp\/v2\/users\/1"}],"replies":[{"embeddable":true,"href":"https:\/\/www.unisantos.br\/pos\/wp-json\/wp\/v2\/comments?post=442"}],"version-history":[{"count":3,"href":"https:\/\/www.unisantos.br\/pos\/wp-json\/wp\/v2\/pages\/442\/revisions"}],"predecessor-version":[{"id":3995,"href":"https:\/\/www.unisantos.br\/pos\/wp-json\/wp\/v2\/pages\/442\/revisions\/3995"}],"up":[{"embeddable":true,"href":"https:\/\/www.unisantos.br\/pos\/wp-json\/wp\/v2\/pages\/399"}],"wp:featuredmedia":[{"embeddable":true,"href":"https:\/\/www.unisantos.br\/pos\/wp-json\/wp\/v2\/media\/674"}],"wp:attachment":[{"href":"https:\/\/www.unisantos.br\/pos\/wp-json\/wp\/v2\/media?parent=442"}],"curies":[{"name":"wp","href":"https:\/\/api.w.org\/{rel}","templated":true}]}}