{"id":436,"date":"2018-10-11T16:39:34","date_gmt":"2018-10-11T19:39:34","guid":{"rendered":"https:\/\/www.unisantos.br\/pos\/?page_id=436"},"modified":"2021-09-28T18:26:10","modified_gmt":"2021-09-28T21:26:10","slug":"a-flora-brasileira-e-as-plantas-medicinais-o-que-a-nossa-vegetacao-tem-a-nos-oferecer","status":"publish","type":"page","link":"https:\/\/www.unisantos.br\/pos\/qualificacao\/a-flora-brasileira-e-as-plantas-medicinais-o-que-a-nossa-vegetacao-tem-a-nos-oferecer\/","title":{"rendered":"A Flora Brasileira e as Plantas Medicinais: O Que a Nossa Vegeta\u00e7\u00e3o Tem a Nos Oferecer"},"content":{"rendered":"<p><strong>CARGA HOR\u00c1RIA<br \/>\n<\/strong>4 h\/a<strong>\u00a0<\/strong><\/p>\n<p><strong>OBJETIVO<br \/>\n<\/strong>Identificar as principais esp\u00e9cies nativas com potencial medicinal;<br \/>\nEntender a import\u00e2ncia das plantas medicinais e reconhecer as t\u00e9cnicas mais utilizadas para a obten\u00e7\u00e3o e libera\u00e7\u00e3o dos princ\u00edpios ativos.<strong>\u00a0<\/strong><\/p>\n<p><strong>P\u00daBLICO-ALVO<br \/>\n<\/strong>Aberto a interessados(as) em plantas medicinais<\/p>\n<p><strong>CONTE\u00daDO<br \/>\n<\/strong>Te\u00f3rico &#8211; Distribui\u00e7\u00e3o dos dom\u00ednios de vegeta\u00e7\u00e3o do Brasil<br \/>\nTe\u00f3rico &#8211; As plantas medicinais e suas propriedades farmacol\u00f3gicas<br \/>\nTe\u00f3rico &#8211; As principais plantas medicinais brasileiras<br \/>\nPr\u00e1tico &#8211; Conhecendo as plantas medicinais da Mata Atl\u00e2ntica. Pr\u00e1tica com a erva-mate (<em>Ilex paraguariensis<\/em>)<\/p>\n<p><strong>OBSERVA\u00c7\u00d5ES<br \/>\n<\/strong>A Universidade se reserva o direito de alterar o cronograma e o corpo docente.<br \/>\nDocumenta\u00e7\u00e3o necess\u00e1ria para quem n\u00e3o \u00e9 aluno da Cat\u00f3lica de Santos: c\u00f3pias do RG, CPF, certid\u00e3o de nascimento ou casamento.<br \/>\nA inscri\u00e7\u00e3o presencial s\u00f3 poder\u00e1 ser efetuada pelo interessado no curso, ou por pessoa munida de procura\u00e7\u00e3o autenticada em cart\u00f3rio.<br \/>\nA efetiva\u00e7\u00e3o da matr\u00edcula est\u00e1 condicionada ao pagamento do boleto da 1\u00aa. parcela e entrega da documenta\u00e7\u00e3o exigida.<\/p>\n<p><strong>OUTRAS INFORMA\u00c7\u00d5ES<br \/>\n<\/strong>Departamento de Atendimento Integrado<br \/>\nTelefone: (13) 3205-5555<br \/>\nE-mail: dat@unisantos.br<\/p>\n<p>&nbsp;<\/p>\n","protected":false},"excerpt":{"rendered":"<p>CARGA HOR\u00c1RIA 4 h\/a\u00a0 OBJETIVO Identificar as principais esp\u00e9cies nativas com potencial medicinal; Entender a import\u00e2ncia das plantas medicinais e [&hellip;]<\/p>\n","protected":false},"author":1,"featured_media":677,"parent":399,"menu_order":0,"comment_status":"closed","ping_status":"closed","template":"","meta":{"footnotes":""},"_links":{"self":[{"href":"https:\/\/www.unisantos.br\/pos\/wp-json\/wp\/v2\/pages\/436"}],"collection":[{"href":"https:\/\/www.unisantos.br\/pos\/wp-json\/wp\/v2\/pages"}],"about":[{"href":"https:\/\/www.unisantos.br\/pos\/wp-json\/wp\/v2\/types\/page"}],"author":[{"embeddable":true,"href":"https:\/\/www.unisantos.br\/pos\/wp-json\/wp\/v2\/users\/1"}],"replies":[{"embeddable":true,"href":"https:\/\/www.unisantos.br\/pos\/wp-json\/wp\/v2\/comments?post=436"}],"version-history":[{"count":5,"href":"https:\/\/www.unisantos.br\/pos\/wp-json\/wp\/v2\/pages\/436\/revisions"}],"predecessor-version":[{"id":4001,"href":"https:\/\/www.unisantos.br\/pos\/wp-json\/wp\/v2\/pages\/436\/revisions\/4001"}],"up":[{"embeddable":true,"href":"https:\/\/www.unisantos.br\/pos\/wp-json\/wp\/v2\/pages\/399"}],"wp:featuredmedia":[{"embeddable":true,"href":"https:\/\/www.unisantos.br\/pos\/wp-json\/wp\/v2\/media\/677"}],"wp:attachment":[{"href":"https:\/\/www.unisantos.br\/pos\/wp-json\/wp\/v2\/media?parent=436"}],"curies":[{"name":"wp","href":"https:\/\/api.w.org\/{rel}","templated":true}]}}