{"id":427,"date":"2018-10-11T16:18:15","date_gmt":"2018-10-11T19:18:15","guid":{"rendered":"https:\/\/www.unisantos.br\/pos\/?page_id=427"},"modified":"2023-08-14T14:30:27","modified_gmt":"2023-08-14T17:30:27","slug":"portugues-para-estrangeiros-i","status":"publish","type":"page","link":"https:\/\/www.unisantos.br\/pos\/centro-de-linguas\/portugues-para-estrangeiros-i\/","title":{"rendered":"Portugu\u00eas para Estrangeiros I"},"content":{"rendered":"<p><strong style=\"line-height: 1.5em\">PROFESSOR RESPONS\u00c1VEL<br \/>\n<\/strong>Prof. Me. Jos\u00e9 Martinho Gomes<\/p>\n<p><strong>CARGA HOR\u00c1RIA<\/strong><br \/>\n30hrs<\/p>\n<p><strong>LOCAL<br \/>\n<\/strong>Campus Dom Id\u00edlio Jos\u00e9 Soares<\/p>\n<p><strong>OBJETIVO<\/strong><br \/>\nAmpliar o conhecimento e proporcionar novas possibilidades nos \u00e2mbitos profissional, intelectual e cultural<\/p>\n<p><strong>P\u00daBLICO-ALVO<\/strong><br \/>\nAlunos estrangeiros da UniSantos e demais interessados<\/p>\n<p><strong>CONTE\u00daDO<\/strong><br \/>\nLeitura e gram\u00e1tica contextualizada<br \/>\nEstudos culturais sobre o Brasil<br \/>\nProdu\u00e7\u00e3o textual: corre\u00e7\u00e3o e coment\u00e1rios<br \/>\nCompreens\u00e3o oral<\/p>\n<p><strong>OBSERVA\u00c7\u00d5ES<br \/>\n<\/strong>A Universidade Cat\u00f3lica de Santos se reserva o direito de alterar o cronograma e o corpo docente.<br \/>\nDocumenta\u00e7\u00e3o necess\u00e1ria: c\u00f3pias do RG, CPF, certid\u00e3o de nascimento ou casamento.<br \/>\nA inscri\u00e7\u00e3o presencial s\u00f3 poder\u00e1 ser efetuada pelo interessado no curso, ou por pessoa munida de procura\u00e7\u00e3o autenticada em cart\u00f3rio.<br \/>\nA efetiva\u00e7\u00e3o da matr\u00edcula est\u00e1 condicionada ao pagamento do boleto da 1\u00aa. parcela e entrega da documenta\u00e7\u00e3o exigida.<\/p>\n<p><strong>Entrevista:<\/strong> Antes de realizar a matr\u00edcula os estudantes devem entrar em contato com o Prof. Me. Jos\u00e9 Martinho Gomes pelo e-mail coord.letra@unisantos.br para o agendamento da entrevista. Por favor colocar no campo assunto PORTUGU\u00caS PARA ESTRANGEIROS I \u2013 Entrevista (nome completo do aluno).<\/p>\n<p><strong>OUTRAS INFORMA\u00c7\u00d5ES<\/strong><br \/>\nDepartamento de Atendimento Integrado<br \/>\nTelefone: (13) 3205-5555<br \/>\nE-mail: dat@unisantos.br<\/p>\n","protected":false},"excerpt":{"rendered":"<p>PROFESSOR RESPONS\u00c1VEL Prof. Me. Jos\u00e9 Martinho Gomes CARGA HOR\u00c1RIA 30hrs LOCAL Campus Dom Id\u00edlio Jos\u00e9 Soares OBJETIVO Ampliar o conhecimento [&hellip;]<\/p>\n","protected":false},"author":1,"featured_media":0,"parent":397,"menu_order":0,"comment_status":"closed","ping_status":"closed","template":"","meta":{"footnotes":""},"_links":{"self":[{"href":"https:\/\/www.unisantos.br\/pos\/wp-json\/wp\/v2\/pages\/427"}],"collection":[{"href":"https:\/\/www.unisantos.br\/pos\/wp-json\/wp\/v2\/pages"}],"about":[{"href":"https:\/\/www.unisantos.br\/pos\/wp-json\/wp\/v2\/types\/page"}],"author":[{"embeddable":true,"href":"https:\/\/www.unisantos.br\/pos\/wp-json\/wp\/v2\/users\/1"}],"replies":[{"embeddable":true,"href":"https:\/\/www.unisantos.br\/pos\/wp-json\/wp\/v2\/comments?post=427"}],"version-history":[{"count":3,"href":"https:\/\/www.unisantos.br\/pos\/wp-json\/wp\/v2\/pages\/427\/revisions"}],"predecessor-version":[{"id":5576,"href":"https:\/\/www.unisantos.br\/pos\/wp-json\/wp\/v2\/pages\/427\/revisions\/5576"}],"up":[{"embeddable":true,"href":"https:\/\/www.unisantos.br\/pos\/wp-json\/wp\/v2\/pages\/397"}],"wp:attachment":[{"href":"https:\/\/www.unisantos.br\/pos\/wp-json\/wp\/v2\/media?parent=427"}],"curies":[{"name":"wp","href":"https:\/\/api.w.org\/{rel}","templated":true}]}}