{"id":425,"date":"2018-10-11T16:17:46","date_gmt":"2018-10-11T19:17:46","guid":{"rendered":"https:\/\/www.unisantos.br\/pos\/?page_id=425"},"modified":"2023-08-14T14:29:35","modified_gmt":"2023-08-14T17:29:35","slug":"latim-i","status":"publish","type":"page","link":"https:\/\/www.unisantos.br\/pos\/centro-de-linguas\/latim-i\/","title":{"rendered":"Latim I"},"content":{"rendered":"<p><strong>PROFESSORA RESPONS\u00c1VEL<br \/>\n<\/strong>Prof\u00aa. Me. Deise Maria Biazon<\/p>\n<p><strong>CARGA HOR\u00c1RIA<\/strong><br \/>\n39 h\/a<\/p>\n<p><strong>LOCAL<br \/>\n<\/strong>Campus Dom Id\u00edlio Jos\u00e9 Soares<\/p>\n<p><strong>OBJETIVO<\/strong><br \/>\nPropiciar ao estudante o dom\u00ednio das estruturas lingu\u00edsticas b\u00e1sicas do Latim que permitam uma abordagem inicial explorat\u00f3ria de textos latinos e subs\u00eddios para o aprofundamento de estudos do idioma vern\u00e1culo.<\/p>\n<p><strong>P\u00daBLICO-ALVO<\/strong><br \/>\nEstudantes da gradua\u00e7\u00e3o, p\u00f3s-gradua\u00e7\u00e3o e p\u00fablico em geral.<\/p>\n<p><strong>CONTE\u00daDO<br \/>\n<\/strong>Introdu\u00e7\u00e3o \u00e0 l\u00edngua latina<br \/>\nPron\u00fancias latinas: Pron\u00fancia tradicional, romana e restaurada<br \/>\nCasos latinos e sua correspond\u00eancia \u00e0s fun\u00e7\u00f5es sint\u00e1ticas da l\u00edngua portuguesa<br \/>\nPrimeira declina\u00e7\u00e3o<br \/>\nExerc\u00edcios<br \/>\nSegunda declina\u00e7\u00e3o<br \/>\nExerc\u00edcios<br \/>\nAdjetivos de primeira classe<br \/>\nExerc\u00edcios<br \/>\nExpress\u00f5es latinas<br \/>\nAvalia\u00e7\u00e3o<br \/>\nComent\u00e1rios sobre as avalia\u00e7\u00f5es e atividades pr\u00e1ticas<br \/>\nTerceira declina\u00e7\u00e3o \u2013 palavras masculinas e femininas<br \/>\nTerceira declina\u00e7\u00e3o \u2013 palavras neutras<br \/>\nExerc\u00edcios<br \/>\nAdjetivos de segunda classe<br \/>\nExerc\u00edcios<br \/>\nQuarta declina\u00e7\u00e3o<br \/>\nQuinta declina\u00e7\u00e3o<br \/>\nPronomes pessoais, relativos e interrogativos<br \/>\nExerc\u00edcios<br \/>\nPronomes demonstrativos e possessivos<br \/>\nNumerais ordinais e cardinais<br \/>\nEstudo dos verbos: as quatro conjuga\u00e7\u00f5es<br \/>\nAvalia\u00e7\u00e3o<br \/>\nComent\u00e1rios sobre a avalia\u00e7\u00e3o<\/p>\n<p><strong>OBSERVA\u00c7\u00d5ES<br \/>\n<\/strong>A Universidade se reserva o direito de alterar o cronograma e o corpo docente.<br \/>\nDocumenta\u00e7\u00e3o necess\u00e1ria para quem n\u00e3o \u00e9 aluno da Cat\u00f3lica de Santos: c\u00f3pias do RG, CPF, certid\u00e3o de nascimento ou casamento.<br \/>\nA inscri\u00e7\u00e3o presencial s\u00f3 poder\u00e1 ser efetuada pelo interessado no curso, ou por pessoa munida de procura\u00e7\u00e3o autenticada em cart\u00f3rio.<br \/>\nA efetiva\u00e7\u00e3o da matr\u00edcula est\u00e1 condicionada ao pagamento do boleto da 1\u00aa. parcela e entrega da documenta\u00e7\u00e3o exigida.<\/p>\n<p><strong>OUTRAS INFORMA\u00c7\u00d5ES<\/strong><br \/>\nDepartamento de Atendimento Integrado<br \/>\nTelefones: (13) 3205-5555<br \/>\nE-mail: dat@unisantos.br<\/p>\n","protected":false},"excerpt":{"rendered":"<p>PROFESSORA RESPONS\u00c1VEL Prof\u00aa. Me. Deise Maria Biazon CARGA HOR\u00c1RIA 39 h\/a LOCAL Campus Dom Id\u00edlio Jos\u00e9 Soares OBJETIVO Propiciar ao [&hellip;]<\/p>\n","protected":false},"author":1,"featured_media":0,"parent":397,"menu_order":0,"comment_status":"closed","ping_status":"closed","template":"","meta":{"footnotes":""},"_links":{"self":[{"href":"https:\/\/www.unisantos.br\/pos\/wp-json\/wp\/v2\/pages\/425"}],"collection":[{"href":"https:\/\/www.unisantos.br\/pos\/wp-json\/wp\/v2\/pages"}],"about":[{"href":"https:\/\/www.unisantos.br\/pos\/wp-json\/wp\/v2\/types\/page"}],"author":[{"embeddable":true,"href":"https:\/\/www.unisantos.br\/pos\/wp-json\/wp\/v2\/users\/1"}],"replies":[{"embeddable":true,"href":"https:\/\/www.unisantos.br\/pos\/wp-json\/wp\/v2\/comments?post=425"}],"version-history":[{"count":5,"href":"https:\/\/www.unisantos.br\/pos\/wp-json\/wp\/v2\/pages\/425\/revisions"}],"predecessor-version":[{"id":5571,"href":"https:\/\/www.unisantos.br\/pos\/wp-json\/wp\/v2\/pages\/425\/revisions\/5571"}],"up":[{"embeddable":true,"href":"https:\/\/www.unisantos.br\/pos\/wp-json\/wp\/v2\/pages\/397"}],"wp:attachment":[{"href":"https:\/\/www.unisantos.br\/pos\/wp-json\/wp\/v2\/media?parent=425"}],"curies":[{"name":"wp","href":"https:\/\/api.w.org\/{rel}","templated":true}]}}