{"id":419,"date":"2018-10-11T16:14:15","date_gmt":"2018-10-11T19:14:15","guid":{"rendered":"https:\/\/www.unisantos.br\/pos\/?page_id=419"},"modified":"2024-09-02T14:24:05","modified_gmt":"2024-09-02T17:24:05","slug":"libras-i","status":"publish","type":"page","link":"https:\/\/www.unisantos.br\/pos\/centro-de-linguas\/libras-i\/","title":{"rendered":"Libras I"},"content":{"rendered":"<p><b>PROFESSORA RESPONS\u00c1VEL<br \/>\n<\/b>Prof\u00aa. Me. Samanta Cassuriaga Carvalho Noronha<\/p>\n<p><strong>CARGA HOR\u00c1RIA<\/strong><br \/>\n30 h\/a<\/p>\n<p><strong>LOCAL<br \/>\n<\/strong>Campus Dom Id\u00edlio Jos\u00e9 Soares<\/p>\n<p><strong>OBJETIVOS<\/strong><br \/>\n\u2022 Reconhecer a Libras como uma l\u00edngua com estrutura gramatical pr\u00f3pria;<br \/>\n\u2022 Identificar os cinco par\u00e2metros funcionais dos sinais;<br \/>\n\u2022 Desmistificar estere\u00f3tipos e promover a valoriza\u00e7\u00e3o da diversidade e da inclus\u00e3o;<br \/>\n\u2022 Desenvolver habilidades b\u00e1sicas de comunica\u00e7\u00e3o em Libras para intera\u00e7\u00f5es simples do dia a dia..<\/p>\n<p><strong>P\u00daBLICO-ALVO<\/strong><br \/>\nAlunos da gradua\u00e7\u00e3o, p\u00f3s-gradua\u00e7\u00e3o e p\u00fablico em geral.<\/p>\n<p><strong>CONTE\u00daDO<\/strong><br \/>\nHist\u00f3ria da Libras e da comunidade surda;<br \/>\nReconhecimento da Libras como l\u00edngua oficial;<br \/>\nCultura surda \/ Sauda\u00e7\u00f5es<br \/>\nAlfabeto<br \/>\nNomes \/ Sinais (batismo)<br \/>\nOs cinco par\u00e2metros da Libras<br \/>\nAtividades pr\u00e1ticas<br \/>\nApresenta\u00e7\u00e3o pessoal<br \/>\nExpress\u00f5es faciais e corporais<br \/>\nCalend\u00e1rio<br \/>\nPronomes (possessivos\/demonstrativos\/tratamento)<br \/>\nLugares<br \/>\nMeios de transporte<br \/>\nAdjetivos<br \/>\nAtividade avaliativa parcial<br \/>\nCorpo humano<br \/>\nN\u00fameros cardinais e ordinais<br \/>\nHora\/Rel\u00f3gio<br \/>\nDias da Semana \/ Meses<br \/>\nDila\u00f3gos b\u00e1sicos<br \/>\nAtividades pr\u00e1ticas<br \/>\nEsta\u00e7\u00f5es do ano \/ Tempo<br \/>\nCultura Surda e identidade<br \/>\nMitos e verdades sobre Libras<br \/>\nVerbos em Libras (parte I)<br \/>\nVerbos em Libras (parte II)<br \/>\nClassificadores (parte I)<br \/>\nClassificadores (parte I)<br \/>\nDi\u00e1logos com o vocabul\u00e1rio aprendido<br \/>\nAtividade avaliativa final<br \/>\nEncerramento do curso (todo sinalizado)<\/p>\n<p><strong>OBSERVA\u00c7\u00d5ES<\/strong><br \/>\nA Universidade se reserva o direito de alterar o cronograma e o corpo docente.<br \/>\nDocumenta\u00e7\u00e3o necess\u00e1ria para quem n\u00e3o \u00e9 aluno da Cat\u00f3lica de Santos: c\u00f3pias do RG, CPF, certid\u00e3o de nascimento ou casamento.<br \/>\nA inscri\u00e7\u00e3o presencial s\u00f3 poder\u00e1 ser efetuada pelo interessado no curso, ou por pessoa munida de procura\u00e7\u00e3o autenticada em cart\u00f3rio.<br \/>\nA efetiva\u00e7\u00e3o da matr\u00edcula est\u00e1 condicionada ao pagamento do boleto da 1\u00aa. parcela e entrega da documenta\u00e7\u00e3o exigida.<\/p>\n<p><strong>OUTRAS INFORMA\u00c7\u00d5ES<\/strong><br \/>\nDepartamento de Atendimento Integrado<br \/>\nTelefone: (13) 3205-5555<br \/>\nE-mail: dat@unisantos.br<\/p>\n","protected":false},"excerpt":{"rendered":"<p>PROFESSORA RESPONS\u00c1VEL Prof\u00aa. Me. Samanta Cassuriaga Carvalho Noronha CARGA HOR\u00c1RIA 30 h\/a LOCAL Campus Dom Id\u00edlio Jos\u00e9 Soares OBJETIVOS \u2022 [&hellip;]<\/p>\n","protected":false},"author":1,"featured_media":0,"parent":397,"menu_order":0,"comment_status":"closed","ping_status":"closed","template":"","meta":{"footnotes":""},"_links":{"self":[{"href":"https:\/\/www.unisantos.br\/pos\/wp-json\/wp\/v2\/pages\/419"}],"collection":[{"href":"https:\/\/www.unisantos.br\/pos\/wp-json\/wp\/v2\/pages"}],"about":[{"href":"https:\/\/www.unisantos.br\/pos\/wp-json\/wp\/v2\/types\/page"}],"author":[{"embeddable":true,"href":"https:\/\/www.unisantos.br\/pos\/wp-json\/wp\/v2\/users\/1"}],"replies":[{"embeddable":true,"href":"https:\/\/www.unisantos.br\/pos\/wp-json\/wp\/v2\/comments?post=419"}],"version-history":[{"count":23,"href":"https:\/\/www.unisantos.br\/pos\/wp-json\/wp\/v2\/pages\/419\/revisions"}],"predecessor-version":[{"id":6302,"href":"https:\/\/www.unisantos.br\/pos\/wp-json\/wp\/v2\/pages\/419\/revisions\/6302"}],"up":[{"embeddable":true,"href":"https:\/\/www.unisantos.br\/pos\/wp-json\/wp\/v2\/pages\/397"}],"wp:attachment":[{"href":"https:\/\/www.unisantos.br\/pos\/wp-json\/wp\/v2\/media?parent=419"}],"curies":[{"name":"wp","href":"https:\/\/api.w.org\/{rel}","templated":true}]}}