{"id":4184,"date":"2022-01-18T12:57:24","date_gmt":"2022-01-18T15:57:24","guid":{"rendered":"https:\/\/www.unisantos.br\/pos\/?page_id=4184"},"modified":"2025-03-07T16:53:46","modified_gmt":"2025-03-07T19:53:46","slug":"ensino-de-idiomas-lingua-inglesa-2","status":"publish","type":"page","link":"https:\/\/www.unisantos.br\/pos\/lato-sensu\/ensino-de-idiomas-lingua-inglesa-2\/","title":{"rendered":"Ensino de Idiomas: L\u00edngua Inglesa"},"content":{"rendered":"<p><strong>PROFESSOR RESPONS\u00c1VEL<br \/>\n<\/strong>Prof. Me. Jos\u00e9 Martinho Gomes<\/p>\n<p><strong>CARGA HOR\u00c1RIA<br \/>\n<span style=\"font-weight: 400;\">360 horas<\/span><\/strong><\/p>\n<p><strong>IN\u00cdCIO<\/strong><br \/>\nMar\u00e7o\/2025<\/p>\n<p><strong>DIA\/HOR\u00c1RIOS<\/strong><br \/>\nSexta-feira, 8h \u00e0s 12h e das 13h \u00e0s 17h<\/p>\n<p><strong>MODALIDADE<br \/>\n<\/strong>H\u00edbrida, organizada em encontros presenciais e conte\u00fados digitais dispon\u00edveis em Ambiente Virtual de Aprendizagem<\/p>\n<p><strong>P\u00daBLICO-ALVO<br \/>\n<\/strong>Licenciados em Letras e graduados de qualquer \u00e1rea que atuem no ensino da l\u00edngua inglesa em escolas de idiomas.<\/p>\n<p><strong>OBJETIVO<br \/>\n<\/strong>Formar profissionais para o ensino de l\u00edngua inglesa em um contexto n\u00e3o somente t\u00e9cnico, mas tamb\u00e9m humanista e multicultural.<\/p>\n<p><strong>INVESTIMENTO<\/strong><br \/>\n16 parcelas de R$ 399<\/p>\n<p><strong>CONTE\u00daDO CURRICULAR<br \/>\n<\/strong>\u2022\u00a0Abordagens, m\u00e9todos e t\u00e9cnicas no ensino de idiomas<br \/>\n\u2022 Globaliza\u00e7\u00e3o e multilinguismo<br \/>\n\u2022 Avalia\u00e7\u00e3o no ensino de l\u00edngua inglesa (EAD)<br \/>\n\u2022 Gram\u00e1tica avan\u00e7ada da l\u00edngua inglesa<br \/>\n\u2022 Cultura e sociedade dos povos de l\u00edngua inglesa<br \/>\n\u2022 Metodologias ativas no ensino de l\u00edngua inglesa (EAD)<br \/>\n\u2022 Lingu\u00edstica de corpus e terminologia<br \/>\n\u2022 Ensino de idiomas para fins espec\u00edficos<br \/>\n\u2022 Planejamento e elabora\u00e7\u00e3o de materiais did\u00e1ticos (EAD)<br \/>\n\u2022 Desenho de cursos de idiomas<br \/>\n\u2022 Estudos fon\u00e9ticos e fonol\u00f3gicos avan\u00e7ados na l\u00edngua inglesa<br \/>\n\u2022 Materiais did\u00e1ticos no ensino de l\u00edngua inglesa (EAD)<\/p>\n<p><strong>DIFERENCIAIS<\/strong><br \/>\n\u2022 Corpo docente altamente especializado.<br \/>\n\u2022 Material did\u00e1tico elaborado por profissionais do mercado, mestres e doutores com larga experi\u00eancia.<br \/>\n\u2022 \u00danico curso da regi\u00e3o voltado para o planejamento de cursos de idiomas e produ\u00e7\u00e3o de materiais did\u00e1ticos diferenciados.<br \/>\n\u2022 Polo de apoio presencial com estrutura \u00fanica na regi\u00e3o.<br \/>\n\u2022 Biblioteca f\u00edsica e digital com amplo espa\u00e7o para estudos.<\/p>\n<p><strong>OBSERVA\u00c7\u00d5ES<\/strong><br \/>\nA Universidade se reserva o direito de alterar o cronograma e o corpo docente.<br \/>\nDocumenta\u00e7\u00e3o necess\u00e1ria: c\u00f3pias do RG, CPF, certid\u00e3o de nascimento ou casamento e Diploma da Gradua\u00e7\u00e3o ou Certificado de Cola\u00e7\u00e3o de Grau.<br \/>\nA inscri\u00e7\u00e3o presencial s\u00f3 poder\u00e1 ser efetuada pelo interessado no curso, ou por pessoa munida de procura\u00e7\u00e3o autenticada em cart\u00f3rio.<br \/>\nA efetiva\u00e7\u00e3o da matr\u00edcula est\u00e1 condicionada ao pagamento do boleto da 1\u00aa. parcela e entrega da documenta\u00e7\u00e3o exigida.<\/p>\n<p><strong>OUTRAS INFORMA\u00c7\u00d5ES<\/strong><br \/>\nE-mail: atendimentovirtual@unisantos.br<\/p>\n","protected":false},"excerpt":{"rendered":"<p>PROFESSOR RESPONS\u00c1VEL Prof. Me. Jos\u00e9 Martinho Gomes CARGA HOR\u00c1RIA 360 horas IN\u00cdCIO Mar\u00e7o\/2025 DIA\/HOR\u00c1RIOS Sexta-feira, 8h \u00e0s 12h e das [&hellip;]<\/p>\n","protected":false},"author":1,"featured_media":0,"parent":210,"menu_order":0,"comment_status":"closed","ping_status":"closed","template":"","meta":{"footnotes":""},"_links":{"self":[{"href":"https:\/\/www.unisantos.br\/pos\/wp-json\/wp\/v2\/pages\/4184"}],"collection":[{"href":"https:\/\/www.unisantos.br\/pos\/wp-json\/wp\/v2\/pages"}],"about":[{"href":"https:\/\/www.unisantos.br\/pos\/wp-json\/wp\/v2\/types\/page"}],"author":[{"embeddable":true,"href":"https:\/\/www.unisantos.br\/pos\/wp-json\/wp\/v2\/users\/1"}],"replies":[{"embeddable":true,"href":"https:\/\/www.unisantos.br\/pos\/wp-json\/wp\/v2\/comments?post=4184"}],"version-history":[{"count":24,"href":"https:\/\/www.unisantos.br\/pos\/wp-json\/wp\/v2\/pages\/4184\/revisions"}],"predecessor-version":[{"id":6747,"href":"https:\/\/www.unisantos.br\/pos\/wp-json\/wp\/v2\/pages\/4184\/revisions\/6747"}],"up":[{"embeddable":true,"href":"https:\/\/www.unisantos.br\/pos\/wp-json\/wp\/v2\/pages\/210"}],"wp:attachment":[{"href":"https:\/\/www.unisantos.br\/pos\/wp-json\/wp\/v2\/media?parent=4184"}],"curies":[{"name":"wp","href":"https:\/\/api.w.org\/{rel}","templated":true}]}}