{"id":417,"date":"2018-10-11T16:14:02","date_gmt":"2018-10-11T19:14:02","guid":{"rendered":"https:\/\/www.unisantos.br\/pos\/?page_id=417"},"modified":"2026-03-16T22:49:17","modified_gmt":"2026-03-17T01:49:17","slug":"italiano-basico","status":"publish","type":"page","link":"https:\/\/www.unisantos.br\/pos\/centro-de-linguas\/italiano-basico\/","title":{"rendered":"Italiano B\u00e1sico"},"content":{"rendered":"<p><strong>PROFESSOR RESPONS\u00c1VEL<\/strong><br \/>\nProf. Vincenzo Stefano Greco<\/p>\n<p><strong>CARGA HOR\u00c1RIA<\/strong><br \/>\n30 h\/a<\/p>\n<p><strong>CARGA HOR\u00c1RIA<\/strong><br \/>\n30 h\/a<\/p>\n<p><strong>LOCAL<\/strong><br \/>\nCampus Dom Id\u00edlio Jos\u00e9 Soares<\/p>\n<p><strong>OBJETIVOS<\/strong><br \/>\nDesenvolver as express\u00f5es cotidianas e frases essenciais para satisfazer necessidades de comunica\u00e7\u00e3o propiciando ao aluno a compreens\u00e3o oral e escrita b\u00e1sica.<br \/>\nSer capaz de se apresentar aos outros, fazer perguntas e responder informa\u00e7\u00f5es pessoais (onde ele mora, as coisas que ele possui etc.), interagindo de maneira simples e b\u00e1sica.<\/p>\n<p><strong>P\u00daBLICO-ALVO<\/strong><br \/>\nEstudantes e p\u00fablico em geral<\/p>\n<p><strong>CONTE\u00daDO<br \/>\n<\/strong>L&#8217;infinito Il presente indicativo della prima, seconda e terza coniugazione<br \/>\nIl presente indicativo di essere, avere e fare L&#8217;alfabeto italiano<br \/>\nLa frase interrogativa diretta com come, dove, quando e perch\u00e9<br \/>\nI pronomi personali Mi chiamo &#8211; ti chiami Aggettivo maschile, femminile, singolare e plurale<br \/>\nPresente indicativo di venire, andare e stare L&#8217;articolo determinativo<br \/>\nLe lettere maiuscole dell&#8217;alfabeto Uso del c&#8217;\u00e8 e ci sono<br \/>\nLe frasi interrogative com quanto (costa, viene, \u00e8, fa) e quale<br \/>\nUso di questo e quello Mi piace, ti piace<br \/>\nUso di vorrei L&#8217;articolo indeterminativo Uso di qui\/qua e l\u00ec\/l\u00e0<br \/>\nPresente indicativo dei verbi entrare, uscire, salire e scendere<br \/>\nDall&#8217;infinito al participio passato dei verbi regolarii<br \/>\nConcordanza nome \u2013 aggettivo-Preposizioni semplici L&#8217;apostrofo<br \/>\nUso dei verbi modali volere, potere e dovere<br \/>\nFrasi interrogative con che cosa<br \/>\nIl participio passato di alcuni verbi irregolari pi\u00f9 frequenti<br \/>\nI pronomi personali diretti<br \/>\nUso della causale esplicita<br \/>\nUso del passato prossimo indicativo<br \/>\nUso del tu e del lei<br \/>\nUso degli ausiliari essere e avere per formare il passato prossimo dei verbi<br \/>\nIndicativo presente dei verbi sapere e dare<br \/>\nAltri usi di se (la frase ipotetica)<br \/>\nAlcune coppie minime<br \/>\nGli aggettivi possessivi<br \/>\nGli aggettivi numerali<br \/>\nUso del pronome<br \/>\nUso dell&#8217;imperfetto<br \/>\nQuando usare l&#8217;imperfetto e quando usare il passato prossimo<\/p>\n<p><strong>OBSERVA\u00c7\u00d5ES<\/strong><br \/>\nA Universidade se reserva o direito de alterar o cronograma e o corpo docente.<br \/>\nDocumenta\u00e7\u00e3o necess\u00e1ria para quem n\u00e3o \u00e9 aluno da Cat\u00f3lica de Santos: c\u00f3pias do RG, CPF, certid\u00e3o de nascimento ou casamento.<br \/>\nA inscri\u00e7\u00e3o presencial s\u00f3 poder\u00e1 ser efetuada pelo interessado no curso, ou por pessoa munida de procura\u00e7\u00e3o autenticada em cart\u00f3rio.<br \/>\nA efetiva\u00e7\u00e3o da matr\u00edcula est\u00e1 condicionada ao pagamento do boleto da 1\u00aa. parcela e entrega da documenta\u00e7\u00e3o exigida.<\/p>\n<p><strong>OUTRAS INFORMA\u00c7\u00d5ES<\/strong><br \/>\nDepartamento de Atendimento Integrado<br \/>\nTelefone: (13) 3205-5555<br \/>\nE-mail: dat@unisantos.br<\/p>\n<p>&nbsp;<\/p>\n","protected":false},"excerpt":{"rendered":"<p>PROFESSOR RESPONS\u00c1VEL Prof. Vincenzo Stefano Greco CARGA HOR\u00c1RIA 30 h\/a CARGA HOR\u00c1RIA 30 h\/a LOCAL Campus Dom Id\u00edlio Jos\u00e9 Soares [&hellip;]<\/p>\n","protected":false},"author":1,"featured_media":630,"parent":397,"menu_order":0,"comment_status":"closed","ping_status":"closed","template":"","meta":{"footnotes":""},"_links":{"self":[{"href":"https:\/\/www.unisantos.br\/pos\/wp-json\/wp\/v2\/pages\/417"}],"collection":[{"href":"https:\/\/www.unisantos.br\/pos\/wp-json\/wp\/v2\/pages"}],"about":[{"href":"https:\/\/www.unisantos.br\/pos\/wp-json\/wp\/v2\/types\/page"}],"author":[{"embeddable":true,"href":"https:\/\/www.unisantos.br\/pos\/wp-json\/wp\/v2\/users\/1"}],"replies":[{"embeddable":true,"href":"https:\/\/www.unisantos.br\/pos\/wp-json\/wp\/v2\/comments?post=417"}],"version-history":[{"count":51,"href":"https:\/\/www.unisantos.br\/pos\/wp-json\/wp\/v2\/pages\/417\/revisions"}],"predecessor-version":[{"id":7227,"href":"https:\/\/www.unisantos.br\/pos\/wp-json\/wp\/v2\/pages\/417\/revisions\/7227"}],"up":[{"embeddable":true,"href":"https:\/\/www.unisantos.br\/pos\/wp-json\/wp\/v2\/pages\/397"}],"wp:featuredmedia":[{"embeddable":true,"href":"https:\/\/www.unisantos.br\/pos\/wp-json\/wp\/v2\/media\/630"}],"wp:attachment":[{"href":"https:\/\/www.unisantos.br\/pos\/wp-json\/wp\/v2\/media?parent=417"}],"curies":[{"name":"wp","href":"https:\/\/api.w.org\/{rel}","templated":true}]}}