{"id":415,"date":"2018-10-11T16:13:50","date_gmt":"2018-10-11T19:13:50","guid":{"rendered":"https:\/\/www.unisantos.br\/pos\/?page_id=415"},"modified":"2023-08-14T14:28:54","modified_gmt":"2023-08-14T17:28:54","slug":"ingles-intermediario-ii","status":"publish","type":"page","link":"https:\/\/www.unisantos.br\/pos\/centro-de-linguas\/ingles-intermediario-ii\/","title":{"rendered":"Ingl\u00eas Intermedi\u00e1rio II"},"content":{"rendered":"<p><strong>PROFESSORA RESPONS\u00c1VEL<br \/>\n<\/strong>Prof\u00aa.\u00a0Dr\u00aa. Graziela Pigatto Bohn<\/p>\n<p><strong>CARGA HOR\u00c1RIA<br \/>\n<\/strong>30 h<\/p>\n<p><strong>LOCAL<\/strong><br \/>\nCampus Dom Id\u00edlio Jos\u00e9 Soares<\/p>\n<p><strong>OBJETIVO<\/strong><br \/>\nPropiciar ao aluno o dom\u00ednio em n\u00edvel intermedi\u00e1rio das duas habilidades lingu\u00edsticas passivas ou de recep\u00e7\u00e3o (compreens\u00e3o oral e leitura), e das duas ativas ou de produ\u00e7\u00e3o (fala e escrita).<\/p>\n<p><strong>P\u00daBLICO-ALVO<\/strong><br \/>\nEstudantes de gradua\u00e7\u00e3o e p\u00f3s-gradua\u00e7\u00e3o de institui\u00e7\u00f5es de ensino superior.<\/p>\n<p><strong>CONTE\u00daDO<br \/>\n<\/strong>Unidade 1<br \/>\nPresent simple and presente continuous<br \/>\nStative verbs<br \/>\nUnidade 1<br \/>\nQuestion forms<br \/>\nListening<br \/>\nUnidade 1<br \/>\nTime expressions<br \/>\nFeelings and personal states<br \/>\nNoun and verb &#8211;\u00a0 noun<br \/>\nUnidade 2<br \/>\nPresent perfect simple: already, just, and yet<br \/>\nVerb patterns: ing and to + infinitive<br \/>\nUnidade 2<br \/>\nMusical styles<br \/>\nEmotions<br \/>\nAdjective + noun<br \/>\nUnidade 2<br \/>\nPronunciation<br \/>\nReview<br \/>\nAvalia\u00e7\u00e3o \u2013 Unidades 1 e 2<br \/>\nDevolutiva da avalia\u00e7\u00e3o<br \/>\nUnidade 3<br \/>\nPast simple and past continuous<br \/>\nPast perfect simple<br \/>\nUnidade 3<br \/>\nVerb <i>get<br \/>\n<\/i>Adverbs<br \/>\nUnidade 3<br \/>\nIrregular past tense verbs<br \/>\nConversation class<br \/>\nUnidade 4<br \/>\nPredictions: will,may,might and could<br \/>\nJob and work<br \/>\nPay and conditions<br \/>\nJob requirements<br \/>\nUnidade 4<br \/>\nFuture forms: present continuous<br \/>\nWill, going<br \/>\nReview<br \/>\nAvalia\u00e7\u00e3o 2 \u2013 Unidade 3 e 4<br \/>\nFeedback da avalia\u00e7\u00e3o 2<\/p>\n<p><strong>OBSERVA\u00c7\u00d5ES<br \/>\n<\/strong>A Universidade Cat\u00f3lica de Santos se reserva o direito de alterar o Cronograma e o Corpo Docente.<br \/>\nAs turmas ser\u00e3o abertas caso atinjam o n\u00famero m\u00ednimo de 12 alunos.<br \/>\nDocumenta\u00e7\u00e3o necess\u00e1ria: c\u00f3pias do RG, CPF, certid\u00e3o de nascimento ou casamento.<br \/>\nA inscri\u00e7\u00e3o presencial s\u00f3 poder\u00e1 ser efetuada pelo interessado no curso, ou por pessoa munida de procura\u00e7\u00e3o autenticada em cart\u00f3rio.<br \/>\nA efetiva\u00e7\u00e3o da matr\u00edcula est\u00e1 condicionada ao pagamento do boleto da 1\u00aa. parcela e entrega da documenta\u00e7\u00e3o exigida.<\/p>\n<p><strong>OUTRAS INFORMA\u00c7\u00d5ES<\/strong><br \/>\nDepartamento de Atendimento Integrado<br \/>\nTelefone: (13) 3205-5555<br \/>\nE-mail: dat@unisantos.br<\/p>\n","protected":false},"excerpt":{"rendered":"<p>PROFESSORA RESPONS\u00c1VEL Prof\u00aa.\u00a0Dr\u00aa. Graziela Pigatto Bohn CARGA HOR\u00c1RIA 30 h LOCAL Campus Dom Id\u00edlio Jos\u00e9 Soares OBJETIVO Propiciar ao aluno [&hellip;]<\/p>\n","protected":false},"author":1,"featured_media":630,"parent":397,"menu_order":0,"comment_status":"closed","ping_status":"closed","template":"","meta":{"footnotes":""},"_links":{"self":[{"href":"https:\/\/www.unisantos.br\/pos\/wp-json\/wp\/v2\/pages\/415"}],"collection":[{"href":"https:\/\/www.unisantos.br\/pos\/wp-json\/wp\/v2\/pages"}],"about":[{"href":"https:\/\/www.unisantos.br\/pos\/wp-json\/wp\/v2\/types\/page"}],"author":[{"embeddable":true,"href":"https:\/\/www.unisantos.br\/pos\/wp-json\/wp\/v2\/users\/1"}],"replies":[{"embeddable":true,"href":"https:\/\/www.unisantos.br\/pos\/wp-json\/wp\/v2\/comments?post=415"}],"version-history":[{"count":3,"href":"https:\/\/www.unisantos.br\/pos\/wp-json\/wp\/v2\/pages\/415\/revisions"}],"predecessor-version":[{"id":5566,"href":"https:\/\/www.unisantos.br\/pos\/wp-json\/wp\/v2\/pages\/415\/revisions\/5566"}],"up":[{"embeddable":true,"href":"https:\/\/www.unisantos.br\/pos\/wp-json\/wp\/v2\/pages\/397"}],"wp:featuredmedia":[{"embeddable":true,"href":"https:\/\/www.unisantos.br\/pos\/wp-json\/wp\/v2\/media\/630"}],"wp:attachment":[{"href":"https:\/\/www.unisantos.br\/pos\/wp-json\/wp\/v2\/media?parent=415"}],"curies":[{"name":"wp","href":"https:\/\/api.w.org\/{rel}","templated":true}]}}