{"id":4147,"date":"2022-01-14T09:49:29","date_gmt":"2022-01-14T12:49:29","guid":{"rendered":"https:\/\/www.unisantos.br\/pos\/?page_id=4147"},"modified":"2025-03-07T16:55:03","modified_gmt":"2025-03-07T19:55:03","slug":"projeto-estrutural-para-arquitetos","status":"publish","type":"page","link":"https:\/\/www.unisantos.br\/pos\/lato-sensu\/projeto-estrutural-para-arquitetos\/","title":{"rendered":"Projeto Estrutural para Arquitetos"},"content":{"rendered":"<p><strong>PROFESSOR RESPONS\u00c1VEL<br \/>\n<\/strong>Prof. Me. Ricardo Augusto de Mello Granata<\/p>\n<p><strong>CARGA HOR\u00c1RIA<br \/>\n<\/strong>360 horas<\/p>\n<p><strong>IN\u00cdCIO<\/strong><br \/>\nMar\u00e7o\/2025<\/p>\n<p><strong>DIAS\/HOR\u00c1RIOS<\/strong><br \/>\nSegundas, quartas e sextas-feiras, das 18h45 \u00e0s 22h45<\/p>\n<p><strong>MODALIDADE<br \/>\n<\/strong>EAD com 270 horas de encontros s\u00edncronos, 90 horas de aulas ass\u00edncronas e suporte a recursos em plataforma digital<\/p>\n<p><strong>P\u00daBLICO-ALVO<\/strong><br \/>\nProfissionais com curso superior interessados em concep\u00e7\u00e3o e projeto estrutural.<\/p>\n<p><strong>OBJETIVO<\/strong><br \/>\nAprofundar o conhecimento dos profissionais sobre projeto e dimensionamento estrutural como unidade ao projeto arquitet\u00f4nico.<\/p>\n<p><strong>INVESTIMENTO<\/strong><br \/>\n16 parcelas de R$ 399<\/p>\n<p><strong>CONTE\u00daDO<\/strong><br \/>\n\u2022 Teoria das Estruturas aplicada \u00e0 Arquitetura e ao Projeto Estrutural<br \/>\n\u2022 Concep\u00e7\u00e3o e Arranjo estrutural<br \/>\n\u2022 Geometria e Propor\u00e7\u00e3o<br \/>\n\u2022 Arquitetura e Estrutura<br \/>\n\u2022 Introdu\u00e7\u00e3o \u00e0 An\u00e1lise e \u00e0 Modelagem Computacional<br \/>\n\u2022 Projeto Estrutural em A\u00e7o I<br \/>\n\u2022 Projeto Estrutural em Concreto Armado I<br \/>\n\u2022 Tecnologia da Arquitetura Aplicada<br \/>\n\u2022 Projeto Estrutural e Arquitetura: Aplica\u00e7\u00e3o<br \/>\n\u2022 Projeto Estrutural em A\u00e7o II<br \/>\n\u2022 Projeto Estrutural em Concreto Armado II<br \/>\n\u2022 Projeto Estrutural em Estruturas Mistas em A\u00e7o e Concreto Armado<\/p>\n<p><strong>DIFERENCIAIS<br \/>\n<\/strong>\u2022 Proposta pioneira concebida para arquitetos focado no projeto estrutural a partir da concep\u00e7\u00e3o estrutural.<br \/>\n\u2022 Projeto, c\u00e1lculo e dimensionamento estrutural em concreto armado, a\u00e7o e estruturas mistas em concreto armado e a\u00e7o.<br \/>\n\u2022 Curso dividido em dois m\u00f3dulos semestrais: M\u00f3dulo 1 &#8211; Concep\u00e7\u00e3o e Arranjo Estrutural e M\u00f3dulo 2 \u2013 Projeto Estrutural.<br \/>\n\u2022 Aulas com uso de softwares espec\u00edficos de c\u00e1lculo estrutural.<\/p>\n<p><strong>OBSERVA\u00c7\u00d5ES<\/strong><br \/>\nA Universidade se reserva o direito de alterar o cronograma e o corpo docente.<br \/>\nDocumenta\u00e7\u00e3o necess\u00e1ria: c\u00f3pias do RG, CPF, certid\u00e3o de nascimento ou casamento e Diploma da Gradua\u00e7\u00e3o ou Certificado de Cola\u00e7\u00e3o de Grau.<br \/>\nA inscri\u00e7\u00e3o presencial s\u00f3 poder\u00e1 ser efetuada pelo interessado no curso, ou por pessoa munida de procura\u00e7\u00e3o autenticada em cart\u00f3rio.<br \/>\nA efetiva\u00e7\u00e3o da matr\u00edcula est\u00e1 condicionada ao pagamento do boleto da 1\u00aa. parcela e entrega da documenta\u00e7\u00e3o exigida.<\/p>\n<p><strong>OUTRAS INFORMA\u00c7\u00d5ES<\/strong><br \/>\nE-mail: atendimentovirtual@unisantos.br<\/p>\n","protected":false},"excerpt":{"rendered":"<p>PROFESSOR RESPONS\u00c1VEL Prof. Me. Ricardo Augusto de Mello Granata CARGA HOR\u00c1RIA 360 horas IN\u00cdCIO Mar\u00e7o\/2025 DIAS\/HOR\u00c1RIOS Segundas, quartas e sextas-feiras, [&hellip;]<\/p>\n","protected":false},"author":1,"featured_media":0,"parent":210,"menu_order":0,"comment_status":"closed","ping_status":"closed","template":"","meta":{"footnotes":""},"_links":{"self":[{"href":"https:\/\/www.unisantos.br\/pos\/wp-json\/wp\/v2\/pages\/4147"}],"collection":[{"href":"https:\/\/www.unisantos.br\/pos\/wp-json\/wp\/v2\/pages"}],"about":[{"href":"https:\/\/www.unisantos.br\/pos\/wp-json\/wp\/v2\/types\/page"}],"author":[{"embeddable":true,"href":"https:\/\/www.unisantos.br\/pos\/wp-json\/wp\/v2\/users\/1"}],"replies":[{"embeddable":true,"href":"https:\/\/www.unisantos.br\/pos\/wp-json\/wp\/v2\/comments?post=4147"}],"version-history":[{"count":33,"href":"https:\/\/www.unisantos.br\/pos\/wp-json\/wp\/v2\/pages\/4147\/revisions"}],"predecessor-version":[{"id":6750,"href":"https:\/\/www.unisantos.br\/pos\/wp-json\/wp\/v2\/pages\/4147\/revisions\/6750"}],"up":[{"embeddable":true,"href":"https:\/\/www.unisantos.br\/pos\/wp-json\/wp\/v2\/pages\/210"}],"wp:attachment":[{"href":"https:\/\/www.unisantos.br\/pos\/wp-json\/wp\/v2\/media?parent=4147"}],"curies":[{"name":"wp","href":"https:\/\/api.w.org\/{rel}","templated":true}]}}