{"id":413,"date":"2018-10-11T16:13:39","date_gmt":"2018-10-11T19:13:39","guid":{"rendered":"https:\/\/www.unisantos.br\/pos\/?page_id=413"},"modified":"2026-03-12T13:45:36","modified_gmt":"2026-03-12T16:45:36","slug":"ingles-instrumental","status":"publish","type":"page","link":"https:\/\/www.unisantos.br\/pos\/centro-de-linguas\/ingles-instrumental\/","title":{"rendered":"Ingl\u00eas Instrumental"},"content":{"rendered":"<p><span style=\"color: #ff0000;\"><strong><a href=\"https:\/\/meet.google.com\/ehd-eaxf-fjf?pli=1&amp;authuser=0\" target=\"_blank\" rel=\"noopener\"><img loading=\"lazy\" decoding=\"async\" class=\"size-full wp-image-2969 alignright\" src=\"https:\/\/www.unisantos.br\/pos\/wp-content\/uploads\/sites\/5\/2020\/08\/selo-curso-confirmado.png\" alt=\"\" width=\"106\" height=\"106\" \/>ACESSE O LINK DA AULA<\/a><\/strong><\/span><\/p>\n<p><strong>PROFESSOR RESPONS\u00c1VEL<\/strong><br \/>\nProf. Me. Jos\u00e9 Martinho Gomes<\/p>\n<p><strong>CARGA HOR\u00c1RIA<\/strong><br \/>\n35 h\/a<\/p>\n<p><strong>DIAS<br \/>\n<\/strong>Ter\u00e7as e quintas-feiras<strong>\u00a0<\/strong><\/p>\n<p><strong>IN\u00cdCIO<\/strong><br \/>\n12\/03\/2026<\/p>\n<p><strong>T\u00c9RMINO<br \/>\n<\/strong>30\/06\/2026<strong>\u00a0<\/strong><\/p>\n<p><strong>HOR\u00c1RIO<\/strong><br \/>\nDas 17h30 \u00e0s 18h30<\/p>\n<p><strong>LOCAL<br \/>\n<\/strong><span style=\"color: #ff0000;\"><strong>REMOTO<\/strong><\/span><\/p>\n<p><strong>INVESTIMENTO<br \/>\n<\/strong>4 parcelas de R$ 250,00 para alunos e ex-alunos formados na UNISANTOS<br \/>\n4 parcelas de R$ 300,00 para demais interessados<\/p>\n<p><strong>OBJETIVOS<br \/>\n<\/strong>O curso tem os seguintes objetivos:<br \/>\n1. desenvolver as habilidades em l\u00edngua inglesa para o uso no ambiente acad\u00eamico com foco na leitura de artigos e textos acad\u00eamicos, reconhecendo tr\u00eas importantes eixos: o do l\u00e9xico, o do conte\u00fado e o da forma textual;<br \/>\n2. apresentar ao aluno t\u00e9cnicas de leitura (predi\u00e7\u00e3o, infer\u00eancia, skimming e scanning, por exemplo) que podem auxili\u00e1-lo a identificar elementos lingu\u00edsticos chaves para a compreens\u00e3o do texto;<br \/>\n3. aprofundar o conhecimento de gram\u00e1tica e vocabul\u00e1rio de textos das mais diversas \u00e1reas acad\u00eamicas;<br \/>\n4. analisar a estrutura organizacional de diferentes textos acad\u00eamicos, como resumos, artigos e relatos de pesquisa.<strong>\u00a0<\/strong><\/p>\n<p><strong>P\u00daBLICO-ALVO<br \/>\n<\/strong>Estudantes de gradua\u00e7\u00e3o e p\u00f3s-gradua\u00e7\u00e3o de institui\u00e7\u00f5es de ensino superior.<strong>\u00a0<\/strong><\/p>\n<p><strong>CONTE\u00daDO<br \/>\n<\/strong>Introdu\u00e7\u00e3o \u00e0 leitura acad\u00eamica em l\u00edngua inglesa<br \/>\nTipos textuais acad\u00eamicos<br \/>\nSkimming<br \/>\nScanning<br \/>\nPrediction<br \/>\nInference<br \/>\nTeste de profici\u00eancia 1<br \/>\nDevolutiva e discuss\u00e3o do teste de profici\u00eancia 1<br \/>\nNoun Phrases<br \/>\nHands-on Section<br \/>\nAvalia\u00e7\u00e3o 1<br \/>\nDevolutiva e discuss\u00e3o da avalia\u00e7\u00e3o 1<br \/>\nRelevant and irrelevant information<br \/>\nDiscourse Markers<br \/>\nHedging<br \/>\nTeste de profici\u00eancia 2<br \/>\nDevolutiva e discuss\u00e3o do teste de profici\u00eancia 2<br \/>\nReporting verbs<br \/>\nNominalization<br \/>\nHands-on Section<br \/>\nReference<br \/>\nCollocations<br \/>\nTeste de profici\u00eancia 3<br \/>\nDevolutiva e discuss\u00e3o do teste de profici\u00eancia 3<br \/>\nModality<br \/>\nQualifiers<br \/>\nPassive voice<br \/>\nFocus and emphasis &#8211; clefting<br \/>\nHands-on Section<br \/>\nAvalia\u00e7\u00e3o 2<br \/>\nDevolutiva e discuss\u00e3o da Avalia\u00e7\u00e3o 2<br \/>\nVocabulary exercises: controlled practice<br \/>\nVocabulary exercises: controlled practice<br \/>\nVocabulary exercises: contextualized practice<br \/>\nVocabulary exercises: contextualized practice<br \/>\nOverall pretest review<br \/>\nAvalia\u00e7\u00e3o 3<br \/>\nDevolutiva e discuss\u00e3o da Avalia\u00e7\u00e3o 3<br \/>\nAvalia\u00e7\u00e3o substitutiva<br \/>\nDevolutiva da avalia\u00e7\u00e3o substitutiva<strong>\u00a0<\/strong><\/p>\n<p><strong>OBSERVA\u00c7\u00d5ES<br \/>\n<\/strong>A Universidade se reserva o direito de alterar o cronograma e o corpo docente.<br \/>\nDocumenta\u00e7\u00e3o necess\u00e1ria para quem n\u00e3o \u00e9 aluno da Cat\u00f3lica de Santos: c\u00f3pias do RG, CPF, certid\u00e3o de nascimento ou casamento.<br \/>\nA inscri\u00e7\u00e3o presencial s\u00f3 poder\u00e1 ser efetuada pelo interessado no curso, ou por pessoa munida de procura\u00e7\u00e3o autenticada em cart\u00f3rio.<br \/>\nA efetiva\u00e7\u00e3o da matr\u00edcula est\u00e1 condicionada ao pagamento do boleto da 1\u00aa. parcela e entrega da documenta\u00e7\u00e3o exigida.<strong>\u00a0<\/strong><\/p>\n<p><strong>OUTRAS INFORMA\u00c7\u00d5ES<br \/>\n<\/strong>Departamento de Atendimento Integrado<br \/>\nTelefones: (13) 3205-5555<br \/>\nE-mail: dat@unisantos.br<\/p>\n","protected":false},"excerpt":{"rendered":"<p>ACESSE O LINK DA AULA PROFESSOR RESPONS\u00c1VEL Prof. Me. Jos\u00e9 Martinho Gomes CARGA HOR\u00c1RIA 35 h\/a DIAS Ter\u00e7as e quintas-feiras\u00a0 [&hellip;]<\/p>\n","protected":false},"author":1,"featured_media":630,"parent":397,"menu_order":0,"comment_status":"closed","ping_status":"closed","template":"","meta":{"footnotes":""},"_links":{"self":[{"href":"https:\/\/www.unisantos.br\/pos\/wp-json\/wp\/v2\/pages\/413"}],"collection":[{"href":"https:\/\/www.unisantos.br\/pos\/wp-json\/wp\/v2\/pages"}],"about":[{"href":"https:\/\/www.unisantos.br\/pos\/wp-json\/wp\/v2\/types\/page"}],"author":[{"embeddable":true,"href":"https:\/\/www.unisantos.br\/pos\/wp-json\/wp\/v2\/users\/1"}],"replies":[{"embeddable":true,"href":"https:\/\/www.unisantos.br\/pos\/wp-json\/wp\/v2\/comments?post=413"}],"version-history":[{"count":86,"href":"https:\/\/www.unisantos.br\/pos\/wp-json\/wp\/v2\/pages\/413\/revisions"}],"predecessor-version":[{"id":7216,"href":"https:\/\/www.unisantos.br\/pos\/wp-json\/wp\/v2\/pages\/413\/revisions\/7216"}],"up":[{"embeddable":true,"href":"https:\/\/www.unisantos.br\/pos\/wp-json\/wp\/v2\/pages\/397"}],"wp:featuredmedia":[{"embeddable":true,"href":"https:\/\/www.unisantos.br\/pos\/wp-json\/wp\/v2\/media\/630"}],"wp:attachment":[{"href":"https:\/\/www.unisantos.br\/pos\/wp-json\/wp\/v2\/media?parent=413"}],"curies":[{"name":"wp","href":"https:\/\/api.w.org\/{rel}","templated":true}]}}