{"id":411,"date":"2018-10-11T16:13:27","date_gmt":"2018-10-11T19:13:27","guid":{"rendered":"https:\/\/www.unisantos.br\/pos\/?page_id=411"},"modified":"2025-08-15T17:22:15","modified_gmt":"2025-08-15T20:22:15","slug":"ingles-basico-ii","status":"publish","type":"page","link":"https:\/\/www.unisantos.br\/pos\/centro-de-linguas\/ingles-basico-ii\/","title":{"rendered":"Ingl\u00eas B\u00e1sico II"},"content":{"rendered":"<p><strong>PROFESSOR RESPONS\u00c1VEL<br \/>\n<\/strong>Prof. Me. Nivaldo Fernandes Silva<\/p>\n<p><strong>CARGA HOR\u00c1RIA<br \/>\n<\/strong>30 h\/a<\/p>\n<p><strong>LOCAL<br \/>\n<\/strong>Campus Dom Id\u00edlio Jos\u00e9 Soares<\/p>\n<p><strong>OBJETIVOS<\/strong><br \/>\n\u2022 Oferecer um curso de l\u00edngua inglesa n\u00edvel b\u00e1sico ao p\u00fablico interno e externo da Institui\u00e7\u00e3o, ampliando o conhecimento e proporcionando novas possibilidades no \u00e2mbito profissional, intelectual e cultural.<br \/>\n\u2022 Propiciar ao aluno o dom\u00ednio em n\u00edvel b\u00e1sico das duas habilidades lingu\u00edsticas passivas ou de recep\u00e7\u00e3o (compreens\u00e3o oral e leitura) e das duas ativas ou de produ\u00e7\u00e3o (fala e escrita).<\/p>\n<p><strong>P\u00daBLICO-ALVO<\/strong><br \/>\nAlunos de gradua\u00e7\u00e3o e p\u00f3s-gradua\u00e7\u00e3o de institui\u00e7\u00f5es de ensino superior.<\/p>\n<p><strong>CONTE\u00daDO<\/strong><br \/>\nTo be: Past Tense \u2013 affirmative, negative and interrogative forms.<br \/>\nThere to be: past tense.<br \/>\nPossessive pronouns: whose, mine, yours, his, hers, its, ours, their<br \/>\nSimple Past Tense: regular verbs<br \/>\nSimple Past Tense: irregular verbs.<br \/>\nSimple Past Tense: negative and interrogative forms.<br \/>\nTest 1<br \/>\nComparative<br \/>\nSuperlative<br \/>\nFuture with \u201cgoing to\u201d.<br \/>\nFuture Tense: will.<br \/>\nTest 2<br \/>\nPast Continuous Tense<br \/>\nAny-, no-, every-, some- \/ -thing, -body, &#8211; thing, -one.<br \/>\nDefinite article: the \/ no article.<br \/>\nShould \/ shouldn\u2019t.<br \/>\nFrom\u2026to \/ until \/ since \/ for<br \/>\nTest 3<br \/>\nCorre\u00e7\u00e3o comentada da prova 3.<\/p>\n<p><strong>OBSERVA\u00c7\u00d5ES<\/strong><br \/>\nA Universidade se reserva o direito de alterar o cronograma e o corpo docente.<br \/>\nDocumenta\u00e7\u00e3o necess\u00e1ria para quem n\u00e3o \u00e9 aluno da Cat\u00f3lica de Santos: c\u00f3pias do RG, CPF, certid\u00e3o de nascimento ou casamento.<br \/>\nA inscri\u00e7\u00e3o presencial s\u00f3 poder\u00e1 ser efetuada pelo interessado no curso, ou por pessoa munida de procura\u00e7\u00e3o autenticada em cart\u00f3rio.<br \/>\nA efetiva\u00e7\u00e3o da matr\u00edcula est\u00e1 condicionada ao pagamento do boleto da 1\u00aa. parcela e entrega da documenta\u00e7\u00e3o exigida.<\/p>\n<p><strong>OUTRAS INFORMA\u00c7\u00d5ES<\/strong><br \/>\nDepartamento de Atendimento Integrado<br \/>\nTelefone: (13) 3205-5555<br \/>\nE-mail: dat@unisantos.br<\/p>\n","protected":false},"excerpt":{"rendered":"<p>PROFESSOR RESPONS\u00c1VEL Prof. Me. Nivaldo Fernandes Silva CARGA HOR\u00c1RIA 30 h\/a LOCAL Campus Dom Id\u00edlio Jos\u00e9 Soares OBJETIVOS \u2022 Oferecer [&hellip;]<\/p>\n","protected":false},"author":1,"featured_media":0,"parent":397,"menu_order":0,"comment_status":"closed","ping_status":"closed","template":"","meta":{"footnotes":""},"_links":{"self":[{"href":"https:\/\/www.unisantos.br\/pos\/wp-json\/wp\/v2\/pages\/411"}],"collection":[{"href":"https:\/\/www.unisantos.br\/pos\/wp-json\/wp\/v2\/pages"}],"about":[{"href":"https:\/\/www.unisantos.br\/pos\/wp-json\/wp\/v2\/types\/page"}],"author":[{"embeddable":true,"href":"https:\/\/www.unisantos.br\/pos\/wp-json\/wp\/v2\/users\/1"}],"replies":[{"embeddable":true,"href":"https:\/\/www.unisantos.br\/pos\/wp-json\/wp\/v2\/comments?post=411"}],"version-history":[{"count":40,"href":"https:\/\/www.unisantos.br\/pos\/wp-json\/wp\/v2\/pages\/411\/revisions"}],"predecessor-version":[{"id":6974,"href":"https:\/\/www.unisantos.br\/pos\/wp-json\/wp\/v2\/pages\/411\/revisions\/6974"}],"up":[{"embeddable":true,"href":"https:\/\/www.unisantos.br\/pos\/wp-json\/wp\/v2\/pages\/397"}],"wp:attachment":[{"href":"https:\/\/www.unisantos.br\/pos\/wp-json\/wp\/v2\/media?parent=411"}],"curies":[{"name":"wp","href":"https:\/\/api.w.org\/{rel}","templated":true}]}}