{"id":407,"date":"2018-10-11T16:12:48","date_gmt":"2018-10-11T19:12:48","guid":{"rendered":"https:\/\/www.unisantos.br\/pos\/?page_id=407"},"modified":"2023-08-14T14:27:53","modified_gmt":"2023-08-14T17:27:53","slug":"espanhol-para-viagem-de-estudos","status":"publish","type":"page","link":"https:\/\/www.unisantos.br\/pos\/centro-de-linguas\/espanhol-para-viagem-de-estudos\/","title":{"rendered":"Espanhol para Viagem de Estudos"},"content":{"rendered":"<p><strong>PROFESSORA RESPONS\u00c1VEL<br \/>\n<\/strong>Prof\u00aa. Me. Deise Maria Biazon<\/p>\n<p><strong>CARGA HOR\u00c1RIA<\/strong><br \/>\n20 h\/a<\/p>\n<p><strong>LOCAL<\/strong><br \/>\nCampus Dom Id\u00edlio Jos\u00e9 Soares<\/p>\n<p><strong>OBJETIVOS<br \/>\n<\/strong>O curso de extens\u00e3o Espanhol para viagem de estudos tem por objetivos:<br \/>\n&#8211; oferecer no\u00e7\u00f5es b\u00e1sicas da l\u00edngua espanhola ao p\u00fablico alvo;<br \/>\n&#8211; desenvolver capacidade de comunica\u00e7\u00e3o em situa\u00e7\u00f5es cotidianas em aeroporto, hotel, universidade, restaurante, estabelecimentos comerciais.<\/p>\n<p><strong>P\u00daBLICO-ALVO<br \/>\n<\/strong>Estudantes da gradua\u00e7\u00e3o e p\u00f3s-gradua\u00e7\u00e3o, e p\u00fablico em geral.<\/p>\n<p><strong>CONTE\u00daDO<br \/>\n<\/strong>Sauda\u00e7\u00f5es, despedidas, apresenta\u00e7\u00f5es e tratamento formal e informal.<br \/>\nVerbos: ser, estar e llamarse em Presente de Indicativo.<br \/>\nPronomes interrogativos.<br \/>\nNacionalidades.<br \/>\nNomes de profiss\u00f5es e lugares de trabalho.<br \/>\nN\u00fameros.<br \/>\nAlfabeto e pron\u00fancias da l\u00edngua espanhola.<br \/>\nExpress\u00f5es de tempos (dias da semana, meses, esta\u00e7\u00f5es, climas).<br \/>\nPronomes demonstrativos.<br \/>\nAdjetivos.<br \/>\nAdv\u00e9rbios.<br \/>\nUso de muy e mucho.<br \/>\nSitua\u00e7\u00f5es no aeroporto (hor\u00e1rios, meios de transporte, c\u00e2mbio de moedas).<br \/>\nSitua\u00e7\u00f5es no avi\u00e3o (identifica\u00e7\u00e3o pessoal, identifica\u00e7\u00e3o do voo, endere\u00e7o, datas).<br \/>\nPresente de Indicativo: tener, salir, llegar, venir,&#8230;<br \/>\nN\u00fameros.<br \/>\nPronomes interrogativos.<br \/>\nPronomes possessivos.<br \/>\nSitua\u00e7\u00f5es de localiza\u00e7\u00e3o (pedir e dar informa\u00e7\u00f5es de lugares, ruas, estabelecimentos comerciais, endere\u00e7o, localiza\u00e7\u00e3o).<br \/>\nArtigos masculinos, femininos e neutro.<br \/>\nAdv\u00e9rbios de lugar.<br \/>\nSitua\u00e7\u00f5es no hotel (reserva, tipos de acomoda\u00e7\u00f5es, objetos pessoais, objetos relacionados \u00e0 roupa de cama, de banho, de higiene pessoal).<br \/>\nPronomes demonstrativos.<br \/>\nPronomes interrogativos.<br \/>\nN\u00fameros ordinais.<br \/>\nSitua\u00e7\u00f5es no restaurante (tipos de refei\u00e7\u00f5es, hor\u00e1rios, card\u00e1pio, comidas, bebidas, frutas, objetos relacionados \u00e0 alimenta\u00e7\u00e3o).<br \/>\nVerbos que expressam preferencias: gustar, preferir, querer, interessar.<br \/>\nSitua\u00e7\u00f5es na universidade (inscri\u00e7\u00e3o, documenta\u00e7\u00e3o, sele\u00e7\u00e3o de disciplinas, hor\u00e1rios, dias da semana, meses, datas comemorativas).<br \/>\nSitua\u00e7\u00f5es na biblioteca (express\u00f5es utilizadas para empr\u00e9stimo y devolu\u00e7\u00e3o de livros.<br \/>\nVerbos: hacer, servir, pedir,&#8230;<br \/>\nVerbo Estar com ger\u00fandio.<br \/>\nVerbo ir a com infinitivo.<br \/>\nSitua\u00e7\u00f5es de sala de aula (express\u00f5es utilizadas em sala de aula e em trabalho em grupo).<br \/>\nEstruturas comparativas.<br \/>\nHay que com infinitivo.<br \/>\nAcabar de com infinitivo.<br \/>\nSitua\u00e7\u00f5es de compras (express\u00f5es de gostos e prefer\u00eancias, pre\u00e7os, tamanhos, vestimentas, cores, formas de pagamento).<br \/>\nCondicional.<br \/>\nVerbos: encantar, parecer, gustar, preferir.<br \/>\nPronomes de objeto direto.<br \/>\nSitua\u00e7\u00f5es na esta\u00e7\u00e3o de trem (compra de bilhetes, hor\u00e1rios, regi\u00f5es da Espanha).<br \/>\nVerbo conocer.<br \/>\nUsos de ya e todav\u00eda no.<br \/>\nMeios de transporte.<br \/>\nPreposi\u00e7\u00e3o.<\/p>\n<p><strong>OBSERVA\u00c7\u00d5ES<br \/>\n<\/strong>A Universidade se reserva o direito de alterar o cronograma e o corpo docente.<br \/>\nDocumenta\u00e7\u00e3o necess\u00e1ria para quem n\u00e3o \u00e9 aluno da Cat\u00f3lica de Santos: c\u00f3pias do RG, CPF, certid\u00e3o de nascimento ou casamento.<br \/>\nA inscri\u00e7\u00e3o presencial s\u00f3 poder\u00e1 ser efetuada pelo interessado no curso, ou por pessoa munida de procura\u00e7\u00e3o autenticada em cart\u00f3rio.<br \/>\nA efetiva\u00e7\u00e3o da matr\u00edcula est\u00e1 condicionada ao pagamento do boleto da 1\u00aa. parcela e entrega da documenta\u00e7\u00e3o exigida.<\/p>\n<p><strong>OUTRAS INFORMA\u00c7\u00d5ES<br \/>\nDepartamento de Atendimento Integrado<br \/>\n<\/strong>Telefone: (13) 3205-5555<br \/>\nE-mail: dat@unisantos.br<\/p>\n","protected":false},"excerpt":{"rendered":"<p>PROFESSORA RESPONS\u00c1VEL Prof\u00aa. Me. Deise Maria Biazon CARGA HOR\u00c1RIA 20 h\/a LOCAL Campus Dom Id\u00edlio Jos\u00e9 Soares OBJETIVOS O curso [&hellip;]<\/p>\n","protected":false},"author":1,"featured_media":630,"parent":397,"menu_order":0,"comment_status":"closed","ping_status":"closed","template":"","meta":{"footnotes":""},"_links":{"self":[{"href":"https:\/\/www.unisantos.br\/pos\/wp-json\/wp\/v2\/pages\/407"}],"collection":[{"href":"https:\/\/www.unisantos.br\/pos\/wp-json\/wp\/v2\/pages"}],"about":[{"href":"https:\/\/www.unisantos.br\/pos\/wp-json\/wp\/v2\/types\/page"}],"author":[{"embeddable":true,"href":"https:\/\/www.unisantos.br\/pos\/wp-json\/wp\/v2\/users\/1"}],"replies":[{"embeddable":true,"href":"https:\/\/www.unisantos.br\/pos\/wp-json\/wp\/v2\/comments?post=407"}],"version-history":[{"count":19,"href":"https:\/\/www.unisantos.br\/pos\/wp-json\/wp\/v2\/pages\/407\/revisions"}],"predecessor-version":[{"id":5560,"href":"https:\/\/www.unisantos.br\/pos\/wp-json\/wp\/v2\/pages\/407\/revisions\/5560"}],"up":[{"embeddable":true,"href":"https:\/\/www.unisantos.br\/pos\/wp-json\/wp\/v2\/pages\/397"}],"wp:featuredmedia":[{"embeddable":true,"href":"https:\/\/www.unisantos.br\/pos\/wp-json\/wp\/v2\/media\/630"}],"wp:attachment":[{"href":"https:\/\/www.unisantos.br\/pos\/wp-json\/wp\/v2\/media?parent=407"}],"curies":[{"name":"wp","href":"https:\/\/api.w.org\/{rel}","templated":true}]}}