{"id":397,"date":"2018-10-11T14:51:24","date_gmt":"2018-10-11T17:51:24","guid":{"rendered":"https:\/\/www.unisantos.br\/pos\/?page_id=397"},"modified":"2026-03-24T17:17:35","modified_gmt":"2026-03-24T20:17:35","slug":"centro-de-linguas","status":"publish","type":"page","link":"https:\/\/www.unisantos.br\/pos\/centro-de-linguas\/","title":{"rendered":"Centro de L\u00ednguas"},"content":{"rendered":"<p>Contando com docentes especializados, o Centro de L\u00ednguas se prop\u00f5e\u00a0a ministrar, al\u00e9m dos cursos regulares,\u00a0cursos instrumentais para fins acad\u00eamicos.\u00a0Os cursos s\u00e3o abertos a alunos de Gradua\u00e7\u00e3o e P\u00f3s-Gradua\u00e7\u00e3o, docentes, pessoas da terceira idade, funcion\u00e1rios da Universidade Cat\u00f3lica de Santos e demais interessados com Ensino M\u00e9dio.<\/p>\n<p><span style=\"line-height: 1.5em;\">N\u00e3o h\u00e1 continuidade autom\u00e1tica de um est\u00e1gio para outro (por exemplo, do b\u00e1sico para o intermedi\u00e1rio). Tal continuidade tamb\u00e9m depender\u00e1 de um n\u00famero m\u00ednimo de inscritos.<\/span><\/p>\n<p><span style=\"color: #ff0000;\"><strong>CURSOS COM MATR\u00cdCULA ABERTA<\/strong><span style=\"color: #000000;\"><br \/>\n<a href=\"https:\/\/www.unisantos.br\/pos\/centro-de-linguas\/frances-basico-i\/\">FRANC\u00caS B\u00c1SICO I\u00a0 <span style=\"color: #ff0000;\"><strong>CURSO CONFIRMADO<\/strong><\/span><\/a><br \/>\n<a href=\"https:\/\/www.unisantos.br\/pos\/centro-de-linguas\/ingles-basico-i\/\">INGL\u00caS B\u00c1SICO I\u00a0 <strong><span style=\"color: #ff0000;\">CURSO CONFIRMADO<\/span><\/strong><\/a><br \/>\n<a href=\"https:\/\/www.unisantos.br\/pos\/centro-de-linguas\/ingles-instrumental\/\">INGL\u00caS INSTRUMENTAL\u00a0 <span style=\"color: #ff0000;\"><strong>CURSO CONFIRMADO<\/strong><\/span><\/a><\/span><\/span><\/p>\n<p><span style=\"color: #ff0000;\"><strong>CURSOS AGUARDANDO ABERTURA DE MATR\u00cdCULA<br \/>\n<\/strong><a href=\"https:\/\/www.unisantos.br\/pos\/centro-de-linguas\/comunicacao-oral-em-lingua-inglesa\/\" rel=\"noopener\">COMUNICA\u00c7\u00c3O ORAL EM L\u00cdNGUA INGLESA<\/a><\/span><span style=\"color: #ff0000;\"><br \/>\n<span style=\"color: #000000;\"><a href=\"https:\/\/www.unisantos.br\/pos\/centro-de-linguas\/espanhol-basico-i\/\">ESPANHOL B\u00c1SICO I<\/a><\/span><br \/>\n<a href=\"https:\/\/www.unisantos.br\/pos\/centro-de-linguas\/espanhol-basico-ii\/\">ESPANHOL B\u00c1SICO II<\/a><\/span><br \/>\n<a href=\"https:\/\/www.unisantos.br\/pos\/centro-de-linguas\/espanhol-instrumental\/\">ESPANHOL INSTRUMENTAL<\/a><br \/>\n<a href=\"https:\/\/www.unisantos.br\/pos\/centro-de-linguas\/espanhol-para-viagem-de-estudos\/\">ESPANHOL PARA VIAGEM DE ESTUDOS<\/a><br \/>\n<span style=\"color: #ff0000;\"><span style=\"color: #000000;\"><a href=\"https:\/\/www.unisantos.br\/pos\/centro-de-linguas\/frances-basico-ii\/\">FRANC\u00caS B\u00c1SICO II<\/a><\/span><\/span><span style=\"color: #ff0000;\"><span style=\"color: #000000;\"><br \/>\n<a href=\"https:\/\/www.unisantos.br\/pos\/centro-de-linguas\/frances-intermediario-i\/\">FRANC\u00caS INTERMEDI\u00c1RIO I<\/a><br \/>\n<a href=\"https:\/\/www.unisantos.br\/pos\/centro-de-linguas\/habilidades-comunicativas-e-pensamento-critico-em-lingua-inglesa\/\">HABILIDADES COMUNICATIVAS E PENSAMENTO CR\u00cdTICO EM L\u00cdNGUA INGLESA<\/a><\/span><\/span><span style=\"color: #ff0000;\"><br \/>\n<\/span><span style=\"color: #ff0000;\"><a href=\"https:\/\/www.unisantos.br\/pos\/centro-de-linguas\/hebraico-biblico-modulo-i\/\">HEBRAICO B\u00cdBLICO I<\/a><\/span><span style=\"color: #ff0000;\"><span style=\"color: #000000;\"><br \/>\n<a href=\"https:\/\/www.unisantos.br\/pos\/centro-de-linguas\/ingles-avancado-i\/\">INGL\u00caS AVAN\u00c7ADO I<br \/>\n<\/a><a href=\"https:\/\/www.unisantos.br\/pos\/centro-de-linguas\/ingles-avancado-ii\/\">INGL\u00caS AVAN\u00c7ADO II<\/a><br \/>\n<a href=\"https:\/\/www.unisantos.br\/pos\/centro-de-linguas\/ingles-basico-ii\/\">INGL\u00caS B\u00c1SICO II<\/a><br \/>\n<a href=\"https:\/\/www.unisantos.br\/pos\/centro-de-linguas\/ingles-intermediario-i\/\">INGL\u00caS INTERMEDI\u00c1RIO I<\/a><\/span><a href=\"https:\/\/www.unisantos.br\/pos\/centro-de-linguas\/ingles-intermediario-i\/\"><br \/>\n<\/a><\/span><span style=\"color: #ff0000;\"><a href=\"https:\/\/www.unisantos.br\/pos\/centro-de-linguas\/ingles-intermediario-ii\/\">INGL\u00caS INTERMEDI\u00c1RIO II<\/a><br \/>\n<\/span><span style=\"color: #ff0000;\"><a href=\"https:\/\/www.unisantos.br\/pos\/centro-de-linguas\/introducao-a-lingua-grega-modulo-i\/\">INTRODU\u00c7\u00c3O \u00c0 L\u00cdNGUA GREGA &#8211; M\u00d3DULO I<\/a><br \/>\n<a href=\"https:\/\/www.unisantos.br\/pos\/centro-de-linguas\/introducao-a-lingua-latina-modulo-i\/\" rel=\"noopener\">INTRODU\u00c7\u00c3O \u00c0 L\u00cdNGUA LATINA &#8211; M\u00d3DULO I<\/a><\/span><a href=\"https:\/\/www.unisantos.br\/pos\/centro-de-linguas\/italiano-intermediario\/\"><br \/>\n<\/a><a href=\"https:\/\/www.unisantos.br\/pos\/centro-de-linguas\/introducao-ao-esperanto-a-lingua-internacional\/\">INTRODU\u00c7\u00c3O AO ESPERANTO, A L\u00cdNGUA INTERNACIONAL<\/a><br \/>\n<span style=\"color: #ff0000;\"><span style=\"color: #000000;\"><a href=\"https:\/\/www.unisantos.br\/pos\/centro-de-linguas\/italiano-avancado\/\">ITALIANO AVAN\u00c7ADO<\/a><br \/>\n<\/span><\/span><span style=\"color: #ff0000;\"><span style=\"color: #000000;\"><a href=\"https:\/\/www.unisantos.br\/pos\/centro-de-linguas\/italiano-basico\/\">ITALIANO B\u00c1SICO<\/a><br \/>\n<a href=\"https:\/\/www.unisantos.br\/pos\/centro-de-linguas\/italiano-intermediario\/\">ITALIANO INTERMEDI\u00c1RIO<\/a><\/span><br \/>\n<a href=\"https:\/\/www.unisantos.br\/pos\/centro-de-linguas\/latim-i\/\">LATIM I<\/a><br \/>\n<\/span><span style=\"color: #ff0000;\"><span style=\"color: #000000;\"><a href=\"https:\/\/www.unisantos.br\/pos\/centro-de-linguas\/libras-i\/\">LIBRAS I<\/a><\/span><\/span><br \/>\n<span style=\"color: #ff0000;\"><a href=\"https:\/\/www.unisantos.br\/pos\/centro-de-linguas\/lingua-e-cultura-indigena-tupi-guarani\/\">L\u00cdNGUA E CULTURA IND\u00cdGENA TUPI-GUARANI<\/a><br \/>\n<span style=\"color: #000000;\"><a href=\"https:\/\/www.unisantos.br\/pos\/centro-de-linguas\/mandarim-para-negocios\/\">MANDARIM PARA NEG\u00d3CIOS<\/a><\/span><a href=\"https:\/\/www.unisantos.br\/pos\/qualificacao\/portugues-para-concursos-i\/\"><br \/>\n<\/a><a href=\"https:\/\/www.unisantos.br\/pos\/qualificacao\/portugues-para-concursos-i\/\">PORTUGU\u00caS PARA CONCURSOS I<\/a><br \/>\n<a href=\"https:\/\/www.unisantos.br\/pos\/centro-de-linguas\/portugues-para-estrangeiros-i\/\">PORTUGU\u00caS PARA ESTRANGEIROS<\/a><\/span><\/p>\n<p><strong>COORDENA\u00c7\u00c3O<br \/>\n<\/strong>Prof\u00aa. Dr\u00aa. Valdilene Zanette Nunes<br \/>\nE-mail: valdilene.nunes@unisantos.br<\/p>\n<p><strong>OUTRAS INFORMA\u00c7\u00d5ES<\/strong><br \/>\nDepartamento de Atendimento Integrado<br \/>\nTelefone: (13) 3205-5555<br \/>\nE-mail: dat@unisantos.br<\/p>\n","protected":false},"excerpt":{"rendered":"<p>Contando com docentes especializados, o Centro de L\u00ednguas se prop\u00f5e\u00a0a ministrar, al\u00e9m dos cursos regulares,\u00a0cursos instrumentais para fins acad\u00eamicos.\u00a0Os cursos [&hellip;]<\/p>\n","protected":false},"author":1,"featured_media":630,"parent":0,"menu_order":2,"comment_status":"closed","ping_status":"closed","template":"","meta":{"footnotes":""},"_links":{"self":[{"href":"https:\/\/www.unisantos.br\/pos\/wp-json\/wp\/v2\/pages\/397"}],"collection":[{"href":"https:\/\/www.unisantos.br\/pos\/wp-json\/wp\/v2\/pages"}],"about":[{"href":"https:\/\/www.unisantos.br\/pos\/wp-json\/wp\/v2\/types\/page"}],"author":[{"embeddable":true,"href":"https:\/\/www.unisantos.br\/pos\/wp-json\/wp\/v2\/users\/1"}],"replies":[{"embeddable":true,"href":"https:\/\/www.unisantos.br\/pos\/wp-json\/wp\/v2\/comments?post=397"}],"version-history":[{"count":267,"href":"https:\/\/www.unisantos.br\/pos\/wp-json\/wp\/v2\/pages\/397\/revisions"}],"predecessor-version":[{"id":7232,"href":"https:\/\/www.unisantos.br\/pos\/wp-json\/wp\/v2\/pages\/397\/revisions\/7232"}],"wp:featuredmedia":[{"embeddable":true,"href":"https:\/\/www.unisantos.br\/pos\/wp-json\/wp\/v2\/media\/630"}],"wp:attachment":[{"href":"https:\/\/www.unisantos.br\/pos\/wp-json\/wp\/v2\/media?parent=397"}],"curies":[{"name":"wp","href":"https:\/\/api.w.org\/{rel}","templated":true}]}}