{"id":393,"date":"2018-10-11T11:48:27","date_gmt":"2018-10-11T14:48:27","guid":{"rendered":"https:\/\/www.unisantos.br\/pos\/?page_id=393"},"modified":"2023-08-24T18:10:47","modified_gmt":"2023-08-24T21:10:47","slug":"norma-regulamentadora-nr-35-trabalho-em-altura","status":"publish","type":"page","link":"https:\/\/www.unisantos.br\/pos\/in-company\/norma-regulamentadora-nr-35-trabalho-em-altura\/","title":{"rendered":"Norma Regulamentadora NR 35 &#8211; Trabalho em altura"},"content":{"rendered":"<p><strong>OBJETIVOS<\/strong><br \/>\nCapacitar os participantes para o planejamento, organiza\u00e7\u00e3o e execu\u00e7\u00e3o de trabalho em altura;<br \/>\nConhecer os Tipos; Acidentes; Fator de Queda; Riscos e Perigos; Medidas de Controle.<br \/>\nUtilizar Equipamento de Prote\u00e7\u00e3o Individual (EPI) e Utiliza\u00e7\u00e3o do Equipamento de Prote\u00e7\u00e3o Coletiva (EPC).<\/p>\n<p><strong>P\u00daBLICO-ALVO<\/strong><br \/>\nColaboradores envolvidos direta ou indiretamente com atividades de Trabalho em Altura<\/p>\n<p><strong>CONTE\u00daDO<\/strong><br \/>\n<strong>NR 35: <\/strong><br \/>\nObjetivos;<br \/>\nCampo de Aplica\u00e7\u00e3o;<br \/>\nResponsabilidades;<br \/>\nNormas relacionadas.<br \/>\n<strong>Trabalho em Altura:<\/strong><br \/>\nDefini\u00e7\u00e3o;<br \/>\nTipos;<br \/>\nAcidentes;<br \/>\nFator de Queda;<br \/>\nRiscos e Perigos;<br \/>\nMedidas de controle.<br \/>\n<strong>Documenta\u00e7\u00e3o: <\/strong><br \/>\nProcedimento Operacional;<br \/>\nAn\u00e1lise Preliminar de Riscos;<br \/>\nPermiss\u00e3o de Trabalho;<br \/>\nPlano de Atendimento Emergencial (PAE).<br \/>\n<strong>Condi\u00e7\u00e3o Impeditiva:<\/strong><br \/>\nPrincipais condi\u00e7\u00f5es impeditivas;<br \/>\nResponsabilidades.<br \/>\n<strong>Equipamento de Prote\u00e7\u00e3o Individual:<\/strong><br \/>\nSele\u00e7\u00e3o;<br \/>\nInspe\u00e7\u00e3o;<br \/>\nConserva\u00e7\u00e3o;<br \/>\nLimita\u00e7\u00e3o de uso;<br \/>\nUtiliza\u00e7\u00e3o.<br \/>\n<strong>Equipamento de Prote\u00e7\u00e3o Coletiva:<\/strong><br \/>\nSinaliza\u00e7\u00e3o de seguran\u00e7a;<br \/>\nInspe\u00e7\u00e3o das prote\u00e7\u00f5es existentes.<br \/>\n<strong>Equipamentos Complementares:<\/strong><br \/>\nCabo guia;<br \/>\nCorda;<br \/>\nCabo de a\u00e7o;<br \/>\nEspera de Ancoragem.<br \/>\n<strong>Situa\u00e7\u00f5es de Emerg\u00eancia &#8211; No\u00e7\u00f5es:<\/strong><br \/>\nCondutas;<br \/>\nTipos de Resgate;<br \/>\nS\u00edndrome da Suspens\u00e3o Inerte (Primeiros Socorros).<\/p>\n<p><strong>CARGA HOR\u00c1RIA<\/strong><br \/>\n<strong>PER\u00cdODO DE REALIZA\u00c7\u00c3O DO CURSO<\/strong><br \/>\n<strong>HOR\u00c1RIO, LOCAL E INVESTIMENTO<\/strong><br \/>\nA definir, conforme a necessidade da empresa contratante<\/p>\n<p><strong>Setor de Atendimento<\/strong><br \/>\nCampus Dom Id\u00edlio Jos\u00e9 Soares<br \/>\nEndere\u00e7o: Av. Conselheiro N\u00e9bias, 300 \u2013 Vila Mathias, Santos<br \/>\nTelefone: 3205-5555 &#8211; ramal 1388<br \/>\nHor\u00e1rios: Segunda a sexta, das 9h \u00e0s 21h<\/p>\n<p>&nbsp;<\/p>\n","protected":false},"excerpt":{"rendered":"<p>OBJETIVOS Capacitar os participantes para o planejamento, organiza\u00e7\u00e3o e execu\u00e7\u00e3o de trabalho em altura; Conhecer os Tipos; Acidentes; Fator de [&hellip;]<\/p>\n","protected":false},"author":1,"featured_media":383,"parent":379,"menu_order":0,"comment_status":"closed","ping_status":"closed","template":"","meta":{"footnotes":""},"_links":{"self":[{"href":"https:\/\/www.unisantos.br\/pos\/wp-json\/wp\/v2\/pages\/393"}],"collection":[{"href":"https:\/\/www.unisantos.br\/pos\/wp-json\/wp\/v2\/pages"}],"about":[{"href":"https:\/\/www.unisantos.br\/pos\/wp-json\/wp\/v2\/types\/page"}],"author":[{"embeddable":true,"href":"https:\/\/www.unisantos.br\/pos\/wp-json\/wp\/v2\/users\/1"}],"replies":[{"embeddable":true,"href":"https:\/\/www.unisantos.br\/pos\/wp-json\/wp\/v2\/comments?post=393"}],"version-history":[{"count":3,"href":"https:\/\/www.unisantos.br\/pos\/wp-json\/wp\/v2\/pages\/393\/revisions"}],"predecessor-version":[{"id":5587,"href":"https:\/\/www.unisantos.br\/pos\/wp-json\/wp\/v2\/pages\/393\/revisions\/5587"}],"up":[{"embeddable":true,"href":"https:\/\/www.unisantos.br\/pos\/wp-json\/wp\/v2\/pages\/379"}],"wp:featuredmedia":[{"embeddable":true,"href":"https:\/\/www.unisantos.br\/pos\/wp-json\/wp\/v2\/media\/383"}],"wp:attachment":[{"href":"https:\/\/www.unisantos.br\/pos\/wp-json\/wp\/v2\/media?parent=393"}],"curies":[{"name":"wp","href":"https:\/\/api.w.org\/{rel}","templated":true}]}}