{"id":389,"date":"2018-10-11T11:47:53","date_gmt":"2018-10-11T14:47:53","guid":{"rendered":"https:\/\/www.unisantos.br\/pos\/?page_id=389"},"modified":"2023-08-24T18:10:18","modified_gmt":"2023-08-24T21:10:18","slug":"norma-regulamentadora-nr-33-espaco-confinado-supervisor-de-entrada","status":"publish","type":"page","link":"https:\/\/www.unisantos.br\/pos\/in-company\/norma-regulamentadora-nr-33-espaco-confinado-supervisor-de-entrada\/","title":{"rendered":"Norma Regulamentadora NR 33 &#8211; Espa\u00e7o Confinado &#8211; Supervisor de Entrada"},"content":{"rendered":"<p><strong>OBJETIVOS<\/strong><br \/>\nDesenvolver habilidades para exercer a fun\u00e7\u00e3o de Supervisor de Espa\u00e7o Confinado com efici\u00eancia, seguran\u00e7a e responsabilidade;<br \/>\nConhecer a Norma NR33 \u2013 Espa\u00e7os Confinados, seus requisitos, identifica\u00e7\u00e3o e reconhecimentos desses espa\u00e7os, sua avalia\u00e7\u00e3o, monitoramento e controle de riscos existentes.<br \/>\nDistinguir a Legisla\u00e7\u00e3o de Seguran\u00e7a e Sa\u00fade no Trabalho;<br \/>\nReconhecer, avaliar e controlar riscos;<br \/>\nAnalisar a utiliza\u00e7\u00e3o da Permiss\u00e3o de Entrada e Trabalho.<\/p>\n<p><strong>P\u00daBLICO-ALVO<\/strong><br \/>\nProfissionais que direta ou indiretamente interagem em espa\u00e7o confinado<\/p>\n<p><strong>CONTE\u00daDO<\/strong><br \/>\nDefini\u00e7\u00f5es;<br \/>\nReconhecimento, avalia\u00e7\u00e3o e controle de riscos;<br \/>\nFuncionamento de equipamentos utilizados;<br \/>\nProcedimentos e utiliza\u00e7\u00e3o da Permiss\u00e3o de Entrada e Trabalho;<br \/>\nNo\u00e7\u00f5es de resgate e primeiros socorros;<br \/>\nIdentifica\u00e7\u00e3o dos espa\u00e7os confinados;<br \/>\nCrit\u00e9rios de indica\u00e7\u00e3o e uso de equipamentos para controle de riscos;<br \/>\nConhecimentos sobre pr\u00e1ticas seguras em espa\u00e7os confinados;<br \/>\nLegisla\u00e7\u00e3o de seguran\u00e7a e sa\u00fade no trabalho;<br \/>\nPrograma de prote\u00e7\u00e3o respirat\u00f3ria;<br \/>\n\u00c1rea classificada;<br \/>\nOpera\u00e7\u00f5es de salvamento<\/p>\n<p><strong>CARGA HOR\u00c1RIA<\/strong><br \/>\n<strong>PER\u00cdODO DE REALIZA\u00c7\u00c3O DO CURSO<\/strong><br \/>\n<strong>HOR\u00c1RIO, LOCAL E INVESTIMENTO<\/strong><br \/>\nA definir, conforme a necessidade da empresa contratante<\/p>\n<p><strong>Setor de Atendimento<\/strong><br \/>\nCampus Dom Id\u00edlio Jos\u00e9 Soares<br \/>\nEndere\u00e7o: Av. Conselheiro N\u00e9bias, 300 \u2013 Vila Mathias, Santos<br \/>\nTelefone: 3205-5555 &#8211; ramal 1388<br \/>\nHor\u00e1rios: Segunda a sexta, das 9h \u00e0s 21h<\/p>\n<p>&nbsp;<\/p>\n","protected":false},"excerpt":{"rendered":"<p>OBJETIVOS Desenvolver habilidades para exercer a fun\u00e7\u00e3o de Supervisor de Espa\u00e7o Confinado com efici\u00eancia, seguran\u00e7a e responsabilidade; Conhecer a Norma [&hellip;]<\/p>\n","protected":false},"author":1,"featured_media":383,"parent":379,"menu_order":0,"comment_status":"closed","ping_status":"closed","template":"","meta":{"footnotes":""},"_links":{"self":[{"href":"https:\/\/www.unisantos.br\/pos\/wp-json\/wp\/v2\/pages\/389"}],"collection":[{"href":"https:\/\/www.unisantos.br\/pos\/wp-json\/wp\/v2\/pages"}],"about":[{"href":"https:\/\/www.unisantos.br\/pos\/wp-json\/wp\/v2\/types\/page"}],"author":[{"embeddable":true,"href":"https:\/\/www.unisantos.br\/pos\/wp-json\/wp\/v2\/users\/1"}],"replies":[{"embeddable":true,"href":"https:\/\/www.unisantos.br\/pos\/wp-json\/wp\/v2\/comments?post=389"}],"version-history":[{"count":3,"href":"https:\/\/www.unisantos.br\/pos\/wp-json\/wp\/v2\/pages\/389\/revisions"}],"predecessor-version":[{"id":5586,"href":"https:\/\/www.unisantos.br\/pos\/wp-json\/wp\/v2\/pages\/389\/revisions\/5586"}],"up":[{"embeddable":true,"href":"https:\/\/www.unisantos.br\/pos\/wp-json\/wp\/v2\/pages\/379"}],"wp:featuredmedia":[{"embeddable":true,"href":"https:\/\/www.unisantos.br\/pos\/wp-json\/wp\/v2\/media\/383"}],"wp:attachment":[{"href":"https:\/\/www.unisantos.br\/pos\/wp-json\/wp\/v2\/media?parent=389"}],"curies":[{"name":"wp","href":"https:\/\/api.w.org\/{rel}","templated":true}]}}