{"id":387,"date":"2018-10-11T11:47:34","date_gmt":"2018-10-11T14:47:34","guid":{"rendered":"https:\/\/www.unisantos.br\/pos\/?page_id=387"},"modified":"2023-08-24T18:09:48","modified_gmt":"2023-08-24T21:09:48","slug":"norma-regulamentadora-nr-20-seguranca-e-saude-no-trabalho-com-inflamavel","status":"publish","type":"page","link":"https:\/\/www.unisantos.br\/pos\/in-company\/norma-regulamentadora-nr-20-seguranca-e-saude-no-trabalho-com-inflamavel\/","title":{"rendered":"Norma Regulamentadora NR 20 &#8211; Seguran\u00e7a e Sa\u00fade no Trabalho com Inflam\u00e1vel"},"content":{"rendered":"<p><strong>OBJETIVO<\/strong><br \/>\nLaborar em instala\u00e7\u00f5es Classes I, II ou III;<br \/>\nExplorar o espa\u00e7o f\u00edsico ou o local de extra\u00e7\u00e3o, produ\u00e7\u00e3o, armazenamento, transfer\u00eancia, manuseio e manipula\u00e7\u00e3o de inflam\u00e1veis e l\u00edquidos combust\u00edveis.<\/p>\n<p><strong>P\u00daBLICO-ALVO<\/strong><br \/>\nOs trabalhadores que laboram em instala\u00e7\u00f5es classes I, II e\/ou III.<br \/>\nOs profissionais de Seguran\u00e7a e Sa\u00fade no Trabalho em instala\u00e7\u00f5es classes II e III e que mant\u00eam contato direto com o processo ou processamento.<\/p>\n<p><strong>CONTE\u00daDO<\/strong><br \/>\nNR 20 &#8211; Seguran\u00e7a e Sa\u00fade no Trabalho com Inflam\u00e1veis e Combust\u00edveis.<\/p>\n<p><strong>CARGA HOR\u00c1RIA<\/strong><br \/>\n<strong>PER\u00cdODO DE REALIZA\u00c7\u00c3O DO CURSO<\/strong><br \/>\n<strong>HOR\u00c1RIO, LOCAL E INVESTIMENTO<\/strong><br \/>\nA definir, conforme a necessidade da empresa contratante<\/p>\n<p><strong>Setor de Atendimento<\/strong><br \/>\nCampus Dom Id\u00edlio Jos\u00e9 Soares<br \/>\nEndere\u00e7o: Av. Conselheiro N\u00e9bias, 300 \u2013 Vila Mathias, Santos<br \/>\nTelefone: 3205-5555 &#8211; ramal 1388<br \/>\nHor\u00e1rios: Segunda a sexta, das 9h \u00e0s 21h<\/p>\n<p>&nbsp;<\/p>\n","protected":false},"excerpt":{"rendered":"<p>OBJETIVO Laborar em instala\u00e7\u00f5es Classes I, II ou III; Explorar o espa\u00e7o f\u00edsico ou o local de extra\u00e7\u00e3o, produ\u00e7\u00e3o, armazenamento, [&hellip;]<\/p>\n","protected":false},"author":1,"featured_media":383,"parent":379,"menu_order":0,"comment_status":"closed","ping_status":"closed","template":"","meta":{"footnotes":""},"_links":{"self":[{"href":"https:\/\/www.unisantos.br\/pos\/wp-json\/wp\/v2\/pages\/387"}],"collection":[{"href":"https:\/\/www.unisantos.br\/pos\/wp-json\/wp\/v2\/pages"}],"about":[{"href":"https:\/\/www.unisantos.br\/pos\/wp-json\/wp\/v2\/types\/page"}],"author":[{"embeddable":true,"href":"https:\/\/www.unisantos.br\/pos\/wp-json\/wp\/v2\/users\/1"}],"replies":[{"embeddable":true,"href":"https:\/\/www.unisantos.br\/pos\/wp-json\/wp\/v2\/comments?post=387"}],"version-history":[{"count":3,"href":"https:\/\/www.unisantos.br\/pos\/wp-json\/wp\/v2\/pages\/387\/revisions"}],"predecessor-version":[{"id":5585,"href":"https:\/\/www.unisantos.br\/pos\/wp-json\/wp\/v2\/pages\/387\/revisions\/5585"}],"up":[{"embeddable":true,"href":"https:\/\/www.unisantos.br\/pos\/wp-json\/wp\/v2\/pages\/379"}],"wp:featuredmedia":[{"embeddable":true,"href":"https:\/\/www.unisantos.br\/pos\/wp-json\/wp\/v2\/media\/383"}],"wp:attachment":[{"href":"https:\/\/www.unisantos.br\/pos\/wp-json\/wp\/v2\/media?parent=387"}],"curies":[{"name":"wp","href":"https:\/\/api.w.org\/{rel}","templated":true}]}}