{"id":382,"date":"2018-10-11T11:46:49","date_gmt":"2018-10-11T14:46:49","guid":{"rendered":"https:\/\/www.unisantos.br\/pos\/?page_id=382"},"modified":"2023-08-24T18:09:03","modified_gmt":"2023-08-24T21:09:03","slug":"norma-regulamentadora-nr-10-instalacoes-e-servicos-em-eletricidade","status":"publish","type":"page","link":"https:\/\/www.unisantos.br\/pos\/in-company\/norma-regulamentadora-nr-10-instalacoes-e-servicos-em-eletricidade\/","title":{"rendered":"Norma Regulamentadora NR 10 Instala\u00e7\u00f5es e Servi\u00e7os em Eletricidade"},"content":{"rendered":"<p><strong>OBJETIVOS<\/strong><br \/>\nConhecer a NR10;<br \/>\nImplementar as medidas de controle e sistemas preventivos;<br \/>\nGarantir a Seguran\u00e7a e a Sa\u00fade dos Trabalhadores em instala\u00e7\u00f5es el\u00e9tricas e servi\u00e7os com eletricidade.<br \/>\nCompreender as regulamenta\u00e7\u00f5es do Minist\u00e9rio do Trabalho e Emprego -MTE;<br \/>\nConhecer os Equipamentos de Prote\u00e7\u00e3o Individual (EPIs) e os Equipamentos de Prote\u00e7\u00e3o Coletiva (EPCs).<\/p>\n<p><strong>P\u00daBLICO-ALVO<\/strong><br \/>\nProfissionais que direta ou indiretamente interagem em instala\u00e7\u00f5es el\u00e9tricas e servi\u00e7os com eletricidade.<\/p>\n<p><strong>CONTE\u00daDO<\/strong><br \/>\nIntrodu\u00e7\u00e3o \u00e0 seguran\u00e7a com eletricidade;<br \/>\nRiscos em instala\u00e7\u00f5es e servi\u00e7os com eletricidade;<br \/>\nT\u00e9cnicas de An\u00e1lise de Risco;<br \/>\nMedidas de Controle do Risco El\u00e9trico;<br \/>\nNormas T\u00e9cnicas Brasileiras \u2013 NBR da ABNT: NBR-5410, NBR 14039 e outras;<br \/>\nRegulamenta\u00e7\u00f5es do Minist\u00e9rio do Trabalho e Emprego -MTE;<br \/>\nEquipamentos de prote\u00e7\u00e3o coletiva;<br \/>\nEquipamentos de prote\u00e7\u00e3o individual;<br \/>\nRotinas de trabalho \u2013 Procedimentos;<br \/>\nDocumenta\u00e7\u00e3o de instala\u00e7\u00f5es el\u00e9tricas;<br \/>\nRiscos adicionais;<br \/>\nProte\u00e7\u00e3o e combate a inc\u00eandios;<br \/>\nAcidentes de origem el\u00e9trica;<br \/>\nPrimeiros socorros;<br \/>\nResponsabilidades.<\/p>\n<p><strong>CARGA HOR\u00c1RIA<\/strong><br \/>\n<strong>PER\u00cdODO DE REALIZA\u00c7\u00c3O DO CURSO<\/strong><br \/>\n<strong>HOR\u00c1RIO, LOCAL E INVESTIMENTO<\/strong><br \/>\nA definir, conforme a necessidade da empresa contratante<\/p>\n<div>\n<p><strong>Setor de Atendimento<\/strong><br \/>\nCampus Dom Id\u00edlio Jos\u00e9 Soares<br \/>\nEndere\u00e7o: Av. Conselheiro N\u00e9bias, 300 \u2013 Vila Mathias, Santos<br \/>\nTelefone: 3205-5555 &#8211; ramal 1388<br \/>\nHor\u00e1rios: Segunda a sexta, das 9h \u00e0s 21h<\/p>\n<p>&nbsp;<\/p>\n<\/div>\n","protected":false},"excerpt":{"rendered":"<p>OBJETIVOS Conhecer a NR10; Implementar as medidas de controle e sistemas preventivos; Garantir a Seguran\u00e7a e a Sa\u00fade dos Trabalhadores [&hellip;]<\/p>\n","protected":false},"author":1,"featured_media":383,"parent":379,"menu_order":0,"comment_status":"closed","ping_status":"closed","template":"","meta":{"footnotes":""},"_links":{"self":[{"href":"https:\/\/www.unisantos.br\/pos\/wp-json\/wp\/v2\/pages\/382"}],"collection":[{"href":"https:\/\/www.unisantos.br\/pos\/wp-json\/wp\/v2\/pages"}],"about":[{"href":"https:\/\/www.unisantos.br\/pos\/wp-json\/wp\/v2\/types\/page"}],"author":[{"embeddable":true,"href":"https:\/\/www.unisantos.br\/pos\/wp-json\/wp\/v2\/users\/1"}],"replies":[{"embeddable":true,"href":"https:\/\/www.unisantos.br\/pos\/wp-json\/wp\/v2\/comments?post=382"}],"version-history":[{"count":3,"href":"https:\/\/www.unisantos.br\/pos\/wp-json\/wp\/v2\/pages\/382\/revisions"}],"predecessor-version":[{"id":5583,"href":"https:\/\/www.unisantos.br\/pos\/wp-json\/wp\/v2\/pages\/382\/revisions\/5583"}],"up":[{"embeddable":true,"href":"https:\/\/www.unisantos.br\/pos\/wp-json\/wp\/v2\/pages\/379"}],"wp:featuredmedia":[{"embeddable":true,"href":"https:\/\/www.unisantos.br\/pos\/wp-json\/wp\/v2\/media\/383"}],"wp:attachment":[{"href":"https:\/\/www.unisantos.br\/pos\/wp-json\/wp\/v2\/media?parent=382"}],"curies":[{"name":"wp","href":"https:\/\/api.w.org\/{rel}","templated":true}]}}