{"id":3741,"date":"2021-06-22T12:33:43","date_gmt":"2021-06-22T15:33:43","guid":{"rendered":"https:\/\/www.unisantos.br\/pos\/?page_id=3741"},"modified":"2021-06-22T12:34:58","modified_gmt":"2021-06-22T15:34:58","slug":"formularios","status":"publish","type":"page","link":"https:\/\/www.unisantos.br\/pos\/stricto-sensu\/doutorado\/doutorado-em-direito\/formularios\/","title":{"rendered":"Formul\u00e1rios"},"content":{"rendered":"<p><a href=\"https:\/\/www.unisantos.br\/wp-content\/uploads\/2021\/06\/RELAT\u00d3RIO-ATIVIDADES-PROGRAMADAS.docx\" target=\"_blank\" rel=\"noopener\"><strong>Relat\u00f3rio de atividades programadas<\/strong><\/a><\/p>\n<p><a href=\"https:\/\/www.unisantos.br\/wp-content\/uploads\/2021\/06\/RELAT\u00d3RIO-EST\u00c1GIO-DOC\u00caNCIA.docx\" target=\"_blank\" rel=\"noopener\"><strong>Relat\u00f3rio de est\u00e1gio de doc\u00eancia<\/strong><\/a><\/p>\n<p><a href=\"https:\/\/www.unisantos.br\/wp-content\/uploads\/2021\/06\/REQUERIMENO-ENTREGA-ATIVIDADES.docx\" target=\"_blank\" rel=\"noopener\"><strong>Requerimento de entrega de atividades programadas<\/strong><\/a><\/p>\n<p><a href=\"https:\/\/www.unisantos.br\/wp-content\/uploads\/2021\/06\/DOCUMENTO-DEP\u00d3SITO.docx\" target=\"_blank\" rel=\"noopener\"><strong>Documento para dep\u00f3sito<\/strong><\/a><\/p>\n<p><a href=\"https:\/\/www.unisantos.br\/wp-content\/uploads\/2021\/06\/EXAME-QUALIFICACAO.doc\" target=\"_blank\" rel=\"noopener\"><strong>Exame de qualifica\u00e7\u00e3o<\/strong><\/a><\/p>\n<p><a href=\"https:\/\/www.unisantos.br\/wp-content\/uploads\/2021\/06\/DEFESA-DISSERTA\u00c7\u00c3O.docx\" target=\"_blank\" rel=\"noopener\"><strong>Defesa de disserta\u00e7\u00e3o<\/strong><\/a><\/p>\n<p><a href=\"https:\/\/www.unisantos.br\/wp-content\/uploads\/2021\/06\/EXAME-QUALIFICA-DOUTORADO.docx\" target=\"_blank\" rel=\"noopener\"><strong>Exame de qualifica\u00e7\u00e3o &#8211; Doutorado<\/strong><\/a><\/p>\n<p><a href=\"https:\/\/www.unisantos.br\/wp-content\/uploads\/2021\/06\/DEFESA-TESE.doc\" target=\"_blank\" rel=\"noopener\"><strong>Defesa de tese<\/strong><\/a><\/p>\n","protected":false},"excerpt":{"rendered":"<p>Relat\u00f3rio de atividades programadas Relat\u00f3rio de est\u00e1gio de doc\u00eancia Requerimento de entrega de atividades programadas Documento para dep\u00f3sito Exame de [&hellip;]<\/p>\n","protected":false},"author":1,"featured_media":0,"parent":23,"menu_order":7,"comment_status":"closed","ping_status":"closed","template":"","meta":{"footnotes":""},"_links":{"self":[{"href":"https:\/\/www.unisantos.br\/pos\/wp-json\/wp\/v2\/pages\/3741"}],"collection":[{"href":"https:\/\/www.unisantos.br\/pos\/wp-json\/wp\/v2\/pages"}],"about":[{"href":"https:\/\/www.unisantos.br\/pos\/wp-json\/wp\/v2\/types\/page"}],"author":[{"embeddable":true,"href":"https:\/\/www.unisantos.br\/pos\/wp-json\/wp\/v2\/users\/1"}],"replies":[{"embeddable":true,"href":"https:\/\/www.unisantos.br\/pos\/wp-json\/wp\/v2\/comments?post=3741"}],"version-history":[{"count":1,"href":"https:\/\/www.unisantos.br\/pos\/wp-json\/wp\/v2\/pages\/3741\/revisions"}],"predecessor-version":[{"id":3742,"href":"https:\/\/www.unisantos.br\/pos\/wp-json\/wp\/v2\/pages\/3741\/revisions\/3742"}],"up":[{"embeddable":true,"href":"https:\/\/www.unisantos.br\/pos\/wp-json\/wp\/v2\/pages\/23"}],"wp:attachment":[{"href":"https:\/\/www.unisantos.br\/pos\/wp-json\/wp\/v2\/media?parent=3741"}],"curies":[{"name":"wp","href":"https:\/\/api.w.org\/{rel}","templated":true}]}}