{"id":3719,"date":"2021-05-12T09:53:11","date_gmt":"2021-05-12T12:53:11","guid":{"rendered":"https:\/\/www.unisantos.br\/pos\/?page_id=3719"},"modified":"2022-02-02T00:57:09","modified_gmt":"2022-02-02T03:57:09","slug":"amoris-laetitia-desafios-e-esperancas-estudo-sobre-a-exortacao-apostolica-do-papa-francisco","status":"publish","type":"page","link":"https:\/\/www.unisantos.br\/pos\/qualificacao\/amoris-laetitia-desafios-e-esperancas-estudo-sobre-a-exortacao-apostolica-do-papa-francisco\/","title":{"rendered":"Amoris Laetitia: Desafios e Esperan\u00e7as &#8211; Estudo Sobre a Exorta\u00e7\u00e3o Apost\u00f3lica do Papa Francisco"},"content":{"rendered":"<p><strong>PROFESSOR RESPONS\u00c1VEL<\/strong><br \/>\nProf. Me. Felipe Sardinha Bueno<\/p>\n<p><strong>CARGA HOR\u00c1RIA <\/strong><br \/>\n30 h\/a<\/p>\n<p><strong>LOCAL<\/strong><br \/>\nEncontros s\u00edncronos em ambiente digital<\/p>\n<p><strong>OBJETIVOS<\/strong><br \/>\n&#8211; Promover a leitura do documento pontif\u00edcio <em>Amoris Laetitia<\/em> como resposta ao chamado do Papa Francisco a aprofund\u00e1-lo, sobretudo neste ano de 2021 (celebrando seu quinto anivers\u00e1rio de publica\u00e7\u00e3o).<br \/>\n&#8211; Integrar Teologia cient\u00edfico-sistem\u00e1tica e pastoral sob uma conjuntura de mudan\u00e7a de \u00e9poca;<br \/>\n&#8211; Perscrutar os sinais dos tempos em vista de uma resposta teol\u00f3gica e apost\u00f3lica mais eficiente, no que tange \u00e0s fam\u00edlias e a seus desafios correlatos.<\/p>\n<p><strong>P\u00daBLICO-ALVO<\/strong><br \/>\nAgentes de pastoral da Igreja Cat\u00f3lica, catequistas, ministros extraordin\u00e1rios da Sagrada Comunh\u00e3o, professores de escolas cat\u00f3licas e demais interessados.<\/p>\n<p><strong>CONTE\u00daDO<br \/>\n<\/strong>Introdu\u00e7\u00e3o geral ao tema desenvolvido no documento: os desafios \u00e0s fam\u00edlias em tempos contempor\u00e2neos.<br \/>\nApresenta\u00e7\u00e3o dos antecedentes \u00e0 exorta\u00e7\u00e3o <em>Amoris Laetitia<\/em> 1: <em>Gaudium et Spes<\/em> e o contexto renovador do Conc\u00edlio Vaticano II.<br \/>\nApresenta\u00e7\u00e3o dos antecedentes \u00e0 exorta\u00e7\u00e3o <em>Amoris Laetitia<\/em> 2: o n\u00facleo da exorta\u00e7\u00e3o apost\u00f3lica p\u00f3s-sinodal <em>Familiaris Consortio<\/em> de Jo\u00e3o Paulo II.<br \/>\nApresenta\u00e7\u00e3o dos antecedentes \u00e0 exorta\u00e7\u00e3o <em>Amoris Laetitia<\/em> 3: o s\u00ednodo das fam\u00edlias.<br \/>\nEstrutura textual de <em>Amoris Laetitia<\/em>: panorama geral do documento.<br \/>\nCap\u00edtulo I: \u201c\u00c0 luz da Palavra\u201d.<br \/>\nCap\u00edtulo II: \u201cA Realidade e os desafios das fam\u00edlias&#8221;.<br \/>\nCap\u00edtulo III: \u201cO olhar fixo em Jesus: a voca\u00e7\u00e3o da fam\u00edlia\u201d.<br \/>\nCap\u00edtulo IV: \u201cO amor no matrim\u00f4nio\u201d.<br \/>\nCap\u00edtulo V: \u201cO amor que se torna fecundo\u201d.<br \/>\nCaf\u00e9 Teol\u00f3gico.<br \/>\nCap\u00edtulo VI: \u201cAlgumas perspectivas pastorais\u201d.<br \/>\nCap\u00edtulo VII: \u201cRefor\u00e7ar a educa\u00e7\u00e3o dos filhos\u201d.<br \/>\nCap\u00edtulo VIII: \u201cAcompanhar, discernir e integrar a fragilidade\u201d.<br \/>\nCap\u00edtulo IX: \u201cEspiritualidade conjugal e familiar\u201d.<br \/>\nRiquezas e desafios a partir do documento para a viv\u00eancia pastoral familiar.<\/p>\n<p><strong>OBSERVA\u00c7\u00d5ES<\/strong><br \/>\nA Universidade se reserva o direito de alterar o cronograma e o corpo docente.<br \/>\nDocumenta\u00e7\u00e3o necess\u00e1ria para quem n\u00e3o \u00e9 aluno da Cat\u00f3lica de Santos: c\u00f3pias do RG, CPF, certid\u00e3o de nascimento ou casamento.<br \/>\nA inscri\u00e7\u00e3o presencial s\u00f3 poder\u00e1 ser efetuada pelo interessado no curso, ou por pessoa munida de procura\u00e7\u00e3o autenticada em cart\u00f3rio.<br \/>\nA efetiva\u00e7\u00e3o da matr\u00edcula est\u00e1 condicionada ao pagamento do boleto da 1\u00aa. parcela e entrega da documenta\u00e7\u00e3o exigida.<\/p>\n<p><strong>OUTRAS INFORMA\u00c7\u00d5ES<br \/>\n<\/strong>Departamento de Atendimento Integrado<br \/>\nTelefones: (13) 3205-5555<br \/>\nE-mail: dat@unisantos.br<\/p>\n","protected":false},"excerpt":{"rendered":"<p>PROFESSOR RESPONS\u00c1VEL Prof. Me. Felipe Sardinha Bueno CARGA HOR\u00c1RIA 30 h\/a LOCAL Encontros s\u00edncronos em ambiente digital OBJETIVOS &#8211; Promover [&hellip;]<\/p>\n","protected":false},"author":1,"featured_media":0,"parent":399,"menu_order":0,"comment_status":"closed","ping_status":"closed","template":"","meta":{"footnotes":""},"_links":{"self":[{"href":"https:\/\/www.unisantos.br\/pos\/wp-json\/wp\/v2\/pages\/3719"}],"collection":[{"href":"https:\/\/www.unisantos.br\/pos\/wp-json\/wp\/v2\/pages"}],"about":[{"href":"https:\/\/www.unisantos.br\/pos\/wp-json\/wp\/v2\/types\/page"}],"author":[{"embeddable":true,"href":"https:\/\/www.unisantos.br\/pos\/wp-json\/wp\/v2\/users\/1"}],"replies":[{"embeddable":true,"href":"https:\/\/www.unisantos.br\/pos\/wp-json\/wp\/v2\/comments?post=3719"}],"version-history":[{"count":4,"href":"https:\/\/www.unisantos.br\/pos\/wp-json\/wp\/v2\/pages\/3719\/revisions"}],"predecessor-version":[{"id":4243,"href":"https:\/\/www.unisantos.br\/pos\/wp-json\/wp\/v2\/pages\/3719\/revisions\/4243"}],"up":[{"embeddable":true,"href":"https:\/\/www.unisantos.br\/pos\/wp-json\/wp\/v2\/pages\/399"}],"wp:attachment":[{"href":"https:\/\/www.unisantos.br\/pos\/wp-json\/wp\/v2\/media?parent=3719"}],"curies":[{"name":"wp","href":"https:\/\/api.w.org\/{rel}","templated":true}]}}