{"id":3385,"date":"2021-01-22T12:46:34","date_gmt":"2021-01-22T15:46:34","guid":{"rendered":"https:\/\/www.unisantos.br\/pos\/?page_id=3385"},"modified":"2025-03-07T16:52:05","modified_gmt":"2025-03-07T19:52:05","slug":"gestao-da-comunicacao-em-redes-sociais","status":"publish","type":"page","link":"https:\/\/www.unisantos.br\/pos\/lato-sensu\/gestao-da-comunicacao-em-redes-sociais\/","title":{"rendered":"Gest\u00e3o da Comunica\u00e7\u00e3o em Redes Sociais"},"content":{"rendered":"<p><strong>PROFESSORA RESPONS\u00c1VEL<br \/>\n<\/strong>Prof\u00aa. Me. Lilian Matheus Marques<\/p>\n<p><strong>CARGA HOR\u00c1RIA<br \/>\n<\/strong>380 horas<\/p>\n<p><strong>IN\u00cdCIO<\/strong><br \/>\nMar\u00e7o\/2025<\/p>\n<p><strong>MODALIDADE<br \/>\n<\/strong>EAD plena.<br \/>\nCurso totalmente a dist\u00e2ncia, com 100% dos conte\u00fados, das atividades, dos roteiros e das avalia\u00e7\u00f5es dispon\u00edveis em Ambiente Virtual de Aprendizagem.<\/p>\n<p><strong>P\u00daBLICO-ALVO<br \/>\n<\/strong>Graduados em cursos superiores reconhecidos no Brasil que tenham interesse em se aprimorar como social media.<\/p>\n<p><strong>OBJETIVO<br \/>\n<\/strong>Qualificar os profissionais respons\u00e1veis por atualizar, monitorar e gerar conte\u00fado para as p\u00e1ginas oficiais de uma marca ou empresa nas redes sociais, al\u00e9m de serem respons\u00e1veis pelo planejamento estrat\u00e9gico e an\u00e1lise de resultados.<\/p>\n<p><strong>INVESTIMENTO<\/strong><br \/>\n16 parcelas de R$ 199<\/p>\n<p><strong>CONTE\u00daDO CURRICULAR<br \/>\n<\/strong>\u2022\u00a0M\u00eddias Sociais no contexto da Cibercultura<br \/>\n\u2022 Marketing Digital<br \/>\n\u2022 Constru\u00e7\u00e3o e monitoramento da opini\u00e3o p\u00fablica<br \/>\n\u2022 Ferramentas m\u00e9tricas Web 2.0 e m\u00eddia social<br \/>\n\u2022 M\u00eddias Sociais e os influenciadores digitais<br \/>\n\u2022 Inbound marketing<br \/>\n\u2022 Planejamento de comunica\u00e7\u00e3o em m\u00eddias sociais<br \/>\n\u2022 Desenvolvimento de conte\u00fados digitais<br \/>\n\u2022 Gest\u00e3o de relacionamentos e media\u00e7\u00e3o de conflitos<br \/>\n\u2022 Trabalho final de curso<\/p>\n<p><strong>DIFERENCIAIS<\/strong><br \/>\n\u2022 Corpo docente altamente especializado.<br \/>\n\u2022 Material did\u00e1tico elaborado por profissionais do mercado, mestres e doutores com larga experi\u00eancia.<br \/>\n\u2022 Matriz curricular inovadora, ideal para a forma\u00e7\u00e3o em gest\u00e3o da comunica\u00e7\u00e3o digital e para a fun\u00e7\u00e3o de social media.<br \/>\n\u2022 Polo de apoio presencial com estrutura \u00fanica na regi\u00e3o.<br \/>\n\u2022 Biblioteca f\u00edsica e digital com amplo espa\u00e7o para estudos.<\/p>\n<p><strong>OBSERVA\u00c7\u00d5ES<\/strong><br \/>\nA Universidade se reserva o direito de alterar o cronograma e o corpo docente.<br \/>\nDocumenta\u00e7\u00e3o necess\u00e1ria: c\u00f3pias do RG, CPF, certid\u00e3o de nascimento ou casamento e Diploma da Gradua\u00e7\u00e3o ou Certificado de Cola\u00e7\u00e3o de Grau.<br \/>\nA inscri\u00e7\u00e3o presencial s\u00f3 poder\u00e1 ser efetuada pelo interessado no curso, ou por pessoa munida de procura\u00e7\u00e3o autenticada em cart\u00f3rio.<br \/>\nA efetiva\u00e7\u00e3o da matr\u00edcula est\u00e1 condicionada ao pagamento do boleto da 1\u00aa. parcela e entrega da documenta\u00e7\u00e3o exigida.<\/p>\n<p><strong>OUTRAS INFORMA\u00c7\u00d5ES<\/strong><br \/>\nE-mail: atendimentovirtual@unisantos.br<\/p>\n","protected":false},"excerpt":{"rendered":"<p>PROFESSORA RESPONS\u00c1VEL Prof\u00aa. Me. Lilian Matheus Marques CARGA HOR\u00c1RIA 380 horas IN\u00cdCIO Mar\u00e7o\/2025 MODALIDADE EAD plena. Curso totalmente a dist\u00e2ncia, [&hellip;]<\/p>\n","protected":false},"author":1,"featured_media":0,"parent":210,"menu_order":0,"comment_status":"closed","ping_status":"closed","template":"","meta":{"footnotes":""},"_links":{"self":[{"href":"https:\/\/www.unisantos.br\/pos\/wp-json\/wp\/v2\/pages\/3385"}],"collection":[{"href":"https:\/\/www.unisantos.br\/pos\/wp-json\/wp\/v2\/pages"}],"about":[{"href":"https:\/\/www.unisantos.br\/pos\/wp-json\/wp\/v2\/types\/page"}],"author":[{"embeddable":true,"href":"https:\/\/www.unisantos.br\/pos\/wp-json\/wp\/v2\/users\/1"}],"replies":[{"embeddable":true,"href":"https:\/\/www.unisantos.br\/pos\/wp-json\/wp\/v2\/comments?post=3385"}],"version-history":[{"count":52,"href":"https:\/\/www.unisantos.br\/pos\/wp-json\/wp\/v2\/pages\/3385\/revisions"}],"predecessor-version":[{"id":6742,"href":"https:\/\/www.unisantos.br\/pos\/wp-json\/wp\/v2\/pages\/3385\/revisions\/6742"}],"up":[{"embeddable":true,"href":"https:\/\/www.unisantos.br\/pos\/wp-json\/wp\/v2\/pages\/210"}],"wp:attachment":[{"href":"https:\/\/www.unisantos.br\/pos\/wp-json\/wp\/v2\/media?parent=3385"}],"curies":[{"name":"wp","href":"https:\/\/api.w.org\/{rel}","templated":true}]}}