{"id":3347,"date":"2021-01-20T10:02:38","date_gmt":"2021-01-20T13:02:38","guid":{"rendered":"https:\/\/www.unisantos.br\/pos\/?page_id=3347"},"modified":"2023-04-26T10:39:29","modified_gmt":"2023-04-26T13:39:29","slug":"fashion-law","status":"publish","type":"page","link":"https:\/\/www.unisantos.br\/pos\/lato-sensu\/fashion-law\/","title":{"rendered":"Fashion Law"},"content":{"rendered":"<p><strong>PROFESSORA RESPONS\u00c1VEL<br \/>\n<\/strong>Prof\u00aa. Me. Fl\u00e1via de Oliveira Santos do Nascimento<\/p>\n<p><strong>CARGA HOR\u00c1RIA<br \/>\n<\/strong>360 horas<\/p>\n<p><strong>MODALIDADE<br \/>\n<\/strong>EAD Live, organizada em encontros digitais ao vivo com suporte de Ambiente Virtual de Aprendizagem<\/p>\n<p><strong>OBJETIVOS<br \/>\n<\/strong>Possibilitar ao discente o conhecimento do novo ramo do Direito denominado Fashion Law, aprofundando compreens\u00f5es sobre as rela\u00e7\u00f5es jur\u00eddicas que permeiam a ind\u00fastria da moda.<strong><br \/>\n<\/strong><\/p>\n<p><strong>P\u00daBLICO-ALVO<br \/>\n<\/strong>Bachar\u00e9is em Direito, bachar\u00e9is em Administra\u00e7\u00e3o, designers de moda, publicit\u00e1rios ou outros graduados com interesse na ind\u00fastria da moda.<\/p>\n<p><strong>CONTE\u00daDO CURRICULAR<br \/>\n<\/strong>\u2022\u00a0Hist\u00f3ria da Moda e Conceitua\u00e7\u00e3o do Fashion Law<br \/>\n\u2022 Propriedade Intelectual no Fashion Law<br \/>\n\u2022 Design, Trade Dress e Concorr\u00eancia<br \/>\n\u2022 Direito da Imagem na Ind\u00fastria da Moda<br \/>\n\u2022 Contratos e Solu\u00e7\u00f5es Alternativas de Conflitos na Ind\u00fastria da Moda<br \/>\n\u2022 Criminal Fashion Law<br \/>\n\u2022 E-commerce, Novos Modelos de Neg\u00f3cios e sua Prote\u00e7\u00e3o Jur\u00eddica<br \/>\n\u2022 Moda e Sustentabilidade<br \/>\n\u2022 Quest\u00f5es Internacionais no Fashion Law<\/p>\n<p><strong>OBSERVA\u00c7\u00d5ES<\/strong><br \/>\nA Universidade se reserva o direito de alterar o cronograma e o corpo docente.<br \/>\nDocumenta\u00e7\u00e3o necess\u00e1ria: c\u00f3pias do RG, CPF, certid\u00e3o de nascimento ou casamento e Diploma da Gradua\u00e7\u00e3o ou Certificado de Cola\u00e7\u00e3o de Grau.<br \/>\nA inscri\u00e7\u00e3o presencial s\u00f3 poder\u00e1 ser efetuada pelo interessado no curso, ou por pessoa munida de procura\u00e7\u00e3o autenticada em cart\u00f3rio.<br \/>\nA efetiva\u00e7\u00e3o da matr\u00edcula est\u00e1 condicionada ao pagamento do boleto da 1\u00aa. parcela e entrega da documenta\u00e7\u00e3o exigida.<\/p>\n<p><strong>OUTRAS INFORMA\u00c7\u00d5ES<\/strong><br \/>\nE-mail: atendimentovirtual@unisantos.br<\/p>\n<p>&nbsp;<\/p>\n","protected":false},"excerpt":{"rendered":"<p>PROFESSORA RESPONS\u00c1VEL Prof\u00aa. Me. Fl\u00e1via de Oliveira Santos do Nascimento CARGA HOR\u00c1RIA 360 horas MODALIDADE EAD Live, organizada em encontros [&hellip;]<\/p>\n","protected":false},"author":1,"featured_media":684,"parent":210,"menu_order":0,"comment_status":"closed","ping_status":"closed","template":"","meta":{"footnotes":""},"_links":{"self":[{"href":"https:\/\/www.unisantos.br\/pos\/wp-json\/wp\/v2\/pages\/3347"}],"collection":[{"href":"https:\/\/www.unisantos.br\/pos\/wp-json\/wp\/v2\/pages"}],"about":[{"href":"https:\/\/www.unisantos.br\/pos\/wp-json\/wp\/v2\/types\/page"}],"author":[{"embeddable":true,"href":"https:\/\/www.unisantos.br\/pos\/wp-json\/wp\/v2\/users\/1"}],"replies":[{"embeddable":true,"href":"https:\/\/www.unisantos.br\/pos\/wp-json\/wp\/v2\/comments?post=3347"}],"version-history":[{"count":47,"href":"https:\/\/www.unisantos.br\/pos\/wp-json\/wp\/v2\/pages\/3347\/revisions"}],"predecessor-version":[{"id":5366,"href":"https:\/\/www.unisantos.br\/pos\/wp-json\/wp\/v2\/pages\/3347\/revisions\/5366"}],"up":[{"embeddable":true,"href":"https:\/\/www.unisantos.br\/pos\/wp-json\/wp\/v2\/pages\/210"}],"wp:featuredmedia":[{"embeddable":true,"href":"https:\/\/www.unisantos.br\/pos\/wp-json\/wp\/v2\/media\/684"}],"wp:attachment":[{"href":"https:\/\/www.unisantos.br\/pos\/wp-json\/wp\/v2\/media?parent=3347"}],"curies":[{"name":"wp","href":"https:\/\/api.w.org\/{rel}","templated":true}]}}