{"id":3343,"date":"2021-01-20T09:55:41","date_gmt":"2021-01-20T12:55:41","guid":{"rendered":"https:\/\/www.unisantos.br\/pos\/?page_id=3343"},"modified":"2025-03-07T16:49:31","modified_gmt":"2025-03-07T19:49:31","slug":"direito-e-politica-espacial","status":"publish","type":"page","link":"https:\/\/www.unisantos.br\/pos\/lato-sensu\/direito-e-politica-espacial\/","title":{"rendered":"Direito e Pol\u00edtica Espacial"},"content":{"rendered":"<p><strong>PROFESSOR RESPONS\u00c1VEL<br \/>\n<\/strong>Prof. Dr. Daniel Freire e Almeida<\/p>\n<p><strong>CARGA HOR\u00c1RIA<br \/>\n<\/strong>360 horas<\/p>\n<p><strong>IN\u00cdCIO<\/strong><br \/>\nMar\u00e7o\/2025<\/p>\n<p><strong>DIAS\/HOR\u00c1RIO<\/strong><br \/>\nSegundas, ter\u00e7as e quartas-feiras, das 18h45 \u00e1s 22h45<\/p>\n<p><strong>MODALIDADE<br \/>\n<\/strong>EAD Live, organizada em encontros digitais ao vivo com suporte de Ambiente Virtual de Aprendizagem<\/p>\n<p><strong>OBJETIVO<\/strong><br \/>\nDesenvolver compet\u00eancias e habilidades que maximizem o conhecimento e possibilitem formar profissionais para pr\u00e1ticas avan\u00e7adas do regime jur\u00eddico e pol\u00edtico nacional e internacional do Direito Espacial.<\/p>\n<p><strong>INVESTIMENTO<\/strong><br \/>\n16 parcelas de R$ 700<\/p>\n<p><strong>P\u00daBLICO-ALVO<br \/>\n<\/strong>Profissionais com forma\u00e7\u00e3o em Direito, bem como com forma\u00e7\u00e3o superior em diversas \u00e1reas afins do conhecimento, dentre elas Rela\u00e7\u00f5es Internacionais, Administra\u00e7\u00e3o, Administra\u00e7\u00e3o P\u00fablica, Engenharia Aeroespacial e Ci\u00eancias Sociais, entre outras.<\/p>\n<p><strong>CONTE\u00daDO<br \/>\n\u2022\u00a0<\/strong>Metodologia da pesquisa aplicada ao direito espacial<br \/>\n<strong>\u2022\u00a0<\/strong>Direito Internacional<br \/>\n<strong>\u2022\u00a0<\/strong>Direito Espacial Internacional<br \/>\n<strong>\u2022\u00a0<\/strong>Direito espacial brasileiro<br \/>\n<strong>\u2022\u00a0<\/strong>Semin\u00e1rios nacionais e internacionais I e II<br \/>\n<strong>\u2022\u00a0<\/strong>Pol\u00edtica espacial e rela\u00e7\u00f5es internacionais<br \/>\n<strong>\u2022\u00a0<\/strong>Novos atores do direito espacial<br \/>\n<strong>\u2022\u00a0<\/strong>Direito na internet e o ambiente espacial<\/p>\n<p><strong>DIFERENCIAIS<br \/>\n<\/strong>\u2022 \u00danico curso em Direito Espacial recomendado no \u00e2mbito da Organiza\u00e7\u00e3o das Na\u00e7\u00f5es Unidas;<br \/>\n\u2022 Primeiro curso do Brasil de p\u00f3s-gradua\u00e7\u00e3o em Direito e Pol\u00edtica Espacial.<br \/>\n\u2022 A UNISANTOS \u00e9 l\u00edder em pesquisas sobre Direito e Pol\u00edtica Espacial no Brasil, credenciada junto ao Instituto Internacional de Direito Espacial e com parcerias estrat\u00e9gicas no Brasil e exterior.<br \/>\n\u2022 Curso intensivo e compreensivo, abordando diferentes tem\u00e1ticas de Direito e Pol\u00edtica Espacial em perspectiva atualizada e pr\u00e1tica.<br \/>\n\u2022 Corpo docente especializado com avan\u00e7ados conhecimentos acad\u00eamicos e pr\u00e1ticos em Direito e Pol\u00edtica Espacial, incluindo profissionais filiados ao Instituto Internacional de Direito Espacial, Corte Permanente de Arbitragem, Ag\u00eancia Espacial Brasileira, Instituto Nacional de Pesquisas Espaciais, NASA (ag\u00eancia espacial norte-americana), ESA (ag\u00eancia espacial europeia), al\u00e9m de empresas e startups da \u00e1rea.<br \/>\n\u2022 Atividades extracurriculares abertas aos alunos, com perspectiva de visitas t\u00e9cnicas a \u00f3rg\u00e3os e institui\u00e7\u00f5es nacionais e internacionais.<br \/>\n\u2022 Possibilidade de participa\u00e7\u00e3o dos estudantes no Grupo de Pesquisa de Direito e Pol\u00edtica Espacial da UNISANTOS, certificado no CNPQ &#8211; https:\/\/www.unisantos.br\/grupodireitoespacial\/<\/p>\n<p><strong>OBSERVA\u00c7\u00d5ES<\/strong><br \/>\nA Universidade se reserva o direito de alterar o cronograma e o corpo docente.<br \/>\nDocumenta\u00e7\u00e3o necess\u00e1ria: c\u00f3pias do RG, CPF, certid\u00e3o de nascimento ou casamento e Diploma da Gradua\u00e7\u00e3o ou Certificado de Cola\u00e7\u00e3o de Grau.<br \/>\nA inscri\u00e7\u00e3o presencial s\u00f3 poder\u00e1 ser efetuada pelo interessado no curso, ou por pessoa munida de procura\u00e7\u00e3o autenticada em cart\u00f3rio.<br \/>\nA efetiva\u00e7\u00e3o da matr\u00edcula est\u00e1 condicionada ao pagamento do boleto da 1\u00aa. parcela e entrega da documenta\u00e7\u00e3o exigida.<\/p>\n<p><strong>OUTRAS INFORMA\u00c7\u00d5ES<\/strong><br \/>\nE-mail: atendimentovirtual@unisantos.br<\/p>\n","protected":false},"excerpt":{"rendered":"<p>PROFESSOR RESPONS\u00c1VEL Prof. Dr. Daniel Freire e Almeida CARGA HOR\u00c1RIA 360 horas IN\u00cdCIO Mar\u00e7o\/2025 DIAS\/HOR\u00c1RIO Segundas, ter\u00e7as e quartas-feiras, das [&hellip;]<\/p>\n","protected":false},"author":1,"featured_media":232,"parent":210,"menu_order":0,"comment_status":"closed","ping_status":"closed","template":"","meta":{"footnotes":""},"_links":{"self":[{"href":"https:\/\/www.unisantos.br\/pos\/wp-json\/wp\/v2\/pages\/3343"}],"collection":[{"href":"https:\/\/www.unisantos.br\/pos\/wp-json\/wp\/v2\/pages"}],"about":[{"href":"https:\/\/www.unisantos.br\/pos\/wp-json\/wp\/v2\/types\/page"}],"author":[{"embeddable":true,"href":"https:\/\/www.unisantos.br\/pos\/wp-json\/wp\/v2\/users\/1"}],"replies":[{"embeddable":true,"href":"https:\/\/www.unisantos.br\/pos\/wp-json\/wp\/v2\/comments?post=3343"}],"version-history":[{"count":64,"href":"https:\/\/www.unisantos.br\/pos\/wp-json\/wp\/v2\/pages\/3343\/revisions"}],"predecessor-version":[{"id":6735,"href":"https:\/\/www.unisantos.br\/pos\/wp-json\/wp\/v2\/pages\/3343\/revisions\/6735"}],"up":[{"embeddable":true,"href":"https:\/\/www.unisantos.br\/pos\/wp-json\/wp\/v2\/pages\/210"}],"wp:featuredmedia":[{"embeddable":true,"href":"https:\/\/www.unisantos.br\/pos\/wp-json\/wp\/v2\/media\/232"}],"wp:attachment":[{"href":"https:\/\/www.unisantos.br\/pos\/wp-json\/wp\/v2\/media?parent=3343"}],"curies":[{"name":"wp","href":"https:\/\/api.w.org\/{rel}","templated":true}]}}