{"id":3276,"date":"2021-01-05T14:33:34","date_gmt":"2021-01-05T17:33:34","guid":{"rendered":"https:\/\/www.unisantos.br\/pos\/?page_id=3276"},"modified":"2021-01-05T14:35:20","modified_gmt":"2021-01-05T17:35:20","slug":"ementas-e-bibliografia-da-disciplinas-obrigatorias","status":"publish","type":"page","link":"https:\/\/www.unisantos.br\/pos\/stricto-sensu\/mestrado\/mestrado-em-educacao\/organizacao-curricular\/ementas-e-bibliografia-da-disciplinas-obrigatorias\/","title":{"rendered":"Ementas e Bibliografia da Disciplinas Obrigat\u00f3rias"},"content":{"rendered":"<p><strong>Educa\u00e7\u00e3o e Forma\u00e7\u00e3o <\/strong><\/p>\n<p><strong>Especifica\u00e7\u00e3o: <\/strong>Disciplina obrigat\u00f3ria para as tr\u00eas linhas de pesquisa<br \/>\n<strong>N\u00famero de cr\u00e9ditos<\/strong>: 3<br \/>\n<strong>Ementa: <\/strong>A disciplina situa os alunos no universo das reflex\u00f5es sobre as principais tem\u00e1ticas investigativas que organizam o campo te\u00f3rico da \u00e1rea de concentra\u00e7\u00e3o do Programa \u2013 Educa\u00e7\u00e3o e Forma\u00e7\u00e3o -, com foco no estudo cr\u00edtico-reflexivo dos conceitos de educa\u00e7\u00e3o e forma\u00e7\u00e3o, problematizando-os \u00e0 luz das experi\u00eancias e dos interesses de pesquisa dos estudantes matriculados na disciplina.<br \/>\n<strong>Bibliografia<\/strong>:<br \/>\nADORNO, Theodor W. E. <strong>Educa\u00e7\u00e3o e Emancipa\u00e7\u00e3o<\/strong>. 2.ed. Rio de Janeiro: Editora Paz e Terra, 2000.<br \/>\nCharlot, Bernard. Desafios da educa\u00e7\u00e3o na contemporaneidade: reflex\u00f5es de um pesquisador. Entrevista concedida a Teresa Cristina Rego e L\u00facia Em\u00edlia Nuevo Barreto Bruno. <strong>Educa\u00e7\u00e3o e Pesquisa<\/strong>, v. 36, n\u00famero especial, p.147-161, 2010.<br \/>\nCAVACO, Carmen. Experi\u00eancia e forma\u00e7\u00e3o experiencial: a especificidade dos adquiridos experienciais. <strong>Educa\u00e7\u00e3o Unisinos<\/strong> v.13, no. 3, p.220-227, setembro\/dezembro 2009.<br \/>\nGADOTTI, Moacir. Perspectivas atuais da educa\u00e7\u00e3o. <strong>S\u00e3o Paulo em Perspectiva<\/strong>, 14 (2), 2000.<br \/>\nGOERGEN, Pedro. Educa\u00e7\u00e3o, \u00c9tica e Mercado. <strong>I Jornada Internacional de Filosofia da Educa\u00e7\u00e3o e III Jornada de Filosofia da FEUSP<\/strong>, 2017, p. 57-76.<br \/>\nJOSSO, Marie-Christine.\u00a0 A transforma\u00e7\u00e3o de si a partir da narra\u00e7\u00e3o de hist\u00f3rias de vida. <strong>Educa\u00e7\u00e3o<\/strong>. Porto Alegre\/RS, ano XXX, n. 3 (63), p. 413-438, set.\/dez. 2007.<br \/>\nJOSSO, Marie-Christine. <strong>Experi\u00eancia de Vida e Forma\u00e7\u00e3o<\/strong>. Lisboa: EDUCA, 2002. (PDF)<br \/>\nJOSSO, Marie-Christine. \u00a0Hist\u00f3ria de vida e projeto: a hist\u00f3ria de vida como projeto e as hist\u00f3rias de vida a servi\u00e7o de projetos<strong>.\u00a0Educa\u00e7\u00e3o <\/strong><strong>e<\/strong><strong> Pesquisa<\/strong>,\u00a0<em>25<\/em>(2), 11-23, 1999. Dispon\u00edvel em: \u00a0&lt;https:\/\/doi.org\/10.1590\/S1517-97021999000200002&gt;<br \/>\nLARROSA BOND\u00cdA, Jorge. Notas sobre a experi\u00eancia e o saber da experi\u00eancia. <strong>Revista Brasileira de Educa\u00e7\u00e3o<\/strong>, n.19, p. 20-28, jan.\/abr. 2002. Dispon\u00edvel em: www.scielo.br\/pdf\/rbedu\/n19\/n19a02.pdf.<br \/>\nLARROSA BOND\u00cdA, Jorge. Experi\u00eancia e alteridade em educa\u00e7\u00e3o. <strong>Revista Reflex\u00e3o e A\u00e7\u00e3o<\/strong>, Santa Cruz do Sul, v. 19, n.2, p. 4-27, jul.\/dez. 2011.<br \/>\nMORIN, Edgar. Educa\u00e7\u00e3o e complexidade: os sete saberes e outros ensaios. 9.ed.rev. S\u00e3o Paulo: Editora Cortez, 2004.<br \/>\nN\u00d3VOA, Ant\u00f3nio. Pref\u00e1cio. In: JOSSO, Marie-Christine. <strong>Experi\u00eancia de Vida e Forma\u00e7\u00e3o<\/strong>. Lisboa: EDUCA, 2002, p. 7-12.<br \/>\nN\u00d3VOA, Ant\u00f3nio. Os professores na virada do mil\u00eanio: do excesso dos discursos \u00e0 pobreza das pr\u00e1ticas. <strong>Educa\u00e7\u00e3o e Pesquisa<\/strong>, S\u00e3o Paulo, v. 25, n. 1, p. 11-20, jan.\/jun. 1999a. Dispon\u00edvel em: &lt;http:\/\/www.scielo.br\/pdf\/ep\/v25n1\/v25n1a02.pdf&gt;<br \/>\nMAHEIRIE, K\u00e1tia. Constitui\u00e7\u00e3o do Sujeito, Subjetividade e Identidade. <strong>Revista Intera\u00e7\u00f5es<\/strong>, vol. 8, n\u00b013, p. 31-44, jan.\/jun. 2002.<br \/>\nPASSEGGI, Maria da Concei\u00e7\u00e3o. A experi\u00eancia em forma\u00e7\u00e3o. <strong>Educa\u00e7\u00e3o<\/strong>. Porto Alegre, vol.34, n.2,p.147-146, maio\/agosto 2011.<br \/>\nSUCUPIRA LINS, Maria Judith. Forma\u00e7\u00e3o do Educador e a quest\u00e3o da \u00e9tica. <strong>Revista da FAEEBA \u2013 Educa\u00e7\u00e3o e contemporaneidade<\/strong>. Vol.12, n\u00famero 20, julho-dez, p.353-352, 2003.<br \/>\nTASSIN, Eti\u00e8ne. Educar o cidad\u00e3o: que \u00eaxito esperar de um of\u00edcio imposs\u00edvel? <strong>Revista da FAEEBA \u2013 Educa\u00e7\u00e3o e contemporaneidade<\/strong>. Vol.12, n\u00famero 20, julho-dez, p.15-33.<br \/>\nTHOMPSON, Edward Palmer. Educa\u00e7\u00e3o e Experi\u00eancia. In: <strong>Os Rom\u00e2nticos. A Inglaterra na Era Revolucion\u00e1ria<\/strong>. Rio de Janeiro: Civiliza\u00e7\u00e3o Brasileira, 2002, p. 11-47.<br \/>\nYOUNG, Michael. Para que servem as escolas? <strong>Educa\u00e7\u00e3o e Sociedade<\/strong>, Campinas, SP, vol. 28, n. 101, p. 1287-1302, set.\/dez. 2007. Dispon\u00edvel em: &lt;www.scielo.br\/pdf\/es\/v28n101\/a0228101.pdf&gt;<\/p>\n<p><strong>Pol\u00edticas e Pr\u00e1ticas de Forma\u00e7\u00e3o de Professores<br \/>\n<\/strong><strong>Especifica\u00e7\u00e3o: <\/strong>Disciplina Obrigat\u00f3ria da Linha de Pesquisa 1<br \/>\n<strong>N\u00famero de cr\u00e9ditos<\/strong>: 3<br \/>\n<strong>Ementa:<\/strong> Estudo das pol\u00edticas de forma\u00e7\u00e3o docente no contexto do processo de democratiza\u00e7\u00e3o da educa\u00e7\u00e3o brasileira. An\u00e1lise cr\u00edtica dos problemas inerentes \u00e0s pol\u00edticas p\u00fablicas educacionais na interrela\u00e7\u00e3o com as pr\u00e1ticas pedag\u00f3gicas, inclu\u00eddas as pr\u00e1ticas docentes e as repercuss\u00f5es nos processos de desenvolvimento profissional, de constru\u00e7\u00e3o de identidades e de profissionaliza\u00e7\u00e3o docente.<br \/>\n<strong>Bibliografia:<br \/>\n<\/strong>ABDALLA, M. F. B. Pol\u00edtica Nacional de Forma\u00e7\u00e3o de Professores e a (Re) Constitui\u00e7\u00e3o da Identidade Profissional. <strong>Revista Interac\u00e7\u00f5es<\/strong>. v. 12, n. 40, p. 5-27, 2016.<br \/>\nAFONSO, A. J. Pol\u00edticas avaliativas e <em>accountability<\/em> em educa\u00e7\u00e3o: subs\u00eddios para um debate ibero-americano. <strong>S\u00edsifo<\/strong><em>. <\/em><strong>Revista de Ci\u00eancias da Educa\u00e7\u00e3o<\/strong>, Lisboa, n. 9, p. 57-70, mai-ago. Dispon\u00edvel em: \u2264http:\/\/sisifo.fpce.ul.pt\/?r=23&amp;p=57\u2265. Acesso em: 20 mai. 2012.<br \/>\nAGUIAR, M. A. Vinte anos da LDB: da Base Nacional Comum \u00e0 Base Nacional Comum Curricular. BRZEZINSKI, I. (Org.). <strong>LDB\/1996 Vinte anos depois<\/strong><em>: <\/em>projetos educacionais em disputa<em>. <\/em>S\u00e3o Paulo; Cortez, 2018, p. 71-93.<br \/>\nANDR\u00c9, M. Avalia\u00e7\u00e3o revela impacto de um programa de forma\u00e7\u00e3o de professores. <strong>Revista Ensaio<\/strong>: Avalia\u00e7\u00e3o de Pol\u00edticas P\u00fablicas Educacionais, Rio de Janeiro, Funda\u00e7\u00e3o Cesgranrio, vol. 16, n. 58, p. 149-168, jaN,-mar. 2008.<br \/>\nANDR\u00c9, M. (Org.). <strong>Pr\u00e1ticas inovadoras na forma\u00e7\u00e3o de professores<\/strong>. Campinas: Papirus, 2016.<br \/>\nBALL, S. J.; MAINARDES, J. (Orgs.). <strong>Pol\u00edticas Educacionais<\/strong>: quest\u00f5es e dilemas. S\u00e3o Paulo: Cortez Editora, 2011.<br \/>\nBARRETO, E. S. de S. Pol\u00edticas de forma\u00e7\u00e3o docente para a educa\u00e7\u00e3o b\u00e1sica no Brasil: embates contempor\u00e2neos. <strong>Revista Brasileira de Educa\u00e7\u00e3o<\/strong>, v. 20, n. 62, jul.-set. 2015.<br \/>\nBARRETO, E. S. de S. Pol\u00edticas de curr\u00edculo e pol\u00edticas docentes para a educa\u00e7\u00e3o b\u00e1sica. In: MARTINS, A. M.;\u00a0 CALDER\u00d3N, A.I.; GANZELI, P.; GARCIA, T. O. G. (Orgs.). <strong>Pol\u00edticas e gest\u00e3o da educa\u00e7\u00e3o<\/strong><em>:<\/em> desafios em tempos de mudan\u00e7as. Campinas: Autores Associados, 2013, p. 217-242.<br \/>\nBARROSO, J. Conhecimentos, pol\u00edticas e pr\u00e1ticas em educa\u00e7\u00e3o.\u00a0 In: MARTINS, A. M. ;\u00a0 CALDER\u00d3N, A.I.; GANZELI, P.; GARCIA, T. O. G. (Orgs.). <strong>Pol\u00edticas e gest\u00e3o da educa\u00e7\u00e3o<\/strong><em>:<\/em> desafios em tempos de mudan\u00e7as. Campinas: Autores Associados, 2013, p. 1-23.<br \/>\nBAUER, A. Avalia\u00e7\u00e3o de impacto no Brasil: \u00e9 poss\u00edvel mensurar impactos de programas de forma\u00e7\u00e3o docente? <strong>Estudos em avalia\u00e7\u00e3o educacional<\/strong>. S\u00e3o Paulo, Funda\u00e7\u00e3o Carlos Chagas, vo. 21, n. 46, p. 229-252, maio-ago.<br \/>\nBRZEZINSKI, I. (Org.). <strong>LDB\/1996 Vinte anos depois<\/strong><em>: <\/em>projetos educacionais em disputa<em>. <\/em>S\u00e3o Paulo; Cortez, 2018.<br \/>\nBRZEZINSKI, I. Forma\u00e7\u00e3o de Profissionais do Magist\u00e9rio na LDB\/1996: a disputa entre projeto educacionais antag\u00f4nicos. In: BRZEZINSKI, I. (Org.). <strong>LDB\/1996 Vinte anos depois<\/strong><em>: <\/em>projetos educacionais em disputa<em>. <\/em>S\u00e3o Paulo; Cortez, 2018, p. 95-129.<br \/>\nCABRAL NETO, A.; CASTRO, A. M. D. A. Educa\u00e7\u00e3o Superior no Brasil: disputas e tens\u00f5es no processo de expans\u00e3o p\u00f3s-LDB.\u00a0 BRZEZINSKI, I. (Org.). <strong>LDB\/1996 Vinte anos depois<\/strong><em>: <\/em>projetos educacionais em disputa<em>. <\/em>S\u00e3o Paulo; Cortez, 2018, p. 207- 236.<br \/>\nCABRAL NETO, A.; CASTRO, A. M. D. A.; QUEIROZ, M. A. (Orgs.). <strong>Pontos e contrapontos da pol\u00edtica educacional:<\/strong> uma leitura contextualizada de iniciativas governamentais. Bras\u00edlia: Liber Livro Editora, 2007.<br \/>\nFERRADA, D.; VILLENA, A.; DEL PINO, M. \u00bfHay que formar a los docentes en pol\u00edticas educativas? <strong>Cadernos de Pesquisa<\/strong>. v. 48, n. 167, p. 254-279, jan. mar\u00e7o 2018<br \/>\nFRANCO, C.; ALVES, F.; BONAMINO, A. Qualidade do ensino fundamental: pol\u00edticas, suas possibilidades, seus limites. <strong>Educa\u00e7\u00e3o &amp; Sociedade<\/strong>, Campinas, CEDES\/UNICAMP, vol. 28, n. 100, p. 989-1014.<br \/>\nGATTI, B. A.; BARRETO, E. S. S. <strong>Professores do Brasil<\/strong>: impasses e desafios. Bras\u00edlia: UNESCO, 2009.<br \/>\nGATTI, B. A.; BARRETO, E. S. S.; ANDR\u00c9, M. E. D. A. Pol\u00edticas Docentes no Brasil: um estado da arte. Bras\u00edlia: UNESCO, 2011.<br \/>\nLARA, A. M. B.; DEITOS, R.A. (Orgs.). <strong>Pol\u00edticas Educacionais<\/strong>: um exame de proposi\u00e7\u00f5es e reformas educacionais. Cascavel: EDUNIOESTE, 2012.<br \/>\nMORAES, A, C.; XEREZ, A. S. P.; LIMA, D. C. (Orgs.). <strong>Pol\u00edticas Educacionais<\/strong>: pr\u00e1ticas e proposi\u00e7\u00f5es. Fortaleza: EdUECE, 2014.<br \/>\nPEREIRA, E. W.; TEIXEIRA, Z. A. A LDB e os novos contornos da educa\u00e7\u00e3o b\u00e1sica. BRZEZINSKI, I. (Org.). <strong>LDB\/1996 Vinte anos depois<\/strong><em>: <\/em>projetos educacionais em disputa<em>. <\/em>S\u00e3o Paulo; Cortez, 2018, p. 181-205.<br \/>\nSILVA, M. S. P. Pol\u00edticas de forma\u00e7\u00e3o e valoriza\u00e7\u00e3o dos profissionais da educa\u00e7\u00e3o b\u00e1sica em quest\u00e3o: contradi\u00e7\u00f5es e inquieta\u00e7\u00f5es. In: MARTINS, A. M. ;\u00a0 CALDER\u00d3N, A.I.; GANZELI, P.; GARCIA, T. O. G. (Orgs.). <strong>Pol\u00edticas e gest\u00e3o da educa\u00e7\u00e3o<\/strong><em>:<\/em> desafios em tempos de mudan\u00e7as. Campinas: Autores Associados, 2013, p. 166-198.<br \/>\nSAVIANI, D. Sistema Nacional de Educa\u00e7\u00e3o e Regime de Colabora\u00e7\u00e3o. In: BRZEZINSKI, I. (Org.). <strong>LDB\/1996 Vinte anos depois<\/strong><em>: <\/em>projetos educacionais em disputa<em>. <\/em>S\u00e3o Paulo; Cortez, 2018, p. 27-46.<br \/>\nSOBRINHO, J. D. <strong>Dilemas da educa\u00e7\u00e3o superior no mundo globalizado<\/strong>: sociedade do conhecimento ou economia do conhecimento? S\u00e3o Paulo: Casa do Psic\u00f3logo, 2005.<br \/>\nTRIPOLI, Z. F.; SOUSA, S. Z. Do governo \u00e1 governan\u00e7a: permeabilidade do Estado a l\u00f3gicas privatizantes na educa\u00e7\u00e3o. <strong>Cadernos de Pesquisa<\/strong>. v. 48, n. 167, p. 228-253, jan. mar\u00e7o, 2018<br \/>\nWEBER, S. Profissionaliza\u00e7\u00e3o docente e pol\u00edticas p\u00fablicas no Brasil. <strong>Revista Educa\u00e7\u00e3o&amp; Pesquisa,<\/strong> vol. 24, n. 85, p. 1125-1154, dez. 2003.<br \/>\nUSAID. <strong>La inserci\u00f3n docente<\/strong>: pol\u00edticas y pr\u00e1cticas de inducci\u00f3n. Guatemala: Juarez &amp; Associates, Inc.\/USAID-Guatemala, 2008 (Preparado por\u00a0 Beatrice Avalos).<\/p>\n<p><strong>Hist\u00f3ria e Historiografia da Educa\u00e7\u00e3o<br \/>\n<\/strong><strong>Especifica\u00e7\u00e3o: <\/strong>Disciplina obrigat\u00f3ria da Linha de Pesquisa 2<br \/>\n<strong>N\u00famero de cr\u00e9ditos<\/strong>: 3<br \/>\n<strong>Ementa<\/strong>: An\u00e1lise das principais refer\u00eancias da hist\u00f3ria da educa\u00e7\u00e3o (no Brasil), bem como dos debates e propostas em torno da produ\u00e7\u00e3o das pesquisas na \u00e1rea, desde a d\u00e9cada de 1970. \u00canfase nos embates pol\u00edticos ocorridos no campo da educa\u00e7\u00e3o ao longo da hist\u00f3ria do Brasil, caracteriza\u00e7\u00e3o dos projetos educacionais em disputa, das for\u00e7as pol\u00edticas que os sustentavam, dos alvos e das estrat\u00e9gias acionadas por seus atores.<br \/>\n<strong>Bibliografia<\/strong>:<br \/>\nALMEIDA, Jos\u00e9 Pires de. <strong>Hist\u00f3ria da Instru\u00e7\u00e3o P\u00fablica no Brasil (1500-1889)<\/strong>. S\u00e3o Paulo: EDUC; Bras\u00edlia, DF: INEP\/MEC, 1989.<br \/>\nAZEVEDO, Fernando. A Transmiss\u00e3o da Cultura. In: <strong>A Cultura Brasileira<\/strong>. 6. ed. Rio de Janeiro: Editora da UFRJ; Bras\u00edlia: Editora da UnB, 1996, p. 493-765.<br \/>\nBENJAMIN, Walter. Sobre o conceito da Hist\u00f3ria. In: <strong>Magia e T\u00e9cnica, Arte e Pol\u00edtica. Ensaios sobre Literatura e Hist\u00f3ria da Cultura<\/strong>. S\u00e3o Paulo: Brasiliense, 1985, v. 1 (Obras Escolhidas), p. 222-232.<br \/>\nBINZER, Ina von. <strong>Os meus romanos: alegrias e tristezas de uma educadora no Brasil<\/strong>. 5\u00aa ed. Rio de Janeiro: Paz e Terra, 1991.<br \/>\nBRAND\u00c3O, Zaia. A Historiografia da Educa\u00e7\u00e3o na Encruzilhada. In: SAVIANI, Dermeval; LOMBARDI, Jos\u00e9 Claudinei; SANFELICE, Jos\u00e9 Lu\u00eds (orgs.). <strong>Hist\u00f3ria e Hist\u00f3ria da Educa\u00e7\u00e3o. O Debate Te\u00f3rico-Metodol\u00f3gico Atual<\/strong>. Campinas, SP: Autores Associados, 1998, p. 100-114.<br \/>\nCARVALHO, Marta Maria Chagas de. A Configura\u00e7\u00e3o da Historiografia Educacional Brasileira. In: FREITAS, Marcos Cezar de (org.). <strong>Historiografia Brasileira em Perspectiva<\/strong>. S\u00e3o Paulo: Contexto, 1998, p. 329-353.<br \/>\nCARVALHO, Marta Maria Chagas de. A Escola e a Rep\u00fablica. In: CARVALHO, Marta Maria Chagas de. <strong>A Escola e a Rep\u00fablica e outros ensaios<\/strong>. Bragan\u00e7a Paulista, SP: EDUSF, 2003, p. 11-66.<br \/>\nCURY, Carlos Roberto Jamil. A Pesquisa Hist\u00f3rico-Educacional no Brasil: um Depoimento a Partir de uma Trajet\u00f3ria. In: SAVIANI, Dermeval; LOMBARDI, Jos\u00e9 Claudinei; SANFELICE, Jos\u00e9 Lu\u00eds (orgs.). <strong>Hist\u00f3ria e Hist\u00f3ria da Educa\u00e7\u00e3o. O Debate Te\u00f3rico-Metodol\u00f3gico Atual<\/strong>. Campinas, SP: Autores Associados, 1998, p. 131-134.<br \/>\nCURY, Carlos Roberto Jamil. <em>Educa\u00e7\u00e3o e Contradi\u00e7\u00e3o: elementos metodol\u00f3gicos para uma teoria cr\u00edtica do fen\u00f4meno educativo<\/em>. 7. ed. Cortez, 2000.<br \/>\nDECCA, Edgard Salvadori de. Narrativa e Hist\u00f3ria. In: SAVIANI, Dermeval; LOMBARDI, Jos\u00e9 Claudinei; SANFELICE, Jos\u00e9 Lu\u00eds (orgs.). <strong>Hist\u00f3ria e Hist\u00f3ria da Educa\u00e7\u00e3o. O Debate Te\u00f3rico-Metodol\u00f3gico Atual<\/strong>. Campinas, SP: Autores Associados, 1998, p. 17-24.<br \/>\nNAGLE, Jorge. A educa\u00e7\u00e3o na Primeira Rep\u00fablica. In: FAUSTO, B\u00f3ris (org.). <strong>Hist\u00f3ria Geral da Civiliza\u00e7\u00e3o Brasileira<\/strong>. 4\u00aa ed. S\u00e3o Paulo: Bertrand Brasil, Tomo III, vol. 2, cap. VII, 1990, p. 259-291.<br \/>\nNAGLE, Jorge. <strong>Educa\u00e7\u00e3o e Sociedade na Primeira Rep\u00fablica<\/strong>. S\u00e3o Paulo: EPU; Rio de Janeiro: Funda\u00e7\u00e3o Nacional de Material Escolar, 1974.<br \/>\nNAGLE, Jorge. Trajet\u00f3ria da Pesquisa em Hist\u00f3ria da Educa\u00e7\u00e3o no Brasil. In: SAVIANI, Dermeval; LOMBARDI, Jos\u00e9 Claudinei; SANFELICE, Jos\u00e9 Lu\u00eds (orgs.). <strong>Hist\u00f3ria e Hist\u00f3ria da Educa\u00e7\u00e3o. O Debate Te\u00f3rico-Metodol\u00f3gico Atual<\/strong>. Campinas, SP: Autores Associados, 1998, p. 115-130.<br \/>\nNUNES, Clarice; CARVALHO, Marta Maria Chagas de. Historiografia da Educa\u00e7\u00e3o e Fontes. In: GONDRA, Jos\u00e9 Gon\u00e7alves (org.). <strong>Pesquisa em Hist\u00f3ria da Educa\u00e7\u00e3o no Brasil<\/strong>. Rio de Janeiro: DP&amp;A, 2005, p. 17-62.<br \/>\nREIS, Jos\u00e9 Carlos. Os <em>Annales<\/em>: A Renova\u00e7\u00e3o Te\u00f3rico-Metodol\u00f3gica e \u201cUtopia\u201d da Hist\u00f3ria pela Reconstru\u00e7\u00e3o do Tempo Hist\u00f3rico. In: SAVIANI, Dermeval; LOMBARDI, Jos\u00e9 Claudinei; SANFELICE, Jos\u00e9 Lu\u00eds (orgs.). <strong>Hist\u00f3ria e Hist\u00f3ria da Educa\u00e7\u00e3o. O Debate Te\u00f3rico-Metodol\u00f3gico Atual<\/strong>. Campinas, SP: Autores Associados, 1998, p. 25-49.<br \/>\nRIBEIRO, Maria Lu\u00edsa Santos. <strong>Hist\u00f3ria da Educa\u00e7\u00e3o Brasileira<\/strong>. Campinas, SP: Autores Associados, 1993.<br \/>\nRIBEIRO, Maria Lu\u00edsa Santos. Trajet\u00f3ria Pessoal no Campo da Pesquisa Hist\u00f3rica sobre a Organiza\u00e7\u00e3o Escolar na Sociedade Brasileira. In: SAVIANI, Dermeval; LOMBARDI, Jos\u00e9 Claudinei; SANFELICE, Jos\u00e9 Lu\u00eds (orgs.). <strong>Hist\u00f3ria e Hist\u00f3ria da Educa\u00e7\u00e3o. O Debate Te\u00f3rico-Metodol\u00f3gico Atual<\/strong>. Campinas, SP: Autores Associados, 1998, p. 135-141.<br \/>\nRODRIGUES, Jo\u00e3o Louren\u00e7o. <strong>Um retrospecto: alguns subs\u00eddios para a hist\u00f3ria pragm\u00e1tica do ensino p\u00fablico em S\u00e3o Paulo<\/strong>. S\u00e3o Paulo: Instituto Anna Rosa, 1930.<br \/>\nSAVIANI, Dermeval. Hist\u00f3ria da Escola P\u00fablica no Brasil. In: LOMBARDI, Jos\u00e9 Claudinei; SAVIANI, Dermeval; NASCIMENTO, Maria Isabel Moura (orgs.). <strong>A Escola P\u00fablica no Brasil: Hist\u00f3ria e Historiografia<\/strong>. Campinas, SP: Autores Associados, 2005, p. 1-29.<br \/>\nSCHWARTZMAN, Simon; BOMENY, Helena Maria Bousquet; COSTA, Vanda Maria Ribeiro. <strong>Tempos de Capanema<\/strong>. Rio de Janeiro: Paz e Terra; S\u00e3o Paulo: EDUSP, 1984.<br \/>\nSOUZA, Rosa F\u00e1tima de. <strong>Templos de civiliza\u00e7\u00e3o: a implanta\u00e7\u00e3o da escola prim\u00e1ria graduada no Estado de S\u00e3o Paulo (1890-1910)<\/strong>. S\u00e3o Paulo: Editora da Unesp, 1998.<br \/>\nWARDE, Mirian Jorge. Contribui\u00e7\u00f5es da Hist\u00f3ria para a Educa\u00e7\u00e3o. <strong>Em Aberto<\/strong>, Bras\u00edlia, vol. 9, n. 47, p. 3-11, out.\/dez. 1990.<br \/>\nWARDE, Mirian Jorge. Quest\u00f5es Te\u00f3ricas e de M\u00e9todo: a Hist\u00f3ria da Educa\u00e7\u00e3o nos Marcos de uma Hist\u00f3ria das Disciplinas. In: SAVIANI, Dermeval; LOMBARDI, Jos\u00e9 Claudinei; SANFELICE, Jos\u00e9 Lu\u00eds (orgs.). <strong>Hist\u00f3ria e Hist\u00f3ria da Educa\u00e7\u00e3o. O Debate Te\u00f3rico-Metodol\u00f3gico Atual<\/strong>. Campinas, SP: Autores Associados, 1998, p. 88-99.<\/p>\n<p><strong>Estado e Pol\u00edticas P\u00fablicas em Educa\u00e7\u00e3o<br \/>\n<\/strong><strong>Especifica\u00e7\u00e3o: <\/strong>Disciplina obrigat\u00f3ria da Linha de Pesquisa 3<br \/>\n<strong>N\u00famero de cr\u00e9ditos<\/strong>: 3<br \/>\n<strong>Ementa<\/strong>: Estudo das pol\u00edticas p\u00fablicas em Educa\u00e7\u00e3o como pr\u00e1ticas sociais estabelecidas na rela\u00e7\u00e3o entre educa\u00e7\u00e3o, estado e sociedade, a partir de perspectivas te\u00f3ricas e metodol\u00f3gicas trazidas de diferentes \u00e1reas do conhecimento, considerando os amplos processos de forma\u00e7\u00e3o, os sujeitos envolvidos e os principais problemas contempor\u00e2neos da \u00e1rea, incluindo as reformas educacionais no Pa\u00eds.<br \/>\n<strong>Bibliografia:<br \/>\n<\/strong>ALGEBAILE, Eveline. <strong>Escola p\u00fablica e pobreza no Brasil<\/strong>: a amplia\u00e7\u00e3o para menos. Rio de Janeiro: Lamparina e EDUFRJ, 2009.<br \/>\nARROYO, Miguel G. Pol\u00edticas Educacionais e desigualdades: \u00e0 procura de novos significados<strong>. Educa\u00e7\u00e3o &amp; Sociedade<\/strong>, Campinas\/SP, v. 31, n\u00ba 113, 2010, p. 1381-1416. Dispon\u00edvel em: http:\/\/www.scielo.br\/pdf\/es\/v31n113\/17.pdf<br \/>\nAVRITZER, Leonardo. O p\u00eandulo da democracia no Brasil: uma an\u00e1lise da crise: 2013-2018. <strong>Novos Estudos Cebrap.<\/strong> S\u00e3o Paulo vol.37, n.02, p. 273-289, mai-ago, 2018.<br \/>\nBALL, Stephen J.. Novos estados, nova governan\u00e7a e nova pol\u00edtica educacional. In APPLE, Michael W., BALL, Stephen J.; GANDIN, Lu\u00eds Armando (orgs.). <strong>Sociologia da Educa\u00e7\u00e3o. An\u00e1lise Internacional<\/strong>. Tradu\u00e7\u00e3o Cristina Monteiro. Porto Alegre: Penso, 2013; p.177-189.<br \/>\nBREL\u00c1Z, Gabriela. Advocacy nas Organiza\u00e7\u00f5es da Sociedade Civil: principais descobertas de um estudo comparativo entre Brasil e Estados Unidos. <strong>Anais XXXI EnANPAD<\/strong>, 2007.Dispon\u00edvel em: https:\/\/www.yumpu.com\/pt\/document\/read\/19435842\/1-advocacy-das-organizacoes-da-sociedade-civil-anpad<br \/>\nC\u00c1SSIO, Fernando. (Org.). <strong>Educa\u00e7\u00e3o contra a barb\u00e1rie<\/strong>: por escolas democr\u00e1ticas e pela liberdade de ensinar. S\u00e3o Paulo: Boitempo, 2019.<br \/>\nCURY, C. R.J. Direito \u00e0 Educa\u00e7\u00e3o: direito \u00e0 igualdade, direito \u00e0 diferen\u00e7a. <strong>Cadernos de Pesquisa, <\/strong>n. 116, p. 245-262, julho\/2002. Dispon\u00edvel em: http:\/\/www.scielo.br\/pdf\/cp\/n116\/14405.pdf<br \/>\nDUBET. Francois<strong>? Por qu\u00e9 preferimos la desigualdad? (a\u00fanque digamos lo contrario)<\/strong>. Siglo Veintiuno. 2016.<br \/>\nMAINARDES, J. e MARCONDES, M. J. Entrevista com Stephen Ball: um di\u00e1logo sobre justi\u00e7a social, pesquisa e pol\u00edtica educacional. In: <strong>Revista Educa\u00e7\u00e3o e Sociedade<\/strong>. Campinas, volI. 30, no.106, p.303-318, jan-abril, 2009. Dispon\u00edvel em: http:\/\/www.scielo.br\/pdf\/es\/v30n106\/v30n106a15.pdf<br \/>\nMARTINS, Jos\u00e9 de Souza. <strong>Exclus\u00e3o social e a nova desigualdade.<\/strong> S\u00e3o Paulo: Paulus. 1997.<br \/>\nOLIVEIRA, Dalila e DUARTE, Adriana. Poli\u0301tica educacional como poli\u0301tica social: uma nova regulac\u0327a\u0303o da pobreza. In: Perspectiva, Floriano\u0301polis, v. 23, n. 02, p. 279-301, jul.\/dez. 2005. Dispon\u00edvel em:\u00a0 http:\/\/www.ced.ufsc.br\/nucleos\/nup\/perspectiva.html.<br \/>\nOXFAM. BRASIL. <strong>N\u00f3s e as desigualdades<\/strong>. Pesquisa Oxfam Brasil\/Datafolha. Percep\u00e7\u00f5es sobre desigualdades no Brasil, 2019. Dispon\u00edvel em: https:\/\/oxfam.org.br\/um-retrato-das-desigualdades-brasileiras\/pesquisa-nos-e-as-desigualdades\/pesquisa-nos-e-as-desigualdades-2019\/<br \/>\nOXFAM. BRASIL. <strong>Pa\u00eds estagnado<\/strong>: um retrato das desigualdades brasileiras, 2018. Dispon\u00edvel em: https:\/\/www.oxfam.org.br\/pais-estagnado?utm_source=mailcimp&amp;utm_medium=social&amp;utm_campaign=relatorio_relatoriodesigualdades&amp;utm_content=base-geral&amp;utm_term=emailmarketing_acesse-relatorio_cpc_email-0413<br \/>\nOXFAM. BRASIL. A dist\u00e2ncia que nos une. O retrato das desigualdades brasileiras 2017. Dispon\u00edvel em: https:\/\/oxfam.org.br\/um-retrato-das-desigualdades-brasileiras\/a-distancia-que-nos-une\/<br \/>\nPETERS, Stefan. \u00bfEs posible avanzar hacia la igualdad en\u2028la educaci\u00f3n?\u2028El dilema de las pol\u00edticas educativas de la izquierda en Am\u00e9rica Latina. <strong>Nueva Sociedad <\/strong>no.239, mayo-junio de 2012, p.102-121. Dispon\u00edvel em: www.nuso.org.<br \/>\nSECCHI, Leonardo; COELHO, Fernando de Souza e PIRES, Valdemir. <strong>Pol\u00edticas P\u00fablicas. Conceitos, ca*sos pr\u00e1ticos, quest\u00f5es de concursos<\/strong>. 3a ed. S\u00e3o Paulo, SP: Cengage, 2019. cap. 1, p. 1-20 e\u00a0 cap.3, p.55-92<br \/>\nSILVA J\u00daNIOR, Celestino Alves. A escola p\u00fablica como objeto de estudo. <strong>Revista Pesquisa Qualitativa<\/strong>, S\u00e3o Paulo (SP), v. 4, n. 4, p. 17-29, abr. 2016. Dispon\u00edvel em: https:\/\/editora.sepq.org.br\/index.php\/rpq\/article\/view\/32<br \/>\nSOUZA, Jess\u00e9. <strong>Subcidadania brasileira: para entender o pa\u00eds al\u00e9m do jeitinho brasileiro.<\/strong> Rio de Janeiro: LeYa, 2018.<\/p>\n","protected":false},"excerpt":{"rendered":"<p>Educa\u00e7\u00e3o e Forma\u00e7\u00e3o Especifica\u00e7\u00e3o: Disciplina obrigat\u00f3ria para as tr\u00eas linhas de pesquisa N\u00famero de cr\u00e9ditos: 3 Ementa: A disciplina situa [&hellip;]<\/p>\n","protected":false},"author":1,"featured_media":0,"parent":150,"menu_order":0,"comment_status":"closed","ping_status":"closed","template":"","meta":{"footnotes":""},"_links":{"self":[{"href":"https:\/\/www.unisantos.br\/pos\/wp-json\/wp\/v2\/pages\/3276"}],"collection":[{"href":"https:\/\/www.unisantos.br\/pos\/wp-json\/wp\/v2\/pages"}],"about":[{"href":"https:\/\/www.unisantos.br\/pos\/wp-json\/wp\/v2\/types\/page"}],"author":[{"embeddable":true,"href":"https:\/\/www.unisantos.br\/pos\/wp-json\/wp\/v2\/users\/1"}],"replies":[{"embeddable":true,"href":"https:\/\/www.unisantos.br\/pos\/wp-json\/wp\/v2\/comments?post=3276"}],"version-history":[{"count":3,"href":"https:\/\/www.unisantos.br\/pos\/wp-json\/wp\/v2\/pages\/3276\/revisions"}],"predecessor-version":[{"id":3280,"href":"https:\/\/www.unisantos.br\/pos\/wp-json\/wp\/v2\/pages\/3276\/revisions\/3280"}],"up":[{"embeddable":true,"href":"https:\/\/www.unisantos.br\/pos\/wp-json\/wp\/v2\/pages\/150"}],"wp:attachment":[{"href":"https:\/\/www.unisantos.br\/pos\/wp-json\/wp\/v2\/media?parent=3276"}],"curies":[{"name":"wp","href":"https:\/\/api.w.org\/{rel}","templated":true}]}}