{"id":322,"date":"2018-10-11T10:26:57","date_gmt":"2018-10-11T13:26:57","guid":{"rendered":"https:\/\/www.unisantos.br\/pos\/?page_id=322"},"modified":"2025-03-07T16:55:20","modified_gmt":"2025-03-07T19:55:20","slug":"restauro-do-patrimonio-arquitetonico-e-urbanistico","status":"publish","type":"page","link":"https:\/\/www.unisantos.br\/pos\/lato-sensu\/restauro-do-patrimonio-arquitetonico-e-urbanistico\/","title":{"rendered":"Restauro do Patrim\u00f4nio Arquitet\u00f4nico e Urban\u00edstico"},"content":{"rendered":"<p><strong>PROFESSOR RESPONS\u00c1VEL<br \/>\n<\/strong>Prof. Me. Ricardo Augusto de Mello Granata<\/p>\n<p><strong>CARGA HOR\u00c1RIA<br \/>\n<\/strong>360 horas<\/p>\n<p><strong>IN\u00cdCIO<\/strong><br \/>\nMar\u00e7o\/2025<\/p>\n<p><strong>DIA\/HOR\u00c1RIOS<\/strong><br \/>\nS\u00e1bado: 9h \u00e0s 13h e das 14h \u00e0s 18h<\/p>\n<p><strong>MODALIDADE<br \/>\n<\/strong>EAD com 270 horas de encontros s\u00edncronos, 90 horas de aulas ass\u00edncronas e suporte a recursos em plataforma digital<\/p>\n<p><strong>P\u00daBLICO-ALVO<br \/>\n<\/strong>Profissionais com curso superior interessados na pesquisa e pr\u00e1tica da preserva\u00e7\u00e3o e prote\u00e7\u00e3o do chamado patrim\u00f4nio ambiental urbano &#8211; principalmente arquitetos, engenheiros, historiadores, artistas pl\u00e1sticos, advogados, turism\u00f3logos, administradores, ge\u00f3grafos e educadores. Poder\u00e1 ser admitido o ingresso de alunos portadores de diploma de gradua\u00e7\u00e3o de cursos tecnol\u00f3gicos.<\/p>\n<p><strong>OBJETIVOS<br \/>\n<\/strong>\u2022\u00a0Formar profissionais para o mercado de trabalho, especialistas na prote\u00e7\u00e3o e preserva\u00e7\u00e3o dos bens culturais constru\u00eddos e agregados, assim como de conjuntos urbanos tombados ou n\u00e3o.<br \/>\n\u2022\u00a0Formar especialistas para trabalhar em escrit\u00f3rios ou em \u00f3rg\u00e3os p\u00fablicos, bem como em licita\u00e7\u00f5es que exigem forma\u00e7\u00e3o t\u00e9cnica especializada.<strong>\u00a0<\/strong><\/p>\n<p><strong>INVESTIMENTO<\/strong><br \/>\n16 parcelas de R$ 399<\/p>\n<p><strong>CONTE\u00daDO CURRICULAR<br \/>\n<\/strong>\u2022\u00a0Conceitos B\u00e1sicos sobre Patrim\u00f4nio Cultural<br \/>\n\u2022 Legisla\u00e7\u00e3o de Salvaguarda do Patrim\u00f4nio<br \/>\n\u2022 Hist\u00f3ria da Arquitetura Tradicional Paulista<br \/>\n\u2022 Sistemas Construtivos da Arquitetura Brasileira<br \/>\n\u2022 Metodologia do Invent\u00e1rio do Patrim\u00f4nio Ambiental Urbano I<br \/>\n\u2022 Pesquisa Hist\u00f3rica e An\u00e1lise de Acervos<br \/>\n\u2022 Metodologia do Invent\u00e1rio do Patrim\u00f4nio Ambiental Urbano II<br \/>\n\u2022 Programas de Prote\u00e7\u00e3o e Valoriza\u00e7\u00e3o do Patrim\u00f4nio<br \/>\n\u2022 Teoria e Hist\u00f3ria do Restauro<br \/>\n\u2022 Metodologia de Projetos de Restauro I<br \/>\n\u2022 Arqueologia da Arquitetura<br \/>\n\u2022 Patologia das Constru\u00e7\u00f5es<br \/>\n\u2022 Metodologia de Projetos de Restauro II<br \/>\n\u2022 Tecnologia da Restaura\u00e7\u00e3o<br \/>\n\u2022 Pr\u00e1tica de Projetos e Interven\u00e7\u00e3o no Patrim\u00f4nio Arquitet\u00f4nico e Urban\u00edstico<\/p>\n<p><strong>DIFERENCIAIS<\/strong><br \/>\n\u2022 Curso com base na Regi\u00e3o Metropolitana da Baixada Santista de S\u00e3o Paulo, singular, tanto por sua hist\u00f3ria, quanto por reunir um dos maiores acervos de bens culturais de interesse hist\u00f3rico, arquitet\u00f4nico, ambiental e cultural.<br \/>\n\u2022 Curso dividido em 3 m\u00f3dulos semestrais: Teoria, Investiga\u00e7\u00e3o e Interven\u00e7\u00e3o.<br \/>\n\u2022 Docentes vinculados aos principais \u00f3rg\u00e3os de patrim\u00f4nio brasileiros e mundiais.<\/p>\n<p><strong>OBSERVA\u00c7\u00d5ES<\/strong><br \/>\nA Universidade se reserva o direito de alterar o cronograma e o corpo docente.<br \/>\nDocumenta\u00e7\u00e3o necess\u00e1ria: c\u00f3pias do RG, CPF, certid\u00e3o de nascimento ou casamento e Diploma da Gradua\u00e7\u00e3o ou Certificado de Cola\u00e7\u00e3o de Grau.<br \/>\nA inscri\u00e7\u00e3o presencial s\u00f3 poder\u00e1 ser efetuada pelo interessado no curso, ou por pessoa munida de procura\u00e7\u00e3o autenticada em cart\u00f3rio.<br \/>\nA efetiva\u00e7\u00e3o da matr\u00edcula est\u00e1 condicionada ao pagamento do boleto da 1\u00aa. parcela e entrega da documenta\u00e7\u00e3o exigida.<\/p>\n<p><strong>OUTRAS INFORMA\u00c7\u00d5ES<\/strong><br \/>\nE-mail: atendimentovirtual@unisantos.br<\/p>\n","protected":false},"excerpt":{"rendered":"<p>PROFESSOR RESPONS\u00c1VEL Prof. Me. Ricardo Augusto de Mello Granata CARGA HOR\u00c1RIA 360 horas IN\u00cdCIO Mar\u00e7o\/2025 DIA\/HOR\u00c1RIOS S\u00e1bado: 9h \u00e0s 13h [&hellip;]<\/p>\n","protected":false},"author":1,"featured_media":323,"parent":210,"menu_order":0,"comment_status":"closed","ping_status":"closed","template":"","meta":{"footnotes":""},"_links":{"self":[{"href":"https:\/\/www.unisantos.br\/pos\/wp-json\/wp\/v2\/pages\/322"}],"collection":[{"href":"https:\/\/www.unisantos.br\/pos\/wp-json\/wp\/v2\/pages"}],"about":[{"href":"https:\/\/www.unisantos.br\/pos\/wp-json\/wp\/v2\/types\/page"}],"author":[{"embeddable":true,"href":"https:\/\/www.unisantos.br\/pos\/wp-json\/wp\/v2\/users\/1"}],"replies":[{"embeddable":true,"href":"https:\/\/www.unisantos.br\/pos\/wp-json\/wp\/v2\/comments?post=322"}],"version-history":[{"count":63,"href":"https:\/\/www.unisantos.br\/pos\/wp-json\/wp\/v2\/pages\/322\/revisions"}],"predecessor-version":[{"id":6751,"href":"https:\/\/www.unisantos.br\/pos\/wp-json\/wp\/v2\/pages\/322\/revisions\/6751"}],"up":[{"embeddable":true,"href":"https:\/\/www.unisantos.br\/pos\/wp-json\/wp\/v2\/pages\/210"}],"wp:featuredmedia":[{"embeddable":true,"href":"https:\/\/www.unisantos.br\/pos\/wp-json\/wp\/v2\/media\/323"}],"wp:attachment":[{"href":"https:\/\/www.unisantos.br\/pos\/wp-json\/wp\/v2\/media?parent=322"}],"curies":[{"name":"wp","href":"https:\/\/api.w.org\/{rel}","templated":true}]}}