{"id":3079,"date":"2020-09-24T12:51:54","date_gmt":"2020-09-24T15:51:54","guid":{"rendered":"https:\/\/www.unisantos.br\/pos\/?page_id=3079"},"modified":"2020-09-24T12:54:46","modified_gmt":"2020-09-24T15:54:46","slug":"revista-eletronica-pesquiseduca","status":"publish","type":"page","link":"https:\/\/www.unisantos.br\/pos\/stricto-sensu\/doutorado\/doutorado-em-educacao\/revista-eletronica-pesquiseduca\/","title":{"rendered":"Revista Eletr\u00f4nica PESQUISEDUCA"},"content":{"rendered":"<p>A Revista Eletr\u00f4nica PESQUISEDUCA \u00e9 uma publica\u00e7\u00e3o quadrienal do Programa de P\u00f3s-Gradua\u00e7\u00e3o em Educa\u00e7\u00e3o, da Universidade Cat\u00f3lica de Santos, e tem por objetivo estimular e promover a produ\u00e7\u00e3o e a veicula\u00e7\u00e3o do conhecimento cient\u00edfico resultante de pesquisas, produzido na \u00e1rea da Educa\u00e7\u00e3o, por pesquisadores nacionais e internacionais.<\/p>\n<p>As tem\u00e1ticas est\u00e3o voltadas aos eixos tem\u00e1ticos das Linhas de Pesquisa do Programa de Educa\u00e7\u00e3o da Universidade Cat\u00f3lica de Santos, entre os quais:<br \/>\n&#8211; forma\u00e7\u00e3o de professores;<br \/>\n&#8211; pol\u00edticas educacionais;<br \/>\n&#8211; profissionaliza\u00e7\u00e3o docente;<br \/>\n&#8211; pr\u00e1ticas pedag\u00f3gicas;<br \/>\n&#8211; cultura escolar;<br \/>\n&#8211; modalidades de forma\u00e7\u00e3o e tecnologias digitais de informa\u00e7\u00e3o e comunica\u00e7\u00e3o (TDIC) nos processos formativos;<br \/>\n&#8211; pol\u00edticas e pr\u00e1ticas de preserva\u00e7\u00e3o da mem\u00f3ria e da hist\u00f3ria da educa\u00e7\u00e3o escolar;<br \/>\n&#8211; institui\u00e7\u00f5es educacionais e culturais: e<br \/>\n&#8211; \u00e9tica na forma\u00e7\u00e3o e na pesquisa.<\/p>\n<p><strong>Endere\u00e7o eletr\u00f4nico<br \/>\n<\/strong>http:\/\/periodicos.unisantos.br\/index.php\/pesquiseduca<\/p>\n","protected":false},"excerpt":{"rendered":"<p>A Revista Eletr\u00f4nica PESQUISEDUCA \u00e9 uma publica\u00e7\u00e3o quadrienal do Programa de P\u00f3s-Gradua\u00e7\u00e3o em Educa\u00e7\u00e3o, da Universidade Cat\u00f3lica de Santos, e [&hellip;]<\/p>\n","protected":false},"author":1,"featured_media":0,"parent":51,"menu_order":15,"comment_status":"closed","ping_status":"closed","template":"","meta":{"footnotes":""},"_links":{"self":[{"href":"https:\/\/www.unisantos.br\/pos\/wp-json\/wp\/v2\/pages\/3079"}],"collection":[{"href":"https:\/\/www.unisantos.br\/pos\/wp-json\/wp\/v2\/pages"}],"about":[{"href":"https:\/\/www.unisantos.br\/pos\/wp-json\/wp\/v2\/types\/page"}],"author":[{"embeddable":true,"href":"https:\/\/www.unisantos.br\/pos\/wp-json\/wp\/v2\/users\/1"}],"replies":[{"embeddable":true,"href":"https:\/\/www.unisantos.br\/pos\/wp-json\/wp\/v2\/comments?post=3079"}],"version-history":[{"count":3,"href":"https:\/\/www.unisantos.br\/pos\/wp-json\/wp\/v2\/pages\/3079\/revisions"}],"predecessor-version":[{"id":3082,"href":"https:\/\/www.unisantos.br\/pos\/wp-json\/wp\/v2\/pages\/3079\/revisions\/3082"}],"up":[{"embeddable":true,"href":"https:\/\/www.unisantos.br\/pos\/wp-json\/wp\/v2\/pages\/51"}],"wp:attachment":[{"href":"https:\/\/www.unisantos.br\/pos\/wp-json\/wp\/v2\/media?parent=3079"}],"curies":[{"name":"wp","href":"https:\/\/api.w.org\/{rel}","templated":true}]}}