{"id":307,"date":"2018-10-11T10:20:56","date_gmt":"2018-10-11T13:20:56","guid":{"rendered":"https:\/\/www.unisantos.br\/pos\/?page_id=307"},"modified":"2025-03-07T16:58:11","modified_gmt":"2025-03-07T19:58:11","slug":"mba-em-gestao-portuaria-infraestrutura-logistica-e-negocios","status":"publish","type":"page","link":"https:\/\/www.unisantos.br\/pos\/lato-sensu\/mba-em-gestao-portuaria-infraestrutura-logistica-e-negocios\/","title":{"rendered":"MBA em Gest\u00e3o Portu\u00e1ria &#8211; Infraestrutura, Log\u00edstica e Neg\u00f3cios"},"content":{"rendered":"<p><strong>PROFESSOR RESPONS\u00c1VEL<\/strong><br \/>\nProf. Dr. Rodrigo Luiz Zanethi<\/p>\n<p><strong>CARGA HOR\u00c1RIA<br \/>\n<\/strong>360 horas<\/p>\n<p><strong>IN\u00cdCIO<\/strong><br \/>\nMar\u00e7o\/2025<\/p>\n<p><strong>MODALIDADE<\/strong><br \/>\nEAD com 300 horas de encontros s\u00edncronos, 60 horas de aulas ass\u00edncronas e suporte a recursos em plataforma digital<\/p>\n<p><strong>P\u00daBLICO-ALVO<br \/>\n<\/strong>Empres\u00e1rios, gestores, profissionais com gradua\u00e7\u00e3o em n\u00edvel superior, interessados em gest\u00e3o de empresas portu\u00e1rias e acad\u00eamicos que tenham interesse em se aprofundar nos aspectos empresariais essenciais corporativos, bem como no pr\u00f3prio desenvolvimento profissional.<\/p>\n<p><strong>OBJETIVO<br \/>\n<\/strong>Desenvolver conhecimentos voltados \u00e0 gest\u00e3o portu\u00e1ria, com foco no funcionamento dos portos, na preserva\u00e7\u00e3o do meio ambiente e nas fun\u00e7\u00f5es administrativas, estrat\u00e9gicas e operacionais de empresas ligadas ao porto.<\/p>\n<p><strong>INVESTIMENTO<\/strong><br \/>\n18 parcelas de R$ 349<\/p>\n<p><strong>CONTE\u00daDO<br \/>\n<\/strong>Engenharia da Infraestrutura e Tecnologia Portu\u00e1ria<br \/>\nLog\u00edstica Portu\u00e1ria e Intermodalidade<br \/>\nMarketing Internacional<br \/>\nOrganiza\u00e7\u00e3o e Gest\u00e3o de Transporte Mar\u00edtimo<br \/>\nNeg\u00f3cios Portu\u00e1rios e Com\u00e9rcio Internacional<br \/>\nPlanejamento e Gest\u00e3o Ambiental Portu\u00e1ria<br \/>\nProjeto e Gest\u00e3o de Terminais e Afins<br \/>\nTecnologia de Informa\u00e7\u00f5es Portu\u00e1rias<br \/>\nTransporte Ferrovi\u00e1rio e o Porto<br \/>\nGest\u00e3o de Recursos Humanos em Ambiente Portu\u00e1rio<br \/>\nGest\u00e3o de Seguran\u00e7a e Sa\u00fade no Trabalho Portu\u00e1rio<br \/>\nLegisla\u00e7\u00e3o Aduaneira e Portu\u00e1ria<br \/>\nPlanejamento e Desenvolvimento Portu\u00e1rio<\/p>\n<p><strong>OBSERVA\u00c7\u00d5ES<\/strong><br \/>\nA Universidade se reserva o direito de alterar o cronograma e o corpo docente.<br \/>\nDocumenta\u00e7\u00e3o necess\u00e1ria: c\u00f3pias do RG, CPF, certid\u00e3o de nascimento ou casamento e Diploma da Gradua\u00e7\u00e3o ou Certificado de Cola\u00e7\u00e3o de Grau.<br \/>\nA inscri\u00e7\u00e3o presencial s\u00f3 poder\u00e1 ser efetuada pelo interessado no curso, ou por pessoa munida de procura\u00e7\u00e3o autenticada em cart\u00f3rio.<br \/>\nA efetiva\u00e7\u00e3o da matr\u00edcula est\u00e1 condicionada ao pagamento do boleto da 1\u00aa. parcela e entrega da documenta\u00e7\u00e3o exigida.<\/p>\n<p><strong>OUTRAS INFORMA\u00c7\u00d5ES<\/strong><br \/>\nE-mail: atendimentovirtual@unisantos.br<\/p>\n","protected":false},"excerpt":{"rendered":"<p>PROFESSOR RESPONS\u00c1VEL Prof. Dr. Rodrigo Luiz Zanethi CARGA HOR\u00c1RIA 360 horas IN\u00cdCIO Mar\u00e7o\/2025 MODALIDADE EAD com 300 horas de encontros [&hellip;]<\/p>\n","protected":false},"author":1,"featured_media":308,"parent":210,"menu_order":0,"comment_status":"closed","ping_status":"closed","template":"","meta":{"footnotes":""},"_links":{"self":[{"href":"https:\/\/www.unisantos.br\/pos\/wp-json\/wp\/v2\/pages\/307"}],"collection":[{"href":"https:\/\/www.unisantos.br\/pos\/wp-json\/wp\/v2\/pages"}],"about":[{"href":"https:\/\/www.unisantos.br\/pos\/wp-json\/wp\/v2\/types\/page"}],"author":[{"embeddable":true,"href":"https:\/\/www.unisantos.br\/pos\/wp-json\/wp\/v2\/users\/1"}],"replies":[{"embeddable":true,"href":"https:\/\/www.unisantos.br\/pos\/wp-json\/wp\/v2\/comments?post=307"}],"version-history":[{"count":34,"href":"https:\/\/www.unisantos.br\/pos\/wp-json\/wp\/v2\/pages\/307\/revisions"}],"predecessor-version":[{"id":6759,"href":"https:\/\/www.unisantos.br\/pos\/wp-json\/wp\/v2\/pages\/307\/revisions\/6759"}],"up":[{"embeddable":true,"href":"https:\/\/www.unisantos.br\/pos\/wp-json\/wp\/v2\/pages\/210"}],"wp:featuredmedia":[{"embeddable":true,"href":"https:\/\/www.unisantos.br\/pos\/wp-json\/wp\/v2\/media\/308"}],"wp:attachment":[{"href":"https:\/\/www.unisantos.br\/pos\/wp-json\/wp\/v2\/media?parent=307"}],"curies":[{"name":"wp","href":"https:\/\/api.w.org\/{rel}","templated":true}]}}