{"id":304,"date":"2018-10-11T10:19:44","date_gmt":"2018-10-11T13:19:44","guid":{"rendered":"https:\/\/www.unisantos.br\/pos\/?page_id=304"},"modified":"2023-01-23T22:49:51","modified_gmt":"2023-01-24T01:49:51","slug":"mba-em-gestao-estrategica-de-recursos-humanos","status":"publish","type":"page","link":"https:\/\/www.unisantos.br\/pos\/lato-sensu\/mba-em-gestao-estrategica-de-recursos-humanos\/","title":{"rendered":"MBA em Gest\u00e3o Estrat\u00e9gica de Recursos Humanos"},"content":{"rendered":"<p><strong>Coordenadora:<\/strong> Prof\u00aa. Me. Rita de C\u00e1ssia Zaher Rosa Paul<\/p>\n<p><strong>Carga hor\u00e1ria: <\/strong>360h, sendo 168h EaD s\u00edncronos e 192h EaD\u00a0ass\u00edncronos.<\/p>\n<p><strong>Modalidade<\/strong>: EaD<\/p>\n<p><strong>In\u00edcio das aulas:<\/strong> 14 de <span style=\"font-weight: 400;\">mar\u00e7o <\/span> de 2023<\/p>\n<p><strong>Hor\u00e1rio:\u00a0<\/strong>Encontros s\u00edncronos ser\u00e3o \u00e0s ter\u00e7as e quintas-feiras, das 19h \u00e0s 22h40<\/p>\n<p><b>Dura\u00e7\u00e3o<\/b><strong>\u00a0do curso: <\/strong>Mar\u00e7o a dezembro de 2023<\/p>\n<p><strong>Objetivos<br \/>\n<\/strong>\u2022 Aprofundar conhecimentos para atuar na gest\u00e3o de pessoas nas organiza\u00e7\u00f5es, diante da competitividade do mercado de trabalho e da competitividade empresarial.<br \/>\n\u2022 Especializar profissionais com vis\u00e3o global e din\u00e2mica do ambiente empresarial, com vistas a descentralizar a Administra\u00e7\u00e3o de RH e adequ\u00e1-la aos novos paradigmas da arquitetura estrat\u00e9gica organizacional no gerenciamento de pessoas.<br \/>\n\u2022 Desenvolver compet\u00eancias para a atua\u00e7\u00e3o estrat\u00e9gica na gest\u00e3o de pessoas, por meio do conhecimento das t\u00e9cnicas de constru\u00e7\u00e3o do plano de carreira nas organiza\u00e7\u00f5es.<br \/>\n\u2022 Ampliar conhecimentos sobre a realidade das organiza\u00e7\u00f5es, bem como a compreens\u00e3o das equipes de profissionais, com vistas a aumentar a produtividade e a competitividade das organiza\u00e7\u00f5es.<br \/>\n\u2022 Desenvolver conhecimentos de an\u00e1lise, interpreta\u00e7\u00e3o e articula\u00e7\u00e3o de dados e informa\u00e7\u00f5es, em conson\u00e2ncia com a cultura da empresa, para o alcance dos objetivos organizacionais.<br \/>\n\u2022 Desenvolver compet\u00eancias emocionais, a fim de identificar e motivar lideran\u00e7as para a integra\u00e7\u00e3o organizacional.<br \/>\n\u2022 Contribuir para ampliar o conhecimento de temas atuais sobre gest\u00e3o e comunica\u00e7\u00e3o estrat\u00e9gica.<\/p>\n<p><strong>P\u00fablico-alvo<\/strong>:\u00a0Empres\u00e1rios, gestores e profissionais interessados em gest\u00e3o de recursos humanos, em n\u00edvel estrat\u00e9gico nas organiza\u00e7\u00f5es, bem como no pr\u00f3prio desenvolvimento profissional.<\/p>\n<p><strong>Conte\u00fado Curricular<br \/>\n<\/strong>Qualidade de Vida e Psicologia Positiva nas Organiza\u00e7\u00f5es<br \/>\nGest\u00e3o de Mudan\u00e7as e Cultura Organizacional<br \/>\nT\u00f3picos Especiais em Gest\u00e3o de Pessoas<br \/>\nGest\u00e3o Estrat\u00e9gica e Sustentabilidade<br \/>\nRecrutamento e Sele\u00e7\u00e3o de Talentos<br \/>\nTreinamento e Desenvolvimento de Talentos<br \/>\nInova\u00e7\u00e3o e Jogos de Empresas<br \/>\nComunica\u00e7\u00e3o Empresarial Estrat\u00e9gica<br \/>\nGest\u00e3o de Pessoas e Lideran\u00e7a<br \/>\nEstrat\u00e9gia de Remunera\u00e7\u00e3o e Benef\u00edcios<br \/>\nLaborat\u00f3rio Vivencial de Conviv\u00eancia Empresarial<br \/>\nComportamento Humano nas Organiza\u00e7\u00f5es<br \/>\nLegisla\u00e7\u00e3o Trabalhista<\/p>\n<p><em>Os cursos de Especializa\u00e7\u00e3o\/MBA da Universidade Cat\u00f3lica de Santos atendem \u00e0 normativa vigente sobre os Cursos de P\u00f3s-gradua\u00e7\u00e3o Lato Sensu, a <strong>Resolu\u00e7\u00e3o CNE-CES 1<\/strong>, de 6 de abril de 2018, bem como as Diretrizes Curriculares Nacionais para a Educa\u00e7\u00e3o em Direitos Humanos e para a Educa\u00e7\u00e3o Ambiental. Eles\u00a0foram constru\u00eddos em conson\u00e2ncia com as novas pol\u00edticas p\u00fablicas nacionais para os Cursos de P\u00f3s-gradua\u00e7\u00e3o Lato Sensu,\u00a0que visam estabelecer um padr\u00e3o superior de qualidade para a forma\u00e7\u00e3o de especialistas.<\/em><\/p>\n<p><strong>Benef\u00edcios<br \/>\n<\/strong>A UniSantos oferece os seguintes benef\u00edcios (*):<br \/>\n\u2022\u00a0<strong>Bolsa\u00a0Ex-aluno para P\u00f3s-Gradua\u00e7\u00e3o\u00a0<em>Lato Sensu<\/em><\/strong>: 25% de desconto para ex-alunos da Cat\u00f3lica de Santos (curso de Gradua\u00e7\u00e3o conclu\u00eddo).<br \/>\n\u2022\u00a0<strong>Bolsa\u00a0Empresas Conveniadas<\/strong>: descontos vari\u00e1veis para funcion\u00e1rios de empresas conveniadas.\u00a0<strong><a href=\"https:\/\/www.unisantos.br\/convenio-com-empresas\/\">Confira a\u00a0rela\u00e7\u00e3o<\/a><br \/>\n<\/strong>\u2022 <strong>Bolsa Escolas Conveniadas<\/strong>: descontos vari\u00e1veis para professores de escolas conveniadas.<br \/>\n\u2022\u00a0<strong>Bolsa\u00a0Fideliza\u00e7\u00e3o Familiar<\/strong>: 20% para estudante que possua v\u00ednculo de parentesco (c\u00f4njuges, pais e filhos, ou irm\u00e3os) com formados na Universidade, ou com estudantes com matr\u00edcula ativa em cursos de Gradua\u00e7\u00e3o, Especializa\u00e7\u00e3o ou <em>Stricto Sensu<\/em>\u00a0da UniSantos, concomitantemente; ou ainda, num desses e na educa\u00e7\u00e3o b\u00e1sica do Liceu Santista, concomitantemente.<br \/>\n(*) Alguns descontos n\u00e3o se aplicam \u00e0 matr\u00edcula.<\/p>\n<p><strong style=\"line-height: 1.5em;\">Setor de Atendimento<br \/>\n<\/strong><strong><em>Campus<\/em> Dom Id\u00edlio Jos\u00e9 Soares<br \/>\n<\/strong><strong>Endere\u00e7o<\/strong>: Av. Conselheiro N\u00e9bias, 300 \u2013 Vila Mathias, Santos<br \/>\n<strong style=\"line-height: 1.5em;\">Telefone<\/strong><span style=\"line-height: 1.5em;\">: 3205-5555 &#8211; ramal 1388<br \/>\n<strong>Hor\u00e1rios<\/strong>: Segunda a sexta, das 9h \u00e0s 21h, e s\u00e1bado, das 9h \u00e0s 16h.<\/span><\/p>\n<p><strong>Observa\u00e7\u00f5es<br \/>\n<\/strong>\u2022 A Universidade se reserva o direito de alterar o cronograma e o corpo docente.<br \/>\n\u2022 Documenta\u00e7\u00e3o necess\u00e1ria para quem n\u00e3o \u00e9 aluno da Cat\u00f3lica de Santos: c\u00f3pias do RG, CPF, Certid\u00e3o de Nascimento ou Casamento, diploma (autenticado) e Curriculum Vitae (resumido).<br \/>\n\u2022\u00a0A matr\u00edcula pode ser feita independentemente da entrega dos documentos, mas s\u00f3 ser\u00e1 validada depois que eles forem apresentados.<br \/>\n\u2022 A inscri\u00e7\u00e3o presencial s\u00f3 poder\u00e1 ser efetuada pelo interessado no curso, ou por pessoa munida de procura\u00e7\u00e3o autenticada em cart\u00f3rio.<br \/>\n\u2022 A efetiva\u00e7\u00e3o da matr\u00edcula est\u00e1 condicionada ao pagamento do boleto da 1\u00aa. parcela e entrega da documenta\u00e7\u00e3o exigida.<\/p>\n","protected":false},"excerpt":{"rendered":"<p>Coordenadora: Prof\u00aa. Me. Rita de C\u00e1ssia Zaher Rosa Paul Carga hor\u00e1ria: 360h, sendo 168h EaD s\u00edncronos e 192h EaD\u00a0ass\u00edncronos. Modalidade: [&hellip;]<\/p>\n","protected":false},"author":1,"featured_media":305,"parent":210,"menu_order":0,"comment_status":"closed","ping_status":"closed","template":"","meta":{"footnotes":""},"_links":{"self":[{"href":"https:\/\/www.unisantos.br\/pos\/wp-json\/wp\/v2\/pages\/304"}],"collection":[{"href":"https:\/\/www.unisantos.br\/pos\/wp-json\/wp\/v2\/pages"}],"about":[{"href":"https:\/\/www.unisantos.br\/pos\/wp-json\/wp\/v2\/types\/page"}],"author":[{"embeddable":true,"href":"https:\/\/www.unisantos.br\/pos\/wp-json\/wp\/v2\/users\/1"}],"replies":[{"embeddable":true,"href":"https:\/\/www.unisantos.br\/pos\/wp-json\/wp\/v2\/comments?post=304"}],"version-history":[{"count":45,"href":"https:\/\/www.unisantos.br\/pos\/wp-json\/wp\/v2\/pages\/304\/revisions"}],"predecessor-version":[{"id":4859,"href":"https:\/\/www.unisantos.br\/pos\/wp-json\/wp\/v2\/pages\/304\/revisions\/4859"}],"up":[{"embeddable":true,"href":"https:\/\/www.unisantos.br\/pos\/wp-json\/wp\/v2\/pages\/210"}],"wp:featuredmedia":[{"embeddable":true,"href":"https:\/\/www.unisantos.br\/pos\/wp-json\/wp\/v2\/media\/305"}],"wp:attachment":[{"href":"https:\/\/www.unisantos.br\/pos\/wp-json\/wp\/v2\/media?parent=304"}],"curies":[{"name":"wp","href":"https:\/\/api.w.org\/{rel}","templated":true}]}}