{"id":3018,"date":"2020-09-01T10:45:24","date_gmt":"2020-09-01T13:45:24","guid":{"rendered":"https:\/\/www.unisantos.br\/pos\/?page_id=3018"},"modified":"2023-01-03T21:27:34","modified_gmt":"2023-01-04T00:27:34","slug":"mediacao-empresarial-in-pocket","status":"publish","type":"page","link":"https:\/\/www.unisantos.br\/pos\/qualificacao\/mediacao-empresarial-in-pocket\/","title":{"rendered":"Media\u00e7\u00e3o Empresarial &#8216;In Pocket&#8217;"},"content":{"rendered":"<p><strong>CARGA HOR\u00c1RIA<\/strong><br \/>\n12 h\/a<\/p>\n<p><strong>LOCAL<\/strong><br \/>\nMedia\u00e7\u00e3o digital<\/p>\n<p><strong>OBJETIVOS<br \/>\n<\/strong>&#8211; Compreender a media\u00e7\u00e3o empresarial como forma criativa de solu\u00e7\u00e3o de conflitos;<br \/>\n&#8211; Refletir sobre a import\u00e2ncia da media\u00e7\u00e3o no ambiente empresarial;<br \/>\n&#8211; Conhecer as principais t\u00e9cnicas e ferramentas empregadas;<br \/>\n&#8211; Compreender a import\u00e2ncia da Comunica\u00e7\u00e3o como ferramenta de equaliza\u00e7\u00e3o na negocia\u00e7\u00e3o dos conflitos empresariais;<br \/>\n<span style=\"font-weight: 400;\">&#8211; Conhecer a Media\u00e7\u00e3o Empresarial On-line e a LGPD (Lei\u00a0n\u00ba. 13.709\/18).<\/span><\/p>\n<p><strong>P\u00daBLICO-ALVO<\/strong><br \/>\nAdvogados, membros da Magistratura e do Minist\u00e9rio P\u00fablico, promotores, gestores de recursos humanos, administradores, psic\u00f3logos, assistentes sociais, contadores, estudantes e demais interessados. Alunos de gradua\u00e7\u00e3o e p\u00f3s-gradua\u00e7\u00e3o de institui\u00e7\u00f5es de ensino superior.<\/p>\n<p><strong>CONTE\u00daDO<br \/>\n<\/strong>O que \u00e9 Media\u00e7\u00e3o? Diferen\u00e7as existentes entre Concilia\u00e7\u00e3o e Arbitragem<br \/>\nEscolas: Modelo de Harvard; a Media\u00e7\u00e3o Transformativa e o Modelo Circular-Narrativo<br \/>\nMedia\u00e7\u00e3o nos conflitos empresariais: media\u00e7\u00e3o intraorganizacional e interempresarial. Conflitos societ\u00e1rios<br \/>\nCaixa de ferramentas de media\u00e7\u00e3o I<br \/>\nCaixa de ferramentas de media\u00e7\u00e3o II<br \/>\nA import\u00e2ncia da Comunica\u00e7\u00e3o na Negocia\u00e7\u00e3o Empresarial<br \/>\nMedia\u00e7\u00e3o Empresarial Digital e a Lei Geral de Prote\u00e7\u00e3o de Dados<\/p>\n<p><strong>OBSERVA\u00c7\u00d5ES<\/strong><br \/>\nA Universidade se reserva o direito de alterar o cronograma e o corpo docente.<br \/>\nDocumenta\u00e7\u00e3o necess\u00e1ria para quem n\u00e3o \u00e9 aluno da Cat\u00f3lica de Santos: c\u00f3pias do RG, CPF, certid\u00e3o de nascimento ou casamento.<br \/>\nA inscri\u00e7\u00e3o presencial s\u00f3 poder\u00e1 ser efetuada pelo interessado no curso, ou por pessoa munida de procura\u00e7\u00e3o autenticada em cart\u00f3rio.<br \/>\nA efetiva\u00e7\u00e3o da matr\u00edcula est\u00e1 condicionada ao pagamento do boleto da 1\u00aa. parcela e entrega da documenta\u00e7\u00e3o exigida.<\/p>\n<p><strong>OUTRAS INFORMA\u00c7\u00d5ES<br \/>\n<\/strong>Departamento de Atendimento Integrado<br \/>\nTelefone: (13) 3205-5555<br \/>\nE-mail: dat@unisantos.br<\/p>\n","protected":false},"excerpt":{"rendered":"<p>CARGA HOR\u00c1RIA 12 h\/a LOCAL Media\u00e7\u00e3o digital OBJETIVOS &#8211; Compreender a media\u00e7\u00e3o empresarial como forma criativa de solu\u00e7\u00e3o de conflitos; [&hellip;]<\/p>\n","protected":false},"author":1,"featured_media":0,"parent":399,"menu_order":0,"comment_status":"closed","ping_status":"closed","template":"","meta":{"footnotes":""},"_links":{"self":[{"href":"https:\/\/www.unisantos.br\/pos\/wp-json\/wp\/v2\/pages\/3018"}],"collection":[{"href":"https:\/\/www.unisantos.br\/pos\/wp-json\/wp\/v2\/pages"}],"about":[{"href":"https:\/\/www.unisantos.br\/pos\/wp-json\/wp\/v2\/types\/page"}],"author":[{"embeddable":true,"href":"https:\/\/www.unisantos.br\/pos\/wp-json\/wp\/v2\/users\/1"}],"replies":[{"embeddable":true,"href":"https:\/\/www.unisantos.br\/pos\/wp-json\/wp\/v2\/comments?post=3018"}],"version-history":[{"count":19,"href":"https:\/\/www.unisantos.br\/pos\/wp-json\/wp\/v2\/pages\/3018\/revisions"}],"predecessor-version":[{"id":4687,"href":"https:\/\/www.unisantos.br\/pos\/wp-json\/wp\/v2\/pages\/3018\/revisions\/4687"}],"up":[{"embeddable":true,"href":"https:\/\/www.unisantos.br\/pos\/wp-json\/wp\/v2\/pages\/399"}],"wp:attachment":[{"href":"https:\/\/www.unisantos.br\/pos\/wp-json\/wp\/v2\/media?parent=3018"}],"curies":[{"name":"wp","href":"https:\/\/api.w.org\/{rel}","templated":true}]}}