{"id":292,"date":"2018-10-11T10:07:49","date_gmt":"2018-10-11T13:07:49","guid":{"rendered":"https:\/\/www.unisantos.br\/pos\/?page_id=292"},"modified":"2020-12-17T13:47:06","modified_gmt":"2020-12-17T16:47:06","slug":"gestao-de-operacoes-e-logistica-com-enfase-em-simulacao","status":"publish","type":"page","link":"https:\/\/www.unisantos.br\/pos\/lato-sensu\/gestao-de-operacoes-e-logistica-com-enfase-em-simulacao\/","title":{"rendered":"Gest\u00e3o de Opera\u00e7\u00f5es e Log\u00edstica com \u00canfase em Simula\u00e7\u00e3o"},"content":{"rendered":"<p><strong>COORDENADOR<\/strong><br \/>\nProf. Dr. Ricardo Kenji Oi<\/p>\n<p><strong>CARGA HOR\u00c1RIA<\/strong><br \/>\n360 horas<\/p>\n<p><b>MODALIDADE<\/b><br \/>\nPresencial<\/p>\n<p><strong>LOCAL<\/strong><br \/>\nCampus Dom Id\u00edlio Jos\u00e9 Soares<\/p>\n<p><strong>OBJETIVOS<br \/>\n<\/strong>Especializar profissionais capacitados para identificar, formular e solucionar problemas ligados \u00e0s atividades de gest\u00e3o de opera\u00e7\u00f5es e log\u00edstica.<br \/>\nEspecializar profissionais para planejar, projetar e gerenciar sistemas produtivos e de log\u00edstica com aplica\u00e7\u00e3o de t\u00e9cnicas de simula\u00e7\u00e3o computacional.<\/p>\n<p><strong>P\u00daBLICO-ALVO<br \/>\n<\/strong>Empres\u00e1rios, gestores e profissionais interessados em aplicar a simula\u00e7\u00e3o computacional nas \u00e1reas de gest\u00e3o de opera\u00e7\u00f5es e log\u00edstica com gradua\u00e7\u00e3o em n\u00edvel superior.<\/p>\n<p><b>CONTE\u00daDO CURRICULAR<br \/>\n<\/b>Log\u00edstica e Cadeia de Suprimentos<br \/>\nTransporte e Armazenagem de Materiais<br \/>\nT\u00f3picos Avan\u00e7ados em Log\u00edstica<br \/>\nGest\u00e3o da Produ\u00e7\u00e3o<br \/>\nGest\u00e3o de Recursos Produtivos<br \/>\nPrevis\u00e3o da Demanda e Planejamento da Produ\u00e7\u00e3o<br \/>\nM\u00e9todos Quantitativos<br \/>\nProcessos Estoc\u00e1sticos Aplicados \u00e0 Gest\u00e3o<br \/>\nM\u00e9todos de Pesquisa Operacional<br \/>\nDesenvolvimento Gerencial e de Lideran\u00e7a<br \/>\nGest\u00e3o Estrat\u00e9gica e Qualidade<br \/>\nGest\u00e3o Econ\u00f4mica e de Custos<br \/>\nModelagem Computacional<br \/>\nProjetos de Simula\u00e7\u00e3o<br \/>\nPlanejamento de F\u00e1bricas<b><br \/>\n<\/b><\/p>\n<p><em>Os cursos de Especializa\u00e7\u00e3o\/MBA da Universidade Cat\u00f3lica de Santos atendem \u00e0 normativa vigente sobre os Cursos de P\u00f3s-gradua\u00e7\u00e3o Lato Sensu, a <strong>Resolu\u00e7\u00e3o CNE-CES 1<\/strong>, de 6 de abril de 2018, bem como as Diretrizes Curriculares Nacionais para a Educa\u00e7\u00e3o em Direitos Humanos e para a Educa\u00e7\u00e3o Ambiental. Eles\u00a0foram constru\u00eddos em conson\u00e2ncia com as novas pol\u00edticas p\u00fablicas nacionais para os Cursos de P\u00f3s-gradua\u00e7\u00e3o Lato Sensu,\u00a0que visam estabelecer um padr\u00e3o superior de qualidade para a forma\u00e7\u00e3o de especialistas.<\/em><\/p>\n<p><strong>BENEF\u00cdCIOS (*)<\/strong><\/p>\n<p>\u2022\u00a0<strong>Bolsa\u00a0Ex-aluno para P\u00f3s-Gradua\u00e7\u00e3o\u00a0<em>Lato Sensu<\/em><\/strong>: 25% de desconto para ex-alunos da Cat\u00f3lica de Santos (curso de Gradua\u00e7\u00e3o conclu\u00eddo).<br \/>\n\u2022\u00a0<strong>Bolsa\u00a0Empresas Conveniadas<\/strong>: descontos vari\u00e1veis para funcion\u00e1rios de empresas conveniadas.\u00a0<strong><a href=\"https:\/\/www.unisantos.br\/convenio-com-empresas\/\">Confira a\u00a0rela\u00e7\u00e3o<\/a><br \/>\n<\/strong>\u2022 <strong>Bolsa Escolas Conveniadas<\/strong>: descontos vari\u00e1veis para professores de escolas conveniadas.<br \/>\n\u2022\u00a0<strong>Bolsa\u00a0Fideliza\u00e7\u00e3o Familiar<\/strong>: 20% para estudante que possua v\u00ednculo de parentesco (c\u00f4njuges, pais e filhos, ou irm\u00e3os) com formados na Universidade, ou com estudantes com matr\u00edcula ativa em cursos de Gradua\u00e7\u00e3o, Especializa\u00e7\u00e3o ou <em>Stricto Sensu<\/em>\u00a0da UniSantos, concomitantemente; ou ainda, num desses e na educa\u00e7\u00e3o b\u00e1sica do Liceu Santista, concomitantemente.<\/p>\n<p>(*) Alguns descontos n\u00e3o se aplicam \u00e0 matr\u00edcula.<\/p>\n<p><strong style=\"line-height: 1.5em;\">SETOR DE ATENDIMENTO<\/strong><\/p>\n<p><strong><em>Campus<\/em> Dom Id\u00edlio Jos\u00e9 Soares<br \/>\n<\/strong><strong>Endere\u00e7o<\/strong>: Av. Conselheiro N\u00e9bias, 300 \u2013 Vila Mathias, Santos<br \/>\n<strong style=\"line-height: 1.5em;\">Telefone<\/strong><span style=\"line-height: 1.5em;\">: 3205-5555 &#8211; ramal 1388<br \/>\n<strong>Hor\u00e1rios<\/strong>: Segunda a sexta, das 9h \u00e0s 21h, e s\u00e1bado, das 9h \u00e0s 16h.<\/span><\/p>\n<p><strong>Observa\u00e7\u00f5es<br \/>\n<\/strong><\/p>\n<p>\u2022 A Universidade se reserva o direito de alterar o cronograma e o corpo docente.<br \/>\n\u2022 Documenta\u00e7\u00e3o necess\u00e1ria para quem n\u00e3o \u00e9 aluno da Cat\u00f3lica de Santos: c\u00f3pias do RG, CPF, Certid\u00e3o de Nascimento ou Casamento, diploma (autenticado) e Curriculum Vitae (resumido).<br \/>\n\u2022\u00a0A matr\u00edcula pode ser feita independentemente da entrega dos documentos, mas s\u00f3 ser\u00e1 validada depois que eles forem apresentados.<br \/>\n\u2022 A inscri\u00e7\u00e3o presencial s\u00f3 poder\u00e1 ser efetuada pelo interessado no curso, ou por pessoa munida de procura\u00e7\u00e3o autenticada em cart\u00f3rio.<br \/>\n\u2022 A efetiva\u00e7\u00e3o da matr\u00edcula est\u00e1 condicionada ao pagamento do boleto da 1\u00aa. parcela e entrega da documenta\u00e7\u00e3o exigida.<\/p>\n<p>&nbsp;<\/p>\n","protected":false},"excerpt":{"rendered":"<p>COORDENADOR Prof. Dr. Ricardo Kenji Oi CARGA HOR\u00c1RIA 360 horas MODALIDADE Presencial LOCAL Campus Dom Id\u00edlio Jos\u00e9 Soares OBJETIVOS Especializar [&hellip;]<\/p>\n","protected":false},"author":1,"featured_media":293,"parent":210,"menu_order":0,"comment_status":"closed","ping_status":"closed","template":"","meta":{"footnotes":""},"_links":{"self":[{"href":"https:\/\/www.unisantos.br\/pos\/wp-json\/wp\/v2\/pages\/292"}],"collection":[{"href":"https:\/\/www.unisantos.br\/pos\/wp-json\/wp\/v2\/pages"}],"about":[{"href":"https:\/\/www.unisantos.br\/pos\/wp-json\/wp\/v2\/types\/page"}],"author":[{"embeddable":true,"href":"https:\/\/www.unisantos.br\/pos\/wp-json\/wp\/v2\/users\/1"}],"replies":[{"embeddable":true,"href":"https:\/\/www.unisantos.br\/pos\/wp-json\/wp\/v2\/comments?post=292"}],"version-history":[{"count":14,"href":"https:\/\/www.unisantos.br\/pos\/wp-json\/wp\/v2\/pages\/292\/revisions"}],"predecessor-version":[{"id":3187,"href":"https:\/\/www.unisantos.br\/pos\/wp-json\/wp\/v2\/pages\/292\/revisions\/3187"}],"up":[{"embeddable":true,"href":"https:\/\/www.unisantos.br\/pos\/wp-json\/wp\/v2\/pages\/210"}],"wp:featuredmedia":[{"embeddable":true,"href":"https:\/\/www.unisantos.br\/pos\/wp-json\/wp\/v2\/media\/293"}],"wp:attachment":[{"href":"https:\/\/www.unisantos.br\/pos\/wp-json\/wp\/v2\/media?parent=292"}],"curies":[{"name":"wp","href":"https:\/\/api.w.org\/{rel}","templated":true}]}}