{"id":283,"date":"2018-10-11T10:04:33","date_gmt":"2018-10-11T13:04:33","guid":{"rendered":"https:\/\/www.unisantos.br\/pos\/?page_id=283"},"modified":"2020-12-17T13:39:19","modified_gmt":"2020-12-17T16:39:19","slug":"educacao-musical","status":"publish","type":"page","link":"https:\/\/www.unisantos.br\/pos\/lato-sensu\/educacao-musical\/","title":{"rendered":"Educa\u00e7\u00e3o Musical"},"content":{"rendered":"<p><b>COORDENADOR<br \/>\n<\/b>Prof. Dr. Antonio Eduardo Santos<\/p>\n<p><strong>CARGA HOR\u00c1RIA<br \/>\n<\/strong>390 horas<\/p>\n<p><b>MODALIDADE<\/b><br \/>\nPresencial<\/p>\n<p><b>LOCAL<\/b><br \/>\nCampus Dom Id\u00edlio Jos\u00e9 Soares<\/p>\n<p><strong>OBJETIVOS<br \/>\n<\/strong>\u2022 Possibilitar ao discente o desenvolvimento de postura reflexiva e atitude cr\u00edtica frente ao ensino da m\u00fasica, para uma atua\u00e7\u00e3o efetiva no campo da pedagogia musical.<br \/>\n\u2022\u00a0Promover a compreens\u00e3o do papel do educador musical na realidade educacional brasileira.<br \/>\n\u2022\u00a0Orientar as atividades do educador musical em dire\u00e7\u00e3o aos estudos interdisciplinares.<br \/>\n\u2022\u00a0Integrar os conhecimentos te\u00f3ricos \u00e0s situa\u00e7\u00f5es pr\u00e1ticas de ensino-aprendizagem.<br \/>\n\u2022\u00a0Apresentar um panorama da pluralidade musical brasileira, a partir da segunda metade do s\u00e9culo XX, tendo como refer\u00eancia o Movimento M\u00fasica Nova.<br \/>\n\u2022\u00a0Incentivar o desenvolvimento de habilidades no \u00e2mbito do ensino e da pesquisa, a fim de ampliar a produ\u00e7\u00e3o acad\u00eamica na \u00e1rea da pedagogia musical, bem como na \u00e1rea da educa\u00e7\u00e3o musical associada \u00e0 M\u00fasica Nova.<\/p>\n<p><strong><strong>P\u00daBLICO-ALVO<br \/>\n<\/strong><\/strong>Graduados em licenciatura e\/ou bacharelado em M\u00fasica, Arte, Pedagogia e \u00e1reas afins que almejem aprofundar seus estudos na \u00e1rea do Ensino de M\u00fasica.<\/p>\n<p><strong>CONTE\u00daDO CURRICULAR DE FORMA\u00c7\u00c3O ESPEC\u00cdFICA<br \/>\n<\/strong>A Did\u00e1tica Musical como Mecanismo de Reflex\u00e3o e Transforma\u00e7\u00e3o Social<br \/>\nMetodologias de Educa\u00e7\u00e3o Musical<br \/>\nT\u00f3picos Avan\u00e7ados em Teoria da M\u00fasica<br \/>\nForma\u00e7\u00e3o de Grupos Musicais: Conjuntos Vocais<br \/>\nForma\u00e7\u00e3o de Grupos Musicais: Conjuntos Instrumentais<br \/>\nM\u00fasica e Express\u00f5es Culturais na Contemporaneidade<br \/>\nM\u00fasica e Literatura: a Pr\u00e1tica da Cria\u00e7\u00e3o Musical em Sala de Aula<br \/>\nO Embate entre Teoria e Pr\u00e1tica Musicais: seus resultantes no ensino-aprendizagem instrumental<br \/>\nO Sentido da Transmodernidade: a m\u00fasica de Gilberto Mendes<br \/>\nT\u00f3picos Especiais em Educa\u00e7\u00e3o Musical: um panorama atual<br \/>\nTrabalho de Conclus\u00e3o de Curso<\/p>\n<p><strong>CONTE\u00daDO CURRICULAR DE FORMA\u00c7\u00c3O COMPLEMENTAR<\/strong><br \/>\nM\u00e9todos e T\u00e9cnicas de Pesquisa I, II e III<\/p>\n<p><strong>CONTATO<\/strong><br \/>\nDepartamento de Atendimento Integrado<br \/>\nTelefones: (13) 3205-5555 &#8211; ramal 1354<br \/>\nE-mail: dat@unisantos.br<\/p>\n<p><em>Os cursos de Especializa\u00e7\u00e3o\/MBA da Cat\u00f3lica de Santos atendem a normativa vigente sobre os Cursos de P\u00f3s-gradua\u00e7\u00e3o Lato Sensu, a Resolu\u00e7\u00e3o CNE-CES 1\/2007, bem como as Diretrizes Curriculares Nacionais para a Educa\u00e7\u00e3o em Direitos Humanos e para a Educa\u00e7\u00e3o Ambiental. Eles\u00a0foram constru\u00eddos em conson\u00e2ncia com as novas pol\u00edticas p\u00fablicas nacionais para os Cursos de P\u00f3s-gradua\u00e7\u00e3o Lato Sensu,\u00a0que visam estabelecer um padr\u00e3o superior de qualidade para a forma\u00e7\u00e3o de especialistas.<\/em><\/p>\n<p><strong>BENEF\u00cdCIOS (*)<\/strong><br \/>\n\u2022\u00a0Bolsa\u00a0Ex-aluno para P\u00f3s-Gradua\u00e7\u00e3o\u00a0<em>Lato Sensu<\/em>: 25% de desconto para ex-alunos da Cat\u00f3lica de Santos (curso conclu\u00eddo).<br \/>\n\u2022\u00a0Bolsa\u00a0Empresas Conveniadas: descontos vari\u00e1veis para funcion\u00e1rios de empresas conveniadas.<br \/>\n\u2022\u00a0Bolsa\u00a0Fideliza\u00e7\u00e3o Familiar: 20% para cada familiar (c\u00f4njuges, pais e filhos, e irm\u00e3os)\u00a0de estudantes ativos em cursos de gradua\u00e7\u00e3o, especializa\u00e7\u00e3o ou\u00a0<em>stricto sensu<\/em>\u00a0da Cat\u00f3lica de Santos, concomitantemente, ou ainda, num desses e na educa\u00e7\u00e3o b\u00e1sica do Liceu Santista, concomitantemente.<br \/>\n(*) O desconto n\u00e3o\u00a0incide sobre a matr\u00edcula.<\/p>\n<p><strong><strong><strong>Observa\u00e7\u00f5es<\/strong><\/strong><br \/>\n<\/strong>\u2022 A Universidade se reserva o direito de alterar o cronograma e o corpo docente.<br \/>\n\u2022 Documenta\u00e7\u00e3o necess\u00e1ria para quem n\u00e3o \u00e9 aluno da Cat\u00f3lica de Santos: c\u00f3pias do RG, CPF, Certid\u00e3o de Nascimento ou Casamento, diploma (autenticado) e Curriculum Vitae (resumido).<br \/>\n\u2022\u00a0A matr\u00edcula pode ser feita independentemente da entrega dos documentos, mas s\u00f3 ser\u00e1 validada depois que eles forem apresentados.<br \/>\n\u2022 A inscri\u00e7\u00e3o presencial s\u00f3 poder\u00e1 ser efetuada pelo interessado no curso, ou por pessoa munida de procura\u00e7\u00e3o autenticada em cart\u00f3rio.<br \/>\n\u2022 A efetiva\u00e7\u00e3o da matr\u00edcula est\u00e1 condicionada ao pagamento do boleto da 1\u00aa. parcela e entrega da documenta\u00e7\u00e3o exigida.<\/p>\n<p><strong>\u00a0<\/strong><\/p>\n","protected":false},"excerpt":{"rendered":"<p>COORDENADOR Prof. Dr. Antonio Eduardo Santos CARGA HOR\u00c1RIA 390 horas MODALIDADE Presencial LOCAL Campus Dom Id\u00edlio Jos\u00e9 Soares OBJETIVOS \u2022 [&hellip;]<\/p>\n","protected":false},"author":1,"featured_media":284,"parent":210,"menu_order":0,"comment_status":"closed","ping_status":"closed","template":"","meta":{"footnotes":""},"_links":{"self":[{"href":"https:\/\/www.unisantos.br\/pos\/wp-json\/wp\/v2\/pages\/283"}],"collection":[{"href":"https:\/\/www.unisantos.br\/pos\/wp-json\/wp\/v2\/pages"}],"about":[{"href":"https:\/\/www.unisantos.br\/pos\/wp-json\/wp\/v2\/types\/page"}],"author":[{"embeddable":true,"href":"https:\/\/www.unisantos.br\/pos\/wp-json\/wp\/v2\/users\/1"}],"replies":[{"embeddable":true,"href":"https:\/\/www.unisantos.br\/pos\/wp-json\/wp\/v2\/comments?post=283"}],"version-history":[{"count":3,"href":"https:\/\/www.unisantos.br\/pos\/wp-json\/wp\/v2\/pages\/283\/revisions"}],"predecessor-version":[{"id":3181,"href":"https:\/\/www.unisantos.br\/pos\/wp-json\/wp\/v2\/pages\/283\/revisions\/3181"}],"up":[{"embeddable":true,"href":"https:\/\/www.unisantos.br\/pos\/wp-json\/wp\/v2\/pages\/210"}],"wp:featuredmedia":[{"embeddable":true,"href":"https:\/\/www.unisantos.br\/pos\/wp-json\/wp\/v2\/media\/284"}],"wp:attachment":[{"href":"https:\/\/www.unisantos.br\/pos\/wp-json\/wp\/v2\/media?parent=283"}],"curies":[{"name":"wp","href":"https:\/\/api.w.org\/{rel}","templated":true}]}}