{"id":2797,"date":"2020-04-15T21:44:33","date_gmt":"2020-04-16T00:44:33","guid":{"rendered":"https:\/\/www.unisantos.br\/pos\/?page_id=2797"},"modified":"2023-01-03T21:26:59","modified_gmt":"2023-01-04T00:26:59","slug":"laboratorio-de-ciencias-criminais","status":"publish","type":"page","link":"https:\/\/www.unisantos.br\/pos\/qualificacao\/laboratorio-de-ciencias-criminais\/","title":{"rendered":"Laborat\u00f3rio de Ci\u00eancias Criminais"},"content":{"rendered":"<p><strong>CARGA HOR\u00c1RIA<\/strong><br \/>\n42 h\/a<\/p>\n<p><strong>OBJETIVO<\/strong><br \/>\nO Laborat\u00f3rio de Ci\u00eancias Criminais tem como objetivo a forma\u00e7\u00e3o de pesquisadores e profissionais gabaritados, contribuindo para a amplia\u00e7\u00e3o do conhecimento do fen\u00f4meno criminal e seus efeitos sociais; consequentemente, com a humaniza\u00e7\u00e3o das rela\u00e7\u00f5es sociais, enxergadas sob o vi\u00e9s da pacifica\u00e7\u00e3o social. O Laborat\u00f3rio auxilia na intera\u00e7\u00e3o dial\u00f3gica do processo de ensino, de sorte a contribuir, de forma eficiente, para a forma\u00e7\u00e3o dos alunos.<\/p>\n<p><strong>P\u00daBLICO-ALVO<\/strong><br \/>\nEstudantes do 3\u00ba. ao 10\u00ba. semestre da Faculdade de Direito da UniSantos<\/p>\n<p><strong>CONTE\u00daDO<br \/>\n<\/strong>Aula Inaugural<br \/>\nDignidade Humana<br \/>\nDireitos Humanos<br \/>\nProte\u00e7\u00e3o Constitucional dos Direitos Fundamentais<br \/>\nExecu\u00e7\u00e3o Penal<br \/>\nAspectos atuais<br \/>\nA Criminologia e a Pol\u00edtica de Drogas<br \/>\nSistema Socioeducativo Juvenil<br \/>\nLei 13.964\/19 (Pacote Anticrime) Altera\u00e7\u00f5es Penais<br \/>\nLei 13.964\/19 (Pacote Anticrime) Cadeia de Cust\u00f3dia das Provas<br \/>\nLei 13.964\/19 (Pacote Anticrime). Acordo de n\u00e3o persecu\u00e7\u00e3o Penal<br \/>\nLei 13.964\/19 (Pacote Anticrime). Ju\u00edzo das Garantias<br \/>\nAs Finalidades das Penas no Direito Penal<br \/>\nProte\u00e7\u00e3o Penal ao Meio Ambiente<br \/>\nDireito Penal e M\u00eddia<br \/>\nProcesso Penal: Princ\u00edpios Constitucionais e Direitos Fundamentais<br \/>\nInqu\u00e9rito Policial. Teoria e Pr\u00e1tica<br \/>\nJ\u00fari<br \/>\nMedidas Cautelares \u2013 Pris\u00e3o Processual<br \/>\nPresun\u00e7\u00e3o de Inoc\u00eancia<br \/>\nProvas Il\u00edcitas<br \/>\nLei 13.964\/19 (Pacote Anticrime). Arquivamento do Procedimento Investigat\u00f3rio Criminal<br \/>\nTeoria Geral do Delito. Aspectos Atuais<br \/>\nLiberdade, Sociedade e Culpabilidade<\/p>\n<p><strong>OBSERVA\u00c7\u00d5ES<\/strong><br \/>\nA Universidade se reserva o direito de alterar o cronograma e o corpo docente.<br \/>\nDocumenta\u00e7\u00e3o necess\u00e1ria para quem n\u00e3o \u00e9 aluno da Cat\u00f3lica de Santos: c\u00f3pias do RG, CPF, certid\u00e3o de nascimento ou casamento.<br \/>\nA inscri\u00e7\u00e3o presencial s\u00f3 poder\u00e1 ser efetuada pelo interessado no curso, ou por pessoa munida de procura\u00e7\u00e3o autenticada em cart\u00f3rio.<br \/>\nA efetiva\u00e7\u00e3o da matr\u00edcula est\u00e1 condicionada ao pagamento do boleto da 1\u00aa. parcela e entrega da documenta\u00e7\u00e3o exigida.<\/p>\n<p><strong>OUTRAS INFORMA\u00c7\u00d5ES<br \/>\n<\/strong>Departamento de Atendimento Integrado<br \/>\nTelefone: (13) 3205-5555<br \/>\nE-mail: dat@unisantos.br<\/p>\n","protected":false},"excerpt":{"rendered":"<p>CARGA HOR\u00c1RIA 42 h\/a OBJETIVO O Laborat\u00f3rio de Ci\u00eancias Criminais tem como objetivo a forma\u00e7\u00e3o de pesquisadores e profissionais gabaritados, [&hellip;]<\/p>\n","protected":false},"author":1,"featured_media":0,"parent":399,"menu_order":0,"comment_status":"closed","ping_status":"closed","template":"","meta":{"footnotes":""},"_links":{"self":[{"href":"https:\/\/www.unisantos.br\/pos\/wp-json\/wp\/v2\/pages\/2797"}],"collection":[{"href":"https:\/\/www.unisantos.br\/pos\/wp-json\/wp\/v2\/pages"}],"about":[{"href":"https:\/\/www.unisantos.br\/pos\/wp-json\/wp\/v2\/types\/page"}],"author":[{"embeddable":true,"href":"https:\/\/www.unisantos.br\/pos\/wp-json\/wp\/v2\/users\/1"}],"replies":[{"embeddable":true,"href":"https:\/\/www.unisantos.br\/pos\/wp-json\/wp\/v2\/comments?post=2797"}],"version-history":[{"count":8,"href":"https:\/\/www.unisantos.br\/pos\/wp-json\/wp\/v2\/pages\/2797\/revisions"}],"predecessor-version":[{"id":4686,"href":"https:\/\/www.unisantos.br\/pos\/wp-json\/wp\/v2\/pages\/2797\/revisions\/4686"}],"up":[{"embeddable":true,"href":"https:\/\/www.unisantos.br\/pos\/wp-json\/wp\/v2\/pages\/399"}],"wp:attachment":[{"href":"https:\/\/www.unisantos.br\/pos\/wp-json\/wp\/v2\/media?parent=2797"}],"curies":[{"name":"wp","href":"https:\/\/api.w.org\/{rel}","templated":true}]}}